{"id":10581,"date":"2025-05-05T11:26:46","date_gmt":"2025-05-05T09:26:46","guid":{"rendered":"https:\/\/www.kunstfuerangeln.de\/katja-ruge-fotografi-musik"},"modified":"2026-03-14T11:42:28","modified_gmt":"2026-03-14T10:42:28","slug":"katja-ruge-fotografi-musik","status":"publish","type":"page","link":"https:\/\/www.kunstfuerangeln.de\/da\/katja-ruge-fotografi-musik","title":{"rendered":"KATJA RUGE FOTOGRAFI &amp; MUSIK"},"content":{"rendered":"\n<h1 class=\"wp-block-heading\">ELECTRIC LIGHTS &#8211; kvinder i elektronisk musik<\/h1>\n\n<h2 class=\"wp-block-heading has-text-color has-link-color wp-elements-3e8ec826df5f4b74a14a5c9847f2e329\" style=\"color:#e62220\">FOTOKUNST AF KATJA RUGE P\u00c5 KUNST F\u00dcR ANGELN e.V.<br \/><\/h2>\n\n<p>Den <strong>28. september 2025<\/strong> \u00e5bnede Roosen-Trinks Collection i samarbejde med <strong>KUNST F\u00dcR ANGELN e.V.<\/strong> en ekstraordin\u00e6r udstilling: Under titlen <strong><em><strong><em>&#8220;<\/em><\/strong> Elektrisk lys &#8211; kvinder i elektronisk musik&#8221;<\/em><\/strong> viste den internationalt anerkendte fotograf <strong>Katja Ruge<\/strong> sine seneste v\u00e6rker.<\/p>\n\n<h2 class=\"wp-block-heading has-medium-font-size\"><strong>Fotografi m\u00f8der popkultur<\/strong><\/h2>\n\n<p>Katja Ruge anses for at v\u00e6re en af de mest indflydelsesrige fotografer p\u00e5 den tyske musikscene. Hendes ikoniske portr\u00e6tter bev\u00e6ger sig mellem pop og subkultur, \u00e6stetik og intimitet. I hendes v\u00e6rker m\u00f8der vi internationale kunstnere som <strong>Bj\u00f6rk, Peaches, M.I.A., Helena Hauff, \u00c2me<\/strong> og <strong>DJ Koze<\/strong> &#8211; fanget i \u00f8jeblikke, der r\u00e6kker langt ud over overfladen.<\/p>\n\n<h2 class=\"wp-block-heading has-medium-font-size\"><strong>F\u00f8rste udstilling i Nordtyskland<\/strong><\/h2>\n\n<p>For f\u00f8rste gang blev Ruges v\u00e6rker udstillet i den nordligste region i Tyskland, i Angeln i Slesvig-Holsten &#8211; et s\u00e6rligt \u00f8jeblik for kunst- og musikelskere. <br \/>Udstillingen var \u00e5ben for offentligheden p\u00e5 WITTKIELHOF fra 28. september til 19. oktober 2025.<\/p>\n\n<h2 class=\"wp-block-heading has-medium-font-size\"><strong><\/strong><strong>Om Katja Ruge<\/strong><\/h2>\n\n<p>Katja Ruge er uddannet fotolaborant og har senere arbejdet som musikpromotor, art director, DJ og producer, og hun bringer en unik forst\u00e5else af musik og visuel historiefort\u00e6lling ind i sin fotografering. P\u00e5virket af klub- og ravekulturen i Manchester i 90&#8217;erne kombinerer hendes v\u00e6rker teknisk dygtighed med indlevelse og en skarp fornemmelse for hovedpersonernes personlighed.<\/p>\n\n<p>Samler og kurator Ingrid Roosen-Trinks: &#8220;Vi er stolte af at kunne pr\u00e6sentere denne alsidige kunstner med hendes enest\u00e5ende fotografiske portr\u00e6tter af karismatiske kvinder fra den elektroniske musikscene her i Norden! Katja Ruges fotografier er allerede blevet vist i magasiner som <strong>Musikexpress, Rolling Stone, Groove<\/strong> og <strong>Missy Magazine<\/strong>, i bogprojekter som <em>Fotoreportage23<\/em> og i succesfulde serier som <em>Ladyflash<\/em>. I \u00f8jeblikket arbejder hun ogs\u00e5 som kurator for <strong>MOMEM &#8211; Museum of Modern Electronic Music<\/strong> i Frankfurt\/Main. Hun forbereder ogs\u00e5 forestillinger i planetarier i Hamborg og Berlin.  <br \/><\/p>\n\n<figure class=\"wp-block-gallery has-nested-images columns-default is-cropped wp-block-gallery-1 is-layout-flex wp-block-gallery-is-layout-flex\">\n<figure class=\"wp-block-image size-large\"><img loading=\"lazy\" decoding=\"async\" width=\"683\" height=\"1024\" data-id=\"8911\" src=\"https:\/\/www.kunstfuerangeln.de\/wp-content\/uploads\/2025\/05\/unnamed-1-683x1024.jpg\" alt=\"\" class=\"wp-image-8911\" srcset=\"https:\/\/www.kunstfuerangeln.de\/wp-content\/uploads\/2025\/05\/unnamed-1-683x1024.jpg 683w, https:\/\/www.kunstfuerangeln.de\/wp-content\/uploads\/2025\/05\/unnamed-1-200x300.jpg 200w, https:\/\/www.kunstfuerangeln.de\/wp-content\/uploads\/2025\/05\/unnamed-1-768x1152.jpg 768w, https:\/\/www.kunstfuerangeln.de\/wp-content\/uploads\/2025\/05\/unnamed-1-1024x1536.jpg 1024w, https:\/\/www.kunstfuerangeln.de\/wp-content\/uploads\/2025\/05\/unnamed-1-1365x2048.jpg 1365w, https:\/\/www.kunstfuerangeln.de\/wp-content\/uploads\/2025\/05\/unnamed-1-scaled.jpg 1707w\" sizes=\"auto, (max-width: 683px) 100vw, 683px\" \/><\/figure>\n\n\n\n<figure class=\"wp-block-image size-large\"><img loading=\"lazy\" decoding=\"async\" width=\"683\" height=\"1024\" data-id=\"8913\" src=\"https:\/\/www.kunstfuerangeln.de\/wp-content\/uploads\/2025\/05\/unnamed-1-1-683x1024.jpg\" alt=\"\" class=\"wp-image-8913\" srcset=\"https:\/\/www.kunstfuerangeln.de\/wp-content\/uploads\/2025\/05\/unnamed-1-1-683x1024.jpg 683w, https:\/\/www.kunstfuerangeln.de\/wp-content\/uploads\/2025\/05\/unnamed-1-1-200x300.jpg 200w, https:\/\/www.kunstfuerangeln.de\/wp-content\/uploads\/2025\/05\/unnamed-1-1-768x1152.jpg 768w, https:\/\/www.kunstfuerangeln.de\/wp-content\/uploads\/2025\/05\/unnamed-1-1-1024x1536.jpg 1024w, https:\/\/www.kunstfuerangeln.de\/wp-content\/uploads\/2025\/05\/unnamed-1-1-1365x2048.jpg 1365w, https:\/\/www.kunstfuerangeln.de\/wp-content\/uploads\/2025\/05\/unnamed-1-1-scaled.jpg 1707w\" sizes=\"auto, (max-width: 683px) 100vw, 683px\" \/><\/figure>\n<\/figure>\n\n<figure class=\"wp-block-image size-large\"><img loading=\"lazy\" decoding=\"async\" width=\"1024\" height=\"683\" src=\"https:\/\/www.kunstfuerangeln.de\/wp-content\/uploads\/2025\/05\/unnamed-2-1024x683.jpg\" alt=\"\" class=\"wp-image-8915\" srcset=\"https:\/\/www.kunstfuerangeln.de\/wp-content\/uploads\/2025\/05\/unnamed-2-1024x683.jpg 1024w, https:\/\/www.kunstfuerangeln.de\/wp-content\/uploads\/2025\/05\/unnamed-2-300x200.jpg 300w, https:\/\/www.kunstfuerangeln.de\/wp-content\/uploads\/2025\/05\/unnamed-2-768x512.jpg 768w, https:\/\/www.kunstfuerangeln.de\/wp-content\/uploads\/2025\/05\/unnamed-2-1536x1024.jpg 1536w, https:\/\/www.kunstfuerangeln.de\/wp-content\/uploads\/2025\/05\/unnamed-2-2048x1365.jpg 2048w\" sizes=\"auto, (max-width: 1024px) 100vw, 1024px\" \/><\/figure>\n\n<blockquote class=\"wp-block-quote is-layout-flow wp-block-quote-is-layout-flow\">\n<p>Kunstnere:<br \/>JakoJako<br \/>Nadia Struiwigh<br \/>Akua<\/p>\n<\/blockquote>\n\n\n","protected":false},"excerpt":{"rendered":"<p>ELECTRIC LIGHTS &#8211; kvinder i elektronisk musik FOTOKUNST AF KATJA RUGE P\u00c5 KUNST F\u00dcR ANGELN e.V. Den 28. september 2025 \u00e5bnede Roosen-Trinks Collection i samarbejde med KUNST F\u00dcR ANGELN e.V. en ekstraordin\u00e6r udstilling: Under titlen &#8220; Elektrisk lys &#8211; kvinder i elektronisk musik&#8221; viste den internationalt anerkendte fotograf Katja Ruge sine seneste v\u00e6rker. Fotografi m\u00f8der [&hellip;]<\/p>\n","protected":false},"author":7,"featured_media":0,"parent":0,"menu_order":0,"comment_status":"closed","ping_status":"closed","template":"","meta":{"_acf_changed":false,"footnotes":""},"class_list":["post-10581","page","type-page","status-publish","hentry"],"acf":[],"_links":{"self":[{"href":"https:\/\/www.kunstfuerangeln.de\/da\/wp-json\/wp\/v2\/pages\/10581","targetHints":{"allow":["GET"]}}],"collection":[{"href":"https:\/\/www.kunstfuerangeln.de\/da\/wp-json\/wp\/v2\/pages"}],"about":[{"href":"https:\/\/www.kunstfuerangeln.de\/da\/wp-json\/wp\/v2\/types\/page"}],"author":[{"embeddable":true,"href":"https:\/\/www.kunstfuerangeln.de\/da\/wp-json\/wp\/v2\/users\/7"}],"replies":[{"embeddable":true,"href":"https:\/\/www.kunstfuerangeln.de\/da\/wp-json\/wp\/v2\/comments?post=10581"}],"version-history":[{"count":1,"href":"https:\/\/www.kunstfuerangeln.de\/da\/wp-json\/wp\/v2\/pages\/10581\/revisions"}],"predecessor-version":[{"id":10586,"href":"https:\/\/www.kunstfuerangeln.de\/da\/wp-json\/wp\/v2\/pages\/10581\/revisions\/10586"}],"wp:attachment":[{"href":"https:\/\/www.kunstfuerangeln.de\/da\/wp-json\/wp\/v2\/media?parent=10581"}],"curies":[{"name":"wp","href":"https:\/\/api.w.org\/{rel}","templated":true}]}}