{"id":10588,"date":"2025-04-22T22:30:54","date_gmt":"2025-04-22T20:30:54","guid":{"rendered":"https:\/\/www.kunstfuerangeln.de\/boernene-er-stjernerne"},"modified":"2026-03-25T19:04:39","modified_gmt":"2026-03-25T18:04:39","slug":"boernene-er-stjernerne","status":"publish","type":"page","link":"https:\/\/www.kunstfuerangeln.de\/da\/boernene-er-stjernerne","title":{"rendered":"B\u00f8rnene er stjernerne"},"content":{"rendered":"\n<h1 class=\"wp-block-heading\">The Kids are the stars<\/h1>\n\n\n\n<div class=\"wp-block-columns is-layout-flex wp-container-core-columns-is-layout-9d6595d7 wp-block-columns-is-layout-flex\">\n<div class=\"wp-block-column is-layout-flow wp-block-column-is-layout-flow\">\n<figure class=\"wp-block-video\"><video height=\"640\" style=\"aspect-ratio: 360 \/ 640;\" width=\"360\" controls src=\"https:\/\/www.kunstfuerangeln.de\/wp-content\/uploads\/2025\/10\/Kinderkunstausstellung-Storytelling48.mov\"><\/video><\/figure>\n\n\n\n<p><em><a href=\"https:\/\/www.facebook.com\/share\/r\/1BjD1XSsc9\/?mibextid=wwXIfr\" target=\"_blank\" rel=\"noreferrer noopener\">Kilde<\/a><\/em><\/p>\n<\/div>\n\n\n\n<div class=\"wp-block-column is-layout-flow wp-block-column-is-layout-flow\">\n<p class=\"has-medium-font-size\">&#8220;The Kids are the Stars!&#8221; &#8211; var titlen p\u00e5 den st\u00f8rste b\u00f8rnekunstudstilling i Tyskland, som \u00e5bnede den 28. september 2020. Kunst f\u00fcr Angeln pr\u00e6senterede mere end 400 kreative mesterv\u00e6rker af b\u00f8rn i alderen 2(!) til 14 \u00e5r!<\/p>\n\n\n\n<p class=\"has-medium-font-size\">Vi har udstillet resultaterne af vores udl\u00e5n til b\u00f8rnehaver og skoler samt vores kunstnerworkshops i vores efter\u00e5rsudstilling p\u00e5 400 kvadratmeter i WITTKIELHOF.  <br \/><\/p>\n\n\n\n<p class=\"has-medium-font-size\">Udstillingens kurator var kunstneren Henrik Becker.<\/p>\n<\/div>\n<\/div>\n\n\n\n<div class=\"wp-block-columns is-layout-flex wp-container-core-columns-is-layout-9d6595d7 wp-block-columns-is-layout-flex\">\n<div class=\"wp-block-column is-layout-flow wp-block-column-is-layout-flow\">\n<div class=\"wp-block-buttons is-layout-flex wp-block-buttons-is-layout-flex\">\n<div class=\"wp-block-button is-style-outline is-style-outline--1\"><a class=\"wp-block-button__link wp-element-button\" href=\"https:\/\/www.kunstfuerangeln.de\/wp-content\/uploads\/2025\/08\/PM_KfA_KKC_12_8_25.pdf\">pressemeddelelse<\/a><\/div>\n<\/div>\n<\/div>\n\n\n\n<div class=\"wp-block-column is-layout-flow wp-block-column-is-layout-flow\">\n<div class=\"wp-block-buttons is-layout-flex wp-block-buttons-is-layout-flex\">\n<div class=\"wp-block-button is-style-outline is-style-outline--2\"><a class=\"wp-block-button__link wp-element-button\" href=\"https:\/\/www.ndr.de\/fernsehen\/sendungen\/schleswig-holstein_magazin\/deutschlands-groesste-kinderkunst-ausstellung-eroeffnet-in-wittkiel,shmag-3184.html\">NDR-RAPPORT<\/a><\/div>\n<\/div>\n<\/div>\n<\/div>\n\n\n\n<hr class=\"wp-block-separator has-alpha-channel-opacity\"\/>\n\n\n\n<div style=\"height:20px\" aria-hidden=\"true\" class=\"wp-block-spacer\"><\/div>\n\n\n\n<h1 class=\"wp-block-heading\" id=\"aufmerksam\">B\u00f8rnene er stjernerne &#8211; Hvorfor b\u00f8rnekunst fortjener vores fulde opm\u00e6rksomhed<\/h1>\n\n\n\n<p>I forbindelse med \u00e5bningen af Tysklands st\u00f8rste b\u00f8rnekunstudstilling den 28. september udgav non-profit organisationen Kunst f\u00fcr Angeln e.V. en s\u00e6rlig bog:<strong>&#8220;The Kids are the Stars &#8211; Why Children&#8217;s Art Deserves Our Full Attention<\/strong>&#8221; (<strong>B\u00f8rnene er stjernerne &#8211; hvorfor b\u00f8rnekunst fortjener vores fulde opm\u00e6rksomhed<\/strong>). Publikationen er dedikeret til den dybe betydning af b\u00f8rns kreativitet og viser p\u00e5 imponerende vis, hvorfor det er vigtigt at give b\u00f8rn uhindret adgang til kunstneriske udtryk og plads til deres fantasi fra en tidlig alder. <\/p>\n\n\n\n<div class=\"wp-block-columns is-layout-flex wp-container-core-columns-is-layout-9d6595d7 wp-block-columns-is-layout-flex\">\n<div class=\"wp-block-column is-layout-flow wp-block-column-is-layout-flow\">\n <div id=\"slider-block_2ce322501f34d3071306c41b2c937d98\" class=\"swiper-container-wrapper slider\">\n <div class=\"swiper-container\" data-spalten=\"1\" data-autoplay=\"1\" data-delay=\"4000\">\n    <div class=\"swiper-wrapper\">\n      \n\n <div id=\"slide-block_6ecc3ff6020e1e2acc81a815b6089f58\" class=\"swiper-slide slide\">\n    \n\n<figure class=\"wp-block-image size-large\"><img loading=\"lazy\" decoding=\"async\" width=\"773\" height=\"1024\" src=\"https:\/\/www.kunstfuerangeln.de\/wp-content\/uploads\/2025\/10\/slider_KIDS-1-773x1024.jpg\" alt=\"\" class=\"wp-image-9421\" srcset=\"https:\/\/www.kunstfuerangeln.de\/wp-content\/uploads\/2025\/10\/slider_KIDS-1-773x1024.jpg 773w, https:\/\/www.kunstfuerangeln.de\/wp-content\/uploads\/2025\/10\/slider_KIDS-1-226x300.jpg 226w, https:\/\/www.kunstfuerangeln.de\/wp-content\/uploads\/2025\/10\/slider_KIDS-1-768x1018.jpg 768w, https:\/\/www.kunstfuerangeln.de\/wp-content\/uploads\/2025\/10\/slider_KIDS-1-1159x1536.jpg 1159w, https:\/\/www.kunstfuerangeln.de\/wp-content\/uploads\/2025\/10\/slider_KIDS-1-1545x2048.jpg 1545w, https:\/\/www.kunstfuerangeln.de\/wp-content\/uploads\/2025\/10\/slider_KIDS-1.jpg 1571w\" sizes=\"auto, (max-width: 773px) 100vw, 773px\" \/><\/figure>\n\n<\/div>\n\n\n\n <div id=\"slide-block_6ecc3ff6020e1e2acc81a815b6089f58\" class=\"swiper-slide slide\">\n    \n\n<figure class=\"wp-block-image size-large\"><img loading=\"lazy\" decoding=\"async\" width=\"773\" height=\"1024\" src=\"https:\/\/www.kunstfuerangeln.de\/wp-content\/uploads\/2025\/10\/slider_KIDS-2-773x1024.jpg\" alt=\"\" class=\"wp-image-9423\" srcset=\"https:\/\/www.kunstfuerangeln.de\/wp-content\/uploads\/2025\/10\/slider_KIDS-2-773x1024.jpg 773w, https:\/\/www.kunstfuerangeln.de\/wp-content\/uploads\/2025\/10\/slider_KIDS-2-226x300.jpg 226w, https:\/\/www.kunstfuerangeln.de\/wp-content\/uploads\/2025\/10\/slider_KIDS-2-768x1018.jpg 768w, https:\/\/www.kunstfuerangeln.de\/wp-content\/uploads\/2025\/10\/slider_KIDS-2-1159x1536.jpg 1159w, https:\/\/www.kunstfuerangeln.de\/wp-content\/uploads\/2025\/10\/slider_KIDS-2-1545x2048.jpg 1545w, https:\/\/www.kunstfuerangeln.de\/wp-content\/uploads\/2025\/10\/slider_KIDS-2.jpg 1571w\" sizes=\"auto, (max-width: 773px) 100vw, 773px\" \/><\/figure>\n\n<\/div>\n\n\n\n <div id=\"slide-block_6ecc3ff6020e1e2acc81a815b6089f58\" class=\"swiper-slide slide\">\n    \n\n<figure class=\"wp-block-image size-large\"><img loading=\"lazy\" decoding=\"async\" width=\"773\" height=\"1024\" src=\"https:\/\/www.kunstfuerangeln.de\/wp-content\/uploads\/2025\/10\/slider_KIDS-3-773x1024.jpg\" alt=\"\" class=\"wp-image-9425\" srcset=\"https:\/\/www.kunstfuerangeln.de\/wp-content\/uploads\/2025\/10\/slider_KIDS-3-773x1024.jpg 773w, https:\/\/www.kunstfuerangeln.de\/wp-content\/uploads\/2025\/10\/slider_KIDS-3-226x300.jpg 226w, https:\/\/www.kunstfuerangeln.de\/wp-content\/uploads\/2025\/10\/slider_KIDS-3-768x1018.jpg 768w, https:\/\/www.kunstfuerangeln.de\/wp-content\/uploads\/2025\/10\/slider_KIDS-3-1159x1536.jpg 1159w, https:\/\/www.kunstfuerangeln.de\/wp-content\/uploads\/2025\/10\/slider_KIDS-3-1545x2048.jpg 1545w, https:\/\/www.kunstfuerangeln.de\/wp-content\/uploads\/2025\/10\/slider_KIDS-3.jpg 1571w\" sizes=\"auto, (max-width: 773px) 100vw, 773px\" \/><\/figure>\n\n<\/div>\n\n\n\n <div id=\"slide-block_6ecc3ff6020e1e2acc81a815b6089f58\" class=\"swiper-slide slide\">\n    \n\n<figure class=\"wp-block-image size-large\"><img loading=\"lazy\" decoding=\"async\" width=\"773\" height=\"1024\" src=\"https:\/\/www.kunstfuerangeln.de\/wp-content\/uploads\/2025\/10\/slider_KIDS-4-773x1024.jpg\" alt=\"\" class=\"wp-image-9427\" srcset=\"https:\/\/www.kunstfuerangeln.de\/wp-content\/uploads\/2025\/10\/slider_KIDS-4-773x1024.jpg 773w, https:\/\/www.kunstfuerangeln.de\/wp-content\/uploads\/2025\/10\/slider_KIDS-4-226x300.jpg 226w, https:\/\/www.kunstfuerangeln.de\/wp-content\/uploads\/2025\/10\/slider_KIDS-4-768x1018.jpg 768w, https:\/\/www.kunstfuerangeln.de\/wp-content\/uploads\/2025\/10\/slider_KIDS-4-1159x1536.jpg 1159w, https:\/\/www.kunstfuerangeln.de\/wp-content\/uploads\/2025\/10\/slider_KIDS-4-1545x2048.jpg 1545w, https:\/\/www.kunstfuerangeln.de\/wp-content\/uploads\/2025\/10\/slider_KIDS-4.jpg 1571w\" sizes=\"auto, (max-width: 773px) 100vw, 773px\" \/><\/figure>\n\n<\/div>\n\n\n\n <div id=\"slide-block_6ecc3ff6020e1e2acc81a815b6089f58\" class=\"swiper-slide slide\">\n    \n\n<figure class=\"wp-block-image size-large\"><img loading=\"lazy\" decoding=\"async\" width=\"773\" height=\"1024\" src=\"https:\/\/www.kunstfuerangeln.de\/wp-content\/uploads\/2025\/10\/slider_KIDS-7-773x1024.jpg\" alt=\"\" class=\"wp-image-9429\" srcset=\"https:\/\/www.kunstfuerangeln.de\/wp-content\/uploads\/2025\/10\/slider_KIDS-7-773x1024.jpg 773w, https:\/\/www.kunstfuerangeln.de\/wp-content\/uploads\/2025\/10\/slider_KIDS-7-226x300.jpg 226w, https:\/\/www.kunstfuerangeln.de\/wp-content\/uploads\/2025\/10\/slider_KIDS-7-768x1018.jpg 768w, https:\/\/www.kunstfuerangeln.de\/wp-content\/uploads\/2025\/10\/slider_KIDS-7-1159x1536.jpg 1159w, https:\/\/www.kunstfuerangeln.de\/wp-content\/uploads\/2025\/10\/slider_KIDS-7-1545x2048.jpg 1545w, https:\/\/www.kunstfuerangeln.de\/wp-content\/uploads\/2025\/10\/slider_KIDS-7.jpg 1571w\" sizes=\"auto, (max-width: 773px) 100vw, 773px\" \/><\/figure>\n\n<\/div>\n\n\n\n <div id=\"slide-block_6ecc3ff6020e1e2acc81a815b6089f58\" class=\"swiper-slide slide\">\n    \n\n<figure class=\"wp-block-image size-large\"><img loading=\"lazy\" decoding=\"async\" width=\"773\" height=\"1024\" src=\"https:\/\/www.kunstfuerangeln.de\/wp-content\/uploads\/2025\/10\/slider_KIDS-5-773x1024.jpg\" alt=\"\" class=\"wp-image-9431\" srcset=\"https:\/\/www.kunstfuerangeln.de\/wp-content\/uploads\/2025\/10\/slider_KIDS-5-773x1024.jpg 773w, https:\/\/www.kunstfuerangeln.de\/wp-content\/uploads\/2025\/10\/slider_KIDS-5-226x300.jpg 226w, https:\/\/www.kunstfuerangeln.de\/wp-content\/uploads\/2025\/10\/slider_KIDS-5-768x1018.jpg 768w, https:\/\/www.kunstfuerangeln.de\/wp-content\/uploads\/2025\/10\/slider_KIDS-5-1159x1536.jpg 1159w, https:\/\/www.kunstfuerangeln.de\/wp-content\/uploads\/2025\/10\/slider_KIDS-5-1545x2048.jpg 1545w, https:\/\/www.kunstfuerangeln.de\/wp-content\/uploads\/2025\/10\/slider_KIDS-5.jpg 1571w\" sizes=\"auto, (max-width: 773px) 100vw, 773px\" \/><\/figure>\n\n<\/div>\n\n\n\n <div id=\"slide-block_6ecc3ff6020e1e2acc81a815b6089f58\" class=\"swiper-slide slide\">\n    \n\n<figure class=\"wp-block-image size-large\"><img loading=\"lazy\" decoding=\"async\" width=\"773\" height=\"1024\" src=\"https:\/\/www.kunstfuerangeln.de\/wp-content\/uploads\/2025\/10\/slider_KIDS-6-773x1024.jpg\" alt=\"\" class=\"wp-image-9433\" srcset=\"https:\/\/www.kunstfuerangeln.de\/wp-content\/uploads\/2025\/10\/slider_KIDS-6-773x1024.jpg 773w, https:\/\/www.kunstfuerangeln.de\/wp-content\/uploads\/2025\/10\/slider_KIDS-6-226x300.jpg 226w, https:\/\/www.kunstfuerangeln.de\/wp-content\/uploads\/2025\/10\/slider_KIDS-6-768x1018.jpg 768w, https:\/\/www.kunstfuerangeln.de\/wp-content\/uploads\/2025\/10\/slider_KIDS-6-1159x1536.jpg 1159w, https:\/\/www.kunstfuerangeln.de\/wp-content\/uploads\/2025\/10\/slider_KIDS-6-1545x2048.jpg 1545w, https:\/\/www.kunstfuerangeln.de\/wp-content\/uploads\/2025\/10\/slider_KIDS-6.jpg 1571w\" sizes=\"auto, (max-width: 773px) 100vw, 773px\" \/><\/figure>\n\n<\/div>\n\n\n\n <div id=\"slide-block_6ecc3ff6020e1e2acc81a815b6089f58\" class=\"swiper-slide slide\">\n    \n\n<figure class=\"wp-block-image size-large\"><img loading=\"lazy\" decoding=\"async\" width=\"773\" height=\"1024\" src=\"https:\/\/www.kunstfuerangeln.de\/wp-content\/uploads\/2025\/10\/slider_KIDS-9a-773x1024.jpg\" alt=\"\" class=\"wp-image-9435\" srcset=\"https:\/\/www.kunstfuerangeln.de\/wp-content\/uploads\/2025\/10\/slider_KIDS-9a-773x1024.jpg 773w, https:\/\/www.kunstfuerangeln.de\/wp-content\/uploads\/2025\/10\/slider_KIDS-9a-226x300.jpg 226w, https:\/\/www.kunstfuerangeln.de\/wp-content\/uploads\/2025\/10\/slider_KIDS-9a-768x1018.jpg 768w, https:\/\/www.kunstfuerangeln.de\/wp-content\/uploads\/2025\/10\/slider_KIDS-9a-1159x1536.jpg 1159w, https:\/\/www.kunstfuerangeln.de\/wp-content\/uploads\/2025\/10\/slider_KIDS-9a-1545x2048.jpg 1545w, https:\/\/www.kunstfuerangeln.de\/wp-content\/uploads\/2025\/10\/slider_KIDS-9a.jpg 1571w\" sizes=\"auto, (max-width: 773px) 100vw, 773px\" \/><\/figure>\n\n<\/div>\n\n    <\/div>\n<\/div>\n<\/div>\n\n<script>\n\n<\/script>\n<\/div>\n\n\n\n<div class=\"wp-block-column is-layout-flow wp-block-column-is-layout-flow\">\n<p>Bogen samler v\u00e6rker af unge kunstnere fra 3 \u00e5r og opefter p\u00e5 en r\u00f8rende m\u00e5de med velbegrundede bidrag fra kunstp\u00e6dagogik, psykologi og kommentarer fra kunstnere, for\u00e6ldre og b\u00f8rn. Den viser, at b\u00f8rns kunst ikke bare er s\u00f8d &#8211; den er modig, fri, original, ofte overraskende og et spejl af vores samfund set gennem de yngstes \u00f8jne. <\/p>\n\n\n\n<p>&#8220;B\u00f8rn har brug for rum, hvor de kan eksperimentere, skabe og dr\u00f8mme uden at blive d\u00f8mt. Kreativitet er ikke en luksus, men et grundl\u00e6ggende behov,&#8221; understreger Ingrid Roosen-Trinks, der er initiativtager til bogprojektet og bestyrelsesmedlem i Kunst f\u00fcr Angeln e.V. (Kunst for Angeln).<br \/><br \/>Udgivelsen af bogen &#8220;The Kids are the Stars&#8221; faldt sammen med \u00e5bningen af den st\u00f8rste b\u00f8rnekunstudstilling i Tyskland, som viste hundredvis af v\u00e6rker af unge talenter i alderen 3-14 \u00e5r under samme titel &#8220;The Kids are the Stars&#8221;. Form\u00e5let med udstillingen var at give b\u00f8rns kreative stemmer et offentligt rum og at revitalisere den sociale diskurs om \u00e6stetisk uddannelse og kreativ selvudvikling. <\/p>\n<\/div>\n<\/div>\n\n\n\n<hr class=\"wp-block-separator has-alpha-channel-opacity\"\/>\n\n\n\n<h1 class=\"wp-block-heading\" id=\"buch-d\">Bogen om b\u00f8rnenes kunstprojekt<\/h1>\n\n\n\n<div class=\"wp-block-columns is-layout-flex wp-container-core-columns-is-layout-9d6595d7 wp-block-columns-is-layout-flex\">\n<div class=\"wp-block-column is-layout-flow wp-block-column-is-layout-flow\">\n<p class=\"has-medium-font-size\">Kreativitet, forundring og \u00e6gte inspiration i bogform! Ideel til alle med b\u00f8rn og b\u00f8rneb\u00f8rn og til venner: <\/p>\n\n\n\n<p class=\"has-medium-font-size\"><strong>&#8220;The Kids are the Stars&#8221;<\/strong> er en ekstraordin\u00e6r illustreret bog, der viser, hvad der sker, n\u00e5r b\u00f8rn bliver rigtige kunstnere.<\/p>\n\n\n\n<p class=\"has-medium-font-size\">Uanset om du er kunstner, samler eller l\u00e6rer, vil denne bog gl\u00e6de alle, der elsker b\u00f8rns fantasi og udtryksfuldhed.<\/p>\n\n\n\n<p class=\"has-medium-font-size\">V\u00e6rkerne &#8211; malerier, skulpturer og installationer af b\u00f8rn mellem tre og elleve \u00e5r &#8211; overrasker med deres farver, opfindsomhed og f\u00f8lelser. De unge kunstnere blev inspireret af originale v\u00e6rker af internationalt anerkendte kunstnere, som stillede deres v\u00e6rker og ideer til r\u00e5dighed i workshops og til udl\u00e5n. <\/p>\n\n\n\n<p class=\"has-medium-font-size\">Resultatet er en fascinerende illustreret bog fuld af energi, livsgl\u00e6de og kreativitet &#8211; skabt som en del af den st\u00f8rste udstilling af b\u00f8rnekunst i Tyskland, initieret af foreningen <strong><em>Kunst for Angeln e.V.<\/em><\/strong> i Slesvig-Holsten.<\/p>\n\n\n\n<p class=\"has-medium-font-size\">En god gave til alle, der \u00f8nsker at blive fortryllet af b\u00f8rns gr\u00e6nsel\u00f8se fantasi &#8211; og m\u00e5ske l\u00e6re at blive forbl\u00f8ffet igen selv.<\/p>\n\n\n\n<p class=\"has-medium-font-size\"><strong>&#8220;The Kids are the Stars<\/strong>&#8220;<br \/>Indbundet, 128 sider &#8211; \u20ac 20,-<br \/>Udgivet af Kunst f\u00fcr Angeln e.V.<\/p>\n\n\n\n<p class=\"has-medium-font-size\"><strong>ISBN: 978-3-96666-104-1<\/strong><br \/>Kan k\u00f8bes hos Thalia, Amazon eller direkte hos Ihleo-Verlag: <a href=\"https:\/\/www.ihleo-shop.de\/p\/the-kids-are-the-stars\" target=\"_blank\" rel=\"noreferrer noopener\">ihleo-shop.de<\/a><\/p>\n\n\n\n<p class=\"has-medium-font-size\">En bog, der \u00e5bner hjerter &#8211; og fejrer morgendagens kunst.  <br \/><strong>&#8220;B\u00f8rnene er stjernerne!&#8221;<\/strong><\/p>\n<\/div>\n\n\n\n<div class=\"wp-block-column is-layout-flow wp-block-column-is-layout-flow\">\n<figure class=\"wp-block-image size-large\"><img decoding=\"async\" src=\"https:\/\/www.kunstfuerangeln.de\/wp-content\/uploads\/2025\/06\/ballon-e1762970518103.jpg\" alt=\"\"\/><\/figure>\n\n\n\n<p id=\"gift-d\" style=\"font-size:20px\"><strong>Endnu en god gaveid\u00e9:<\/strong><br \/>Fra udstilling til bestseller! De sjoveste b\u00f8rnekunstv\u00e6rker nu som postkort! S\u00e6t med 10 stk. for en donation <br \/>p\u00e5 \u20ac 20 til fordel for KUNST F\u00dcR ANGELN e.V.&#8217;s b\u00f8rnekunstklub! <br \/>Hvis du er interesseret, bedes du kontakte: <a href=\"mailto:visit@kunstfuerangeln.de\">visit@kunstfuerangeln.de<\/a>  <\/p>\n\n\n\n<figure class=\"wp-block-image size-full\"><img loading=\"lazy\" decoding=\"async\" width=\"502\" height=\"760\" src=\"https:\/\/www.kunstfuerangeln.de\/wp-content\/uploads\/2025\/12\/GIFT.jpg\" alt=\"\" class=\"wp-image-10314\" srcset=\"https:\/\/www.kunstfuerangeln.de\/wp-content\/uploads\/2025\/12\/GIFT.jpg 502w, https:\/\/www.kunstfuerangeln.de\/wp-content\/uploads\/2025\/12\/GIFT-198x300.jpg 198w\" sizes=\"auto, (max-width: 502px) 100vw, 502px\" \/><\/figure>\n<\/div>\n<\/div>\n\n\n\n<p><em>Projektet &#8220;The Kids are the Stars&#8221; blev gjort muligt takket v\u00e6re venlig st\u00f8tte fra:<\/em><\/p>\n\n\n\n<div class=\"wp-block-columns is-layout-flex wp-container-core-columns-is-layout-9d6595d7 wp-block-columns-is-layout-flex\">\n<div class=\"wp-block-column is-layout-flow wp-block-column-is-layout-flow\">\n<figure class=\"wp-block-image size-large\"><img loading=\"lazy\" decoding=\"async\" width=\"1024\" height=\"261\" src=\"https:\/\/www.kunstfuerangeln.de\/wp-content\/uploads\/2025\/06\/VR-Bank-Schleswig-KLEIN-1-1024x261.jpg\" alt=\"\" class=\"wp-image-9156\" srcset=\"https:\/\/www.kunstfuerangeln.de\/wp-content\/uploads\/2025\/06\/VR-Bank-Schleswig-KLEIN-1-1024x261.jpg 1024w, https:\/\/www.kunstfuerangeln.de\/wp-content\/uploads\/2025\/06\/VR-Bank-Schleswig-KLEIN-1-300x76.jpg 300w, https:\/\/www.kunstfuerangeln.de\/wp-content\/uploads\/2025\/06\/VR-Bank-Schleswig-KLEIN-1-768x196.jpg 768w, https:\/\/www.kunstfuerangeln.de\/wp-content\/uploads\/2025\/06\/VR-Bank-Schleswig-KLEIN-1.jpg 1205w\" sizes=\"auto, (max-width: 1024px) 100vw, 1024px\" \/><\/figure>\n<\/div>\n\n\n\n<div class=\"wp-block-column is-layout-flow wp-block-column-is-layout-flow\"><\/div>\n<\/div>\n\n\n\n<hr class=\"wp-block-separator has-alpha-channel-opacity\"\/>\n\n\n\n<p><strong>Om Kunst f\u00fcr Angeln e.V.<\/strong><br \/><br \/>Foreningen Kunst f\u00fcr Angeln e.V. har siden sin grundl\u00e6ggelse arbejdet for at fremme kulturel uddannelse i landdistrikterne &#8211; med s\u00e6rligt fokus p\u00e5 b\u00f8rn og unge. Med udstillinger, workshops, skoleprojekter og publikationer skaber foreningen b\u00e6redygtige impulser til fri, kreativ adgang til kunst for alle. <\/p>\n\n\n\n\n","protected":false},"excerpt":{"rendered":"<p>The Kids are the stars Kilde &#8220;The Kids are the Stars!&#8221; &#8211; var titlen p\u00e5 den st\u00f8rste b\u00f8rnekunstudstilling i Tyskland, som \u00e5bnede den 28. september 2020. Kunst f\u00fcr Angeln pr\u00e6senterede mere end 400 kreative mesterv\u00e6rker af b\u00f8rn i alderen 2(!) til 14 \u00e5r! Vi har udstillet resultaterne af vores udl\u00e5n til b\u00f8rnehaver og skoler samt [&hellip;]<\/p>\n","protected":false},"author":7,"featured_media":0,"parent":0,"menu_order":0,"comment_status":"closed","ping_status":"closed","template":"","meta":{"_acf_changed":false,"footnotes":""},"class_list":["post-10588","page","type-page","status-publish","hentry"],"acf":[],"_links":{"self":[{"href":"https:\/\/www.kunstfuerangeln.de\/da\/wp-json\/wp\/v2\/pages\/10588","targetHints":{"allow":["GET"]}}],"collection":[{"href":"https:\/\/www.kunstfuerangeln.de\/da\/wp-json\/wp\/v2\/pages"}],"about":[{"href":"https:\/\/www.kunstfuerangeln.de\/da\/wp-json\/wp\/v2\/types\/page"}],"author":[{"embeddable":true,"href":"https:\/\/www.kunstfuerangeln.de\/da\/wp-json\/wp\/v2\/users\/7"}],"replies":[{"embeddable":true,"href":"https:\/\/www.kunstfuerangeln.de\/da\/wp-json\/wp\/v2\/comments?post=10588"}],"version-history":[{"count":2,"href":"https:\/\/www.kunstfuerangeln.de\/da\/wp-json\/wp\/v2\/pages\/10588\/revisions"}],"predecessor-version":[{"id":11674,"href":"https:\/\/www.kunstfuerangeln.de\/da\/wp-json\/wp\/v2\/pages\/10588\/revisions\/11674"}],"wp:attachment":[{"href":"https:\/\/www.kunstfuerangeln.de\/da\/wp-json\/wp\/v2\/media?parent=10588"}],"curies":[{"name":"wp","href":"https:\/\/api.w.org\/{rel}","templated":true}]}}