{"id":10677,"date":"2024-01-15T18:46:23","date_gmt":"2024-01-15T17:46:23","guid":{"rendered":"https:\/\/www.kunstfuerangeln.de\/insta-me-baby"},"modified":"2026-03-14T11:42:51","modified_gmt":"2026-03-14T10:42:51","slug":"insta-me-baby","status":"publish","type":"page","link":"https:\/\/www.kunstfuerangeln.de\/da\/insta-me-baby","title":{"rendered":"INSTA ME, BABY"},"content":{"rendered":"\n<h1 class=\"wp-block-heading\">INSTA MIG, BABY!<\/h1>\n\n<h2 class=\"wp-block-heading\">De mangfoldige relationer mellem kunst og den digitale verden<br \/>7. April &#8211; 5. maj 2024<\/h2>\n\n<p class=\"has-medium-font-size\">Den 7. april 2024 \u00e5bnede samleren Ingrid Roosen-Trinks udstillingen  <br \/><em>INSTA MIG, BABY! <\/em> Mennesker fra alle generationer blev opfordret til at udforske deres kreativitet i forhold til den digitale verden og de sociale medier og til at indg\u00e5 i dialog p\u00e5 tv\u00e6rs af landegr\u00e6nser og generationer.<\/p>\n\n<div class=\"wp-block-columns is-layout-flex wp-container-core-columns-is-layout-9d6595d7 wp-block-columns-is-layout-flex\">\n<div class=\"wp-block-column is-layout-flow wp-block-column-is-layout-flow\">\n<figure class=\"wp-block-video\"><video height=\"720\" style=\"aspect-ratio: 1280 \/ 720;\" width=\"1280\" controls=\"\" src=\"https:\/\/www.kunstfuerangeln.de\/wp-content\/uploads\/2024\/04\/INSTA-Opening.mp4\"><\/video><\/figure>\n<\/div>\n\n\n\n<div class=\"wp-block-column is-layout-flow wp-block-column-is-layout-flow\">\n<p>Indtryk af \u00e5bningen<\/p>\n<\/div>\n<\/div>\n\n<div style=\"height:34px\" aria-hidden=\"true\" class=\"wp-block-spacer\"><\/div>\n\n<div class=\"wp-block-columns is-layout-flex wp-container-core-columns-is-layout-9d6595d7 wp-block-columns-is-layout-flex\">\n<div class=\"wp-block-column is-layout-flow wp-block-column-is-layout-flow\">\n <div id=\"slider-block_d976a606348824f00e5db0d8e914a677\" class=\"swiper-container-wrapper slider\">\n <div class=\"swiper-container\" data-spalten=\"1\" data-autoplay=\"\" data-delay=\"\">\n    <div class=\"swiper-wrapper\">\n      \n\n <div id=\"slide-block_6e225a79281807b8987e8bbb00fdf303\" class=\"swiper-slide slide\">\n    \n\n<figure class=\"wp-block-image size-full\"><img loading=\"lazy\" decoding=\"async\" width=\"480\" height=\"640\" src=\"https:\/\/www.kunstfuerangeln.de\/wp-content\/uploads\/2024\/04\/IMG_7360-rotated.jpg\" alt=\"\" class=\"wp-image-6305\" srcset=\"https:\/\/www.kunstfuerangeln.de\/wp-content\/uploads\/2024\/04\/IMG_7360-rotated.jpg 480w, https:\/\/www.kunstfuerangeln.de\/wp-content\/uploads\/2024\/04\/IMG_7360-225x300.jpg 225w\" sizes=\"auto, (max-width: 480px) 100vw, 480px\" \/><\/figure>\n\n<\/div>\n\n\n\n <div id=\"slide-block_6e225a79281807b8987e8bbb00fdf303\" class=\"swiper-slide slide\">\n    \n\n<figure class=\"wp-block-image size-full\"><img loading=\"lazy\" decoding=\"async\" width=\"480\" height=\"640\" src=\"https:\/\/www.kunstfuerangeln.de\/wp-content\/uploads\/2024\/04\/IMG_7381-rotated.jpg\" alt=\"\" class=\"wp-image-6307\" srcset=\"https:\/\/www.kunstfuerangeln.de\/wp-content\/uploads\/2024\/04\/IMG_7381-rotated.jpg 480w, https:\/\/www.kunstfuerangeln.de\/wp-content\/uploads\/2024\/04\/IMG_7381-225x300.jpg 225w\" sizes=\"auto, (max-width: 480px) 100vw, 480px\" \/><\/figure>\n\n<\/div>\n\n\n\n <div id=\"slide-block_6e225a79281807b8987e8bbb00fdf303\" class=\"swiper-slide slide\">\n    \n\n<figure class=\"wp-block-image size-full\"><img loading=\"lazy\" decoding=\"async\" width=\"480\" height=\"640\" src=\"https:\/\/www.kunstfuerangeln.de\/wp-content\/uploads\/2024\/04\/IMG_7386-rotated.jpg\" alt=\"\" class=\"wp-image-6309\" srcset=\"https:\/\/www.kunstfuerangeln.de\/wp-content\/uploads\/2024\/04\/IMG_7386-rotated.jpg 480w, https:\/\/www.kunstfuerangeln.de\/wp-content\/uploads\/2024\/04\/IMG_7386-225x300.jpg 225w\" sizes=\"auto, (max-width: 480px) 100vw, 480px\" \/><\/figure>\n\n<\/div>\n\n\n\n <div id=\"slide-block_6e225a79281807b8987e8bbb00fdf303\" class=\"swiper-slide slide\">\n    \n\n<figure class=\"wp-block-image size-full\"><img loading=\"lazy\" decoding=\"async\" width=\"480\" height=\"640\" src=\"https:\/\/www.kunstfuerangeln.de\/wp-content\/uploads\/2024\/04\/IMG_7364-rotated.jpg\" alt=\"\" class=\"wp-image-6313\" srcset=\"https:\/\/www.kunstfuerangeln.de\/wp-content\/uploads\/2024\/04\/IMG_7364-rotated.jpg 480w, https:\/\/www.kunstfuerangeln.de\/wp-content\/uploads\/2024\/04\/IMG_7364-225x300.jpg 225w\" sizes=\"auto, (max-width: 480px) 100vw, 480px\" \/><\/figure>\n\n<\/div>\n\n\n\n <div id=\"slide-block_6e225a79281807b8987e8bbb00fdf303\" class=\"swiper-slide slide\">\n    \n\n<figure class=\"wp-block-image size-full\"><img loading=\"lazy\" decoding=\"async\" width=\"480\" height=\"640\" src=\"https:\/\/www.kunstfuerangeln.de\/wp-content\/uploads\/2024\/04\/IMG_7385-rotated.jpg\" alt=\"\" class=\"wp-image-6315\" srcset=\"https:\/\/www.kunstfuerangeln.de\/wp-content\/uploads\/2024\/04\/IMG_7385-rotated.jpg 480w, https:\/\/www.kunstfuerangeln.de\/wp-content\/uploads\/2024\/04\/IMG_7385-225x300.jpg 225w\" sizes=\"auto, (max-width: 480px) 100vw, 480px\" \/><\/figure>\n\n<\/div>\n\n\n\n <div id=\"slide-block_6e225a79281807b8987e8bbb00fdf303\" class=\"swiper-slide slide\">\n    \n\n<figure class=\"wp-block-image size-full\"><img loading=\"lazy\" decoding=\"async\" width=\"480\" height=\"640\" src=\"https:\/\/www.kunstfuerangeln.de\/wp-content\/uploads\/2024\/04\/IMG_7363-rotated.jpg\" alt=\"\" class=\"wp-image-6330\" srcset=\"https:\/\/www.kunstfuerangeln.de\/wp-content\/uploads\/2024\/04\/IMG_7363-rotated.jpg 480w, https:\/\/www.kunstfuerangeln.de\/wp-content\/uploads\/2024\/04\/IMG_7363-225x300.jpg 225w\" sizes=\"auto, (max-width: 480px) 100vw, 480px\" \/><\/figure>\n\n<\/div>\n\n    <\/div>\n<\/div>\n  <div class=\"swiper-pagination\"><\/div>\n  <div class=\"swiper-button-prev\"><\/div>\n  <div class=\"swiper-button-next\"><\/div>\n<\/div>\n\n<script>\n\n<\/script>\n<\/div>\n\n\n\n<div class=\"wp-block-column is-layout-flow wp-block-column-is-layout-flow\">\n<h2 class=\"wp-block-heading has-medium-font-size\"><strong>moving sculpture art<\/strong><br \/><br \/>Premiere ved \u00e5bningen af udstillingen &#8220;Insta me, Baby!&#8221; af foreningen KUNST F\u00dcR ANGELN e.V. den 7. april 2024: <strong>moving sculpture art<\/strong> af Chili Seitz &#8211; skabt under en workshop p\u00e5 S\u00f8nderborg Kunstskole under ledelse af kunstneren Chili Seitz med 8 danske studerende.<br \/>Installationer i udstillingen &#8220;Insta me, Baby&#8221; p\u00e5 WITTKIELHOF.<\/h2>\n<\/div>\n<\/div>\n\n<div class=\"wp-block-columns is-layout-flex wp-container-core-columns-is-layout-9d6595d7 wp-block-columns-is-layout-flex\">\n<div class=\"wp-block-column is-layout-flow wp-block-column-is-layout-flow\">\n<p>Diverse sociale medier og kontroversielle digitale verdener har \u00e6ndret vores liv fundamentalt i de seneste \u00e5r, og kunsten er ingen undtagelse. Projektet, som blev gennemf\u00f8rt i samarbejde med kunstnere i Danmark og Slesvig-Holsten, stillede sp\u00f8rgsm\u00e5l om gr\u00e6nsefladen mellem kunst og sociale medier, is\u00e6r Instagram. Hvordan p\u00e5virker de digitale verdener den kunstneriske skabelse, og hvordan p\u00e5virker kunsten til geng\u00e6ld de sociale medier?<br \/><br \/>Foreningen KUNST f\u00fcr ANGELN e.V. har siden begyndelsen fokuseret p\u00e5 gr\u00e6nseoverskridende kulturprojekter med danske kunstnere og har allerede tidligere indledt adskillige samarbejder inden for kunst og musik med den danske gr\u00e6nseregion.<\/p>\n<\/div>\n\n\n\n<div class=\"wp-block-column is-layout-flow wp-block-column-is-layout-flow\">\n<figure class=\"wp-block-image size-full is-style-default\"><img loading=\"lazy\" decoding=\"async\" width=\"841\" height=\"833\" src=\"https:\/\/www.kunstfuerangeln.de\/wp-content\/uploads\/2024\/01\/MARTIN-ASKHOLM.jpg\" alt=\"\" class=\"wp-image-6012\" srcset=\"https:\/\/www.kunstfuerangeln.de\/wp-content\/uploads\/2024\/01\/MARTIN-ASKHOLM.jpg 841w, https:\/\/www.kunstfuerangeln.de\/wp-content\/uploads\/2024\/01\/MARTIN-ASKHOLM-300x297.jpg 300w, https:\/\/www.kunstfuerangeln.de\/wp-content\/uploads\/2024\/01\/MARTIN-ASKHOLM-150x150.jpg 150w, https:\/\/www.kunstfuerangeln.de\/wp-content\/uploads\/2024\/01\/MARTIN-ASKHOLM-768x761.jpg 768w\" sizes=\"auto, (max-width: 841px) 100vw, 841px\" \/><figcaption class=\"wp-element-caption\"><br \/><strong>MARTIN ASKHOLM<\/strong>, <em>MONKEY BUSINESS<\/em>, 2019, 71,5 X 71 CM, OLIE P\u00c5 L\u00c6RRED \u00a9 MARTIN ASKHOLM<\/figcaption><\/figure>\n<\/div>\n<\/div>\n\n<p>Sammen med Kunstskolen S\u00f8nderjylland i S\u00f8nderborg arrangerede foreningen forskellige events og workshops som en del af udstillingen <em>INSTA ME, BABY!, <\/em>der bl.a. handlede om, hvordan kunstens \u00e6stetik skal udformes i dag for at v\u00e6re<em>&#8220;instagrammable<\/em>&#8221; p\u00e5 de sociale medier. I to workshops &#8211; en p\u00e5 den danske side og en p\u00e5 den slesvig-holstenske side &#8211; udforsker deltagerne kunstens indflydelse p\u00e5 sociale netv\u00e6rk som Instagram.<\/p>\n\n<figure class=\"wp-block-image size-large\"><img loading=\"lazy\" decoding=\"async\" width=\"1024\" height=\"676\" src=\"https:\/\/www.kunstfuerangeln.de\/wp-content\/uploads\/2024\/01\/SLIM-AARONS-1024x676.jpg\" alt=\"\" class=\"wp-image-6017\" srcset=\"https:\/\/www.kunstfuerangeln.de\/wp-content\/uploads\/2024\/01\/SLIM-AARONS-1024x676.jpg 1024w, https:\/\/www.kunstfuerangeln.de\/wp-content\/uploads\/2024\/01\/SLIM-AARONS-300x198.jpg 300w, https:\/\/www.kunstfuerangeln.de\/wp-content\/uploads\/2024\/01\/SLIM-AARONS-768x507.jpg 768w, https:\/\/www.kunstfuerangeln.de\/wp-content\/uploads\/2024\/01\/SLIM-AARONS.jpg 1240w\" sizes=\"auto, (max-width: 1024px) 100vw, 1024px\" \/><figcaption class=\"wp-element-caption\"><br \/><strong>SLIM AARONS<\/strong>, <em>POOLSIDE GOSSIP<\/em>, 1970, FOTOGRAFI, INDRAMMET<br \/>50X76 CM, VENLIGST UDL\u00c5NT AF KUNST F\u00dcR ANGELN E.V. \/ SAMMLUNG ROOSEN-TRINKS <br \/>\u00a9 SLIM AARONS, FOTO: THOMAS RAAKE<\/figcaption><\/figure>\n\n<p>Det s\u00e6rlige ved denne udstilling var, at folk i alle aldre fra Danmark og Slesvig-Holsten fik mulighed for at arbejde sammen med kunstnere fra begge regioner, b\u00e5de i S\u00f8nderborg og p\u00e5 stedet p\u00e5 Wittkielhof. Sammen med kunstnerne arbejdede vi p\u00e5 en udstilling, der ikke kun lagde v\u00e6gt p\u00e5 kunstv\u00e6rkernes \u00e6stetiske aspekter, men ogs\u00e5 p\u00e5 deres visuelle effekt og den kritiske og legende brug af sociale medier.<\/p>\n\n<p>De kreative resultater af workshopperne blev pr\u00e6senteret fra den 7. april som en del af udstillingen <em>INSTA ME, BABY! <\/em>og var gratis tilg\u00e6ngelige indtil den 5. maj 2024 p\u00e5 Wittkielhof i Slesvig-Holsten.<\/p>\n\n<p>P\u00e5 \u00e5bningsdagen pr\u00e6senterede projektet ogs\u00e5 en paneldiskussion, hvor forskellige eksperter og brugere diskuterede Instagrams og de sociale mediers indflydelse p\u00e5 vores hverdag. Det handlede ikke bare om at &#8220;synes godt om&#8221;, men ogs\u00e5 om social interaktion og vores personlige identitet i den digitale tidsalder.<\/p>\n\n<p>Under finissagen den 5. maj 2024 blev alle de kreative resultater fra workshopperne s\u00e5 pr\u00e6senteret p\u00e5 den danske side p\u00e5 S\u00f8nderjyllands Kunstskole og p\u00e5 den tyske side p\u00e5 Wittkielhof.<\/p>\n\n<p><em>INSTA MIG, BABY!  <\/em>  gav mulighed for at reflektere over, hvordan kunst og digitale verdener p\u00e5virker hinanden. Udstillingen inviterede de bes\u00f8gende til at t\u00e6nke kritisk over den digitale verdens indflydelse p\u00e5 kunsten og vores sociale interaktion.<\/p>\n\n<p><strong>Kurator:<\/strong><br \/>Thomas Lunau (DK)<\/p>\n\n<p><br \/><br \/><\/p>\n\n<div class=\"wp-block-buttons is-layout-flex wp-block-buttons-is-layout-flex\">\n<div class=\"wp-block-button is-style-outline is-style-outline--1\"><a class=\"wp-block-button__link wp-element-button\" href=\"https:\/\/www.kunstfuerangeln.de\/wp-content\/uploads\/2024\/03\/D-pressemitteilung-Insta.pdf\" target=\"_blank\" rel=\"noreferrer noopener\">pressemeddelelse<\/a><\/div>\n<\/div>\n\n<hr class=\"wp-block-separator has-alpha-channel-opacity\"\/>\n\n<h2 class=\"wp-block-heading\">KUNSTNERLISTE:<\/h2>\n\n<div class=\"wp-block-columns is-layout-flex wp-container-core-columns-is-layout-9d6595d7 wp-block-columns-is-layout-flex\">\n<div class=\"wp-block-column is-layout-flow wp-block-column-is-layout-flow\">\n<p>Slim Aarons<\/p>\n\n\n\n<p>Frederik Albrecht<\/p>\n\n\n\n<p>allu.studio<\/p>\n\n\n\n<p>Martin Askholm<\/p>\n\n\n\n<p>Nina Backman<\/p>\n\n\n\n<p>Henrik Becker<\/p>\n\n\n\n<p>Thore Bernstein<\/p>\n\n\n\n<p>Gerd Brockmann og Nejla Yilmazt\u00fcrk-Barsch<\/p>\n\n\n\n<p>Thorsten Brinkmann <br \/><br \/>Margarita Broich <br \/><br \/>Stephen Craig<br \/><br \/>Nele Engler<br \/><br \/><\/p>\n<\/div>\n\n\n\n<div class=\"wp-block-column is-layout-flow wp-block-column-is-layout-flow\">\n<p>Kim Frederik Grambow <br \/><br \/>Jane Hilton<br \/><br \/>Stefan Hirsig<br \/><br \/>Nicole Hollmann<\/p>\n\n\n\n<p>Ren\u00e9 Holm<br \/><br \/>Esben Weile Kj\u00e6r  <br \/><br \/>Anne Lass<br \/><br \/>Via Lewandowski  <br \/><br \/>Thomas Lunau  <br \/><br \/>Andreas M\u00fche  <br \/><br \/>Sofie Bird M\u00f8ller  <br \/><br \/>Tom Sachs<br \/><br \/>Chilli Seitz<\/p>\n<\/div>\n<\/div>\n","protected":false},"excerpt":{"rendered":"<p>INSTA MIG, BABY! De mangfoldige relationer mellem kunst og den digitale verden7. April &#8211; 5. maj 2024 Den 7. april 2024 \u00e5bnede samleren Ingrid Roosen-Trinks udstillingen INSTA MIG, BABY! Mennesker fra alle generationer blev opfordret til at udforske deres kreativitet i forhold til den digitale verden og de sociale medier og til at indg\u00e5 i [&hellip;]<\/p>\n","protected":false},"author":7,"featured_media":0,"parent":0,"menu_order":0,"comment_status":"closed","ping_status":"closed","template":"","meta":{"_acf_changed":false,"footnotes":""},"class_list":["post-10677","page","type-page","status-publish","hentry"],"acf":[],"_links":{"self":[{"href":"https:\/\/www.kunstfuerangeln.de\/da\/wp-json\/wp\/v2\/pages\/10677","targetHints":{"allow":["GET"]}}],"collection":[{"href":"https:\/\/www.kunstfuerangeln.de\/da\/wp-json\/wp\/v2\/pages"}],"about":[{"href":"https:\/\/www.kunstfuerangeln.de\/da\/wp-json\/wp\/v2\/types\/page"}],"author":[{"embeddable":true,"href":"https:\/\/www.kunstfuerangeln.de\/da\/wp-json\/wp\/v2\/users\/7"}],"replies":[{"embeddable":true,"href":"https:\/\/www.kunstfuerangeln.de\/da\/wp-json\/wp\/v2\/comments?post=10677"}],"version-history":[{"count":1,"href":"https:\/\/www.kunstfuerangeln.de\/da\/wp-json\/wp\/v2\/pages\/10677\/revisions"}],"predecessor-version":[{"id":10708,"href":"https:\/\/www.kunstfuerangeln.de\/da\/wp-json\/wp\/v2\/pages\/10677\/revisions\/10708"}],"wp:attachment":[{"href":"https:\/\/www.kunstfuerangeln.de\/da\/wp-json\/wp\/v2\/media?parent=10677"}],"curies":[{"name":"wp","href":"https:\/\/api.w.org\/{rel}","templated":true}]}}