{"id":10710,"date":"2024-04-08T13:20:07","date_gmt":"2024-04-08T11:20:07","guid":{"rendered":"https:\/\/www.kunstfuerangeln.de\/nordisk-kunst-nyhedsbrev"},"modified":"2026-03-14T11:42:51","modified_gmt":"2026-03-14T10:42:51","slug":"nordisk-kunst-nyhedsbrev","status":"publish","type":"page","link":"https:\/\/www.kunstfuerangeln.de\/da\/nordisk-kunst-nyhedsbrev","title":{"rendered":"nordisk kunst NYHEDSBREV"},"content":{"rendered":"\n<h1 class=\"wp-block-heading\">nordisk kunst NYHEDSBREV<\/h1>\n\n<p>For alle, der er interesserede i kunst i Skandinavien og Slesvig-Holsten, tilbyder vi <a href=\"https:\/\/www.kunstfuerangeln.de\/wp-content\/uploads\/2024\/10\/%F0%9F%87%A9%F0%9F%87%AA-NORDIC-ART-NEWSLETTER-HERBST-WINTER-2024-1-1.pdf\" target=\"_blank\" rel=\"noreferrer noopener\">NORDIC ART NEWSLETTER<\/a>.<br \/>S\u00e6rlige tips offentligg\u00f8res mere eller mindre hvert kvartal kun p\u00e5 denne hjemmeside.<\/p>\n\n\n","protected":false},"excerpt":{"rendered":"<p>nordisk kunst NYHEDSBREV For alle, der er interesserede i kunst i Skandinavien og Slesvig-Holsten, tilbyder vi NORDIC ART NEWSLETTER.S\u00e6rlige tips offentligg\u00f8res mere eller mindre hvert kvartal kun p\u00e5 denne hjemmeside.<\/p>\n","protected":false},"author":7,"featured_media":0,"parent":0,"menu_order":0,"comment_status":"closed","ping_status":"closed","template":"","meta":{"_acf_changed":false,"footnotes":""},"class_list":["post-10710","page","type-page","status-publish","hentry"],"acf":[],"_links":{"self":[{"href":"https:\/\/www.kunstfuerangeln.de\/da\/wp-json\/wp\/v2\/pages\/10710","targetHints":{"allow":["GET"]}}],"collection":[{"href":"https:\/\/www.kunstfuerangeln.de\/da\/wp-json\/wp\/v2\/pages"}],"about":[{"href":"https:\/\/www.kunstfuerangeln.de\/da\/wp-json\/wp\/v2\/types\/page"}],"author":[{"embeddable":true,"href":"https:\/\/www.kunstfuerangeln.de\/da\/wp-json\/wp\/v2\/users\/7"}],"replies":[{"embeddable":true,"href":"https:\/\/www.kunstfuerangeln.de\/da\/wp-json\/wp\/v2\/comments?post=10710"}],"version-history":[{"count":1,"href":"https:\/\/www.kunstfuerangeln.de\/da\/wp-json\/wp\/v2\/pages\/10710\/revisions"}],"predecessor-version":[{"id":10714,"href":"https:\/\/www.kunstfuerangeln.de\/da\/wp-json\/wp\/v2\/pages\/10710\/revisions\/10714"}],"wp:attachment":[{"href":"https:\/\/www.kunstfuerangeln.de\/da\/wp-json\/wp\/v2\/media?parent=10710"}],"curies":[{"name":"wp","href":"https:\/\/api.w.org\/{rel}","templated":true}]}}