{"id":10719,"date":"2024-04-27T17:38:52","date_gmt":"2024-04-27T15:38:52","guid":{"rendered":"https:\/\/www.kunstfuerangeln.de\/kunst-paa-landgasthof-neukrug"},"modified":"2026-03-14T11:42:51","modified_gmt":"2026-03-14T10:42:51","slug":"kunst-paa-landgasthof-neukrug","status":"publish","type":"page","link":"https:\/\/www.kunstfuerangeln.de\/da\/kunst-paa-landgasthof-neukrug","title":{"rendered":"KUNST P\u00c5 LANDGASTHOF NEUKRUG"},"content":{"rendered":"\n<h1 class=\"wp-block-heading\">KUNST P\u00c5 LANDGASTHOF NEUKRUG<\/h1>\n\n<p>Operat\u00f8rerne af LANDGASTHOFS NEUKRUG skrev den 25. april 2024:<\/p>\n\n<p><em>&#8220;Fredag den 26. april 2024 kl. 11.00 fejrer vi \u00e5bningen af kunstgalleriet i v\u00e6relserne p\u00e5 Landgasthof Neukrug og vil gerne invitere dig til at v\u00e6re med!<\/em><\/p>\n\n<p><em>I samarbejde med foreningen KUNST f\u00fcr ANGELN e.V. pr\u00e6senterer vi en udstilling med nye v\u00e6rker af kunstneren Stephen Craig sammen med kurator Ingrid Roosen-Trinks.<br \/>Craig har boet 30 minutter vest for Maasb\u00fcll i Nordfriesland i 10 \u00e5r og vil ogs\u00e5 v\u00e6re p\u00e5 stedet. Landskabet og is\u00e6r lyset fra nord pr\u00e6ger hans nye v\u00e6rker.<\/em><\/p>\n\n<p><em>Kunst sender os alle ud p\u00e5 en opdagelsesrejse, og kunst og kultur beriger altid vores liv p\u00e5 mange m\u00e5der, hvad enten det er visuelt, akustisk eller kulinarisk. Sammen med Ingrid Roosen-Trinks fra Kunst f\u00fcr Angeln e.V. t\u00e6nkte vi over, hvordan kulinariske l\u00e6kkerier kan nydes sammen med samtidskunst. Enhver, der f\u00e5r serveret kunst p\u00e5 en tallerken, b\u00f8r jo ogs\u00e5 kunne opdage kunst p\u00e5 v\u00e6ggene.<\/em><\/p>\n\n<p><em>Vi vil gerne vise kunstv\u00e6rker, der er tematisk relateret til vores naturkoncept, som er skabt af kunstnere fra regionen, og som muligvis ogs\u00e5 kan k\u00f8bes af vores kunstinteresserede g\u00e6ster.<\/em><\/p>\n\n<p><em>Foreningen KUNST F\u00dcR ANGELN e.V. var vores foretrukne partner til at realisere et s\u00e5dant samarbejde. Vi er derfor s\u00e6rligt glade for, at Ingrid Roosen-Trinks har tilbudt at udl\u00e5ne genstande fra sin private samling. Hun vil ogs\u00e5 berige disse udl\u00e5n med nye kunstv\u00e6rker af kunstnere fra gr\u00e6nseregionen og vil organisere udstillinger for os som kurator.<\/em>&#8220;<\/p>\n\n<p><strong><a href=\"https:\/\/www.kunstfuerangeln.de\/wp-content\/uploads\/2024\/04\/Flensburger-T-26-4-scaled.jpg\" target=\"_blank\" rel=\"noreferrer noopener\">Der var ogs\u00e5 en artikel om dette i Flensburger Tageblatt<\/a><\/strong><\/p>\n\n<div class=\"wp-block-columns is-layout-flex wp-container-core-columns-is-layout-9d6595d7 wp-block-columns-is-layout-flex\">\n<div class=\"wp-block-column is-layout-flow wp-block-column-is-layout-flow\">\n<figure class=\"wp-block-image size-large\"><img loading=\"lazy\" decoding=\"async\" width=\"1024\" height=\"768\" src=\"https:\/\/www.kunstfuerangeln.de\/wp-content\/uploads\/2024\/04\/neukrug1-1024x768.jpeg\" alt=\"\" class=\"wp-image-6598\" srcset=\"https:\/\/www.kunstfuerangeln.de\/wp-content\/uploads\/2024\/04\/neukrug1-1024x768.jpeg 1024w, https:\/\/www.kunstfuerangeln.de\/wp-content\/uploads\/2024\/04\/neukrug1-300x225.jpeg 300w, https:\/\/www.kunstfuerangeln.de\/wp-content\/uploads\/2024\/04\/neukrug1-768x576.jpeg 768w, https:\/\/www.kunstfuerangeln.de\/wp-content\/uploads\/2024\/04\/neukrug1-1536x1152.jpeg 1536w, https:\/\/www.kunstfuerangeln.de\/wp-content\/uploads\/2024\/04\/neukrug1.jpeg 1600w\" sizes=\"auto, (max-width: 1024px) 100vw, 1024px\" \/><\/figure>\n<\/div>\n\n\n\n<div class=\"wp-block-column is-layout-flow wp-block-column-is-layout-flow\">\n<figure class=\"wp-block-image size-large\"><img loading=\"lazy\" decoding=\"async\" width=\"1024\" height=\"664\" src=\"https:\/\/www.kunstfuerangeln.de\/wp-content\/uploads\/2024\/04\/neukrug2-1024x664.jpeg\" alt=\"\" class=\"wp-image-6606\" srcset=\"https:\/\/www.kunstfuerangeln.de\/wp-content\/uploads\/2024\/04\/neukrug2-1024x664.jpeg 1024w, https:\/\/www.kunstfuerangeln.de\/wp-content\/uploads\/2024\/04\/neukrug2-300x194.jpeg 300w, https:\/\/www.kunstfuerangeln.de\/wp-content\/uploads\/2024\/04\/neukrug2-768x498.jpeg 768w, https:\/\/www.kunstfuerangeln.de\/wp-content\/uploads\/2024\/04\/neukrug2.jpeg 1362w\" sizes=\"auto, (max-width: 1024px) 100vw, 1024px\" \/><\/figure>\n<\/div>\n<\/div>\n\n\n","protected":false},"excerpt":{"rendered":"<p>KUNST P\u00c5 LANDGASTHOF NEUKRUG Operat\u00f8rerne af LANDGASTHOFS NEUKRUG skrev den 25. april 2024: &#8220;Fredag den 26. april 2024 kl. 11.00 fejrer vi \u00e5bningen af kunstgalleriet i v\u00e6relserne p\u00e5 Landgasthof Neukrug og vil gerne invitere dig til at v\u00e6re med! I samarbejde med foreningen KUNST f\u00fcr ANGELN e.V. pr\u00e6senterer vi en udstilling med nye v\u00e6rker af [&hellip;]<\/p>\n","protected":false},"author":7,"featured_media":0,"parent":0,"menu_order":0,"comment_status":"closed","ping_status":"closed","template":"","meta":{"_acf_changed":false,"footnotes":""},"class_list":["post-10719","page","type-page","status-publish","hentry"],"acf":[],"_links":{"self":[{"href":"https:\/\/www.kunstfuerangeln.de\/da\/wp-json\/wp\/v2\/pages\/10719","targetHints":{"allow":["GET"]}}],"collection":[{"href":"https:\/\/www.kunstfuerangeln.de\/da\/wp-json\/wp\/v2\/pages"}],"about":[{"href":"https:\/\/www.kunstfuerangeln.de\/da\/wp-json\/wp\/v2\/types\/page"}],"author":[{"embeddable":true,"href":"https:\/\/www.kunstfuerangeln.de\/da\/wp-json\/wp\/v2\/users\/7"}],"replies":[{"embeddable":true,"href":"https:\/\/www.kunstfuerangeln.de\/da\/wp-json\/wp\/v2\/comments?post=10719"}],"version-history":[{"count":1,"href":"https:\/\/www.kunstfuerangeln.de\/da\/wp-json\/wp\/v2\/pages\/10719\/revisions"}],"predecessor-version":[{"id":10725,"href":"https:\/\/www.kunstfuerangeln.de\/da\/wp-json\/wp\/v2\/pages\/10719\/revisions\/10725"}],"wp:attachment":[{"href":"https:\/\/www.kunstfuerangeln.de\/da\/wp-json\/wp\/v2\/media?parent=10719"}],"curies":[{"name":"wp","href":"https:\/\/api.w.org\/{rel}","templated":true}]}}