{"id":10788,"date":"2023-09-19T11:03:01","date_gmt":"2023-09-19T09:03:01","guid":{"rendered":"https:\/\/www.kunstfuerangeln.de\/kunst-paa-slottet"},"modified":"2026-03-14T11:43:02","modified_gmt":"2026-03-14T10:43:02","slug":"kunst-paa-slottet","status":"publish","type":"page","link":"https:\/\/www.kunstfuerangeln.de\/da\/kunst-paa-slottet","title":{"rendered":"KUNST P\u00c5 SLOTTET"},"content":{"rendered":"\n<h1 class=\"wp-block-heading\">KUNST I SCHLOSs 2024<\/h1>\n\n<p class=\"has-medium-font-size\">Kunst f\u00fcr Angeln e.V. pr\u00e6senterede:<strong> <br \/>Photography Art overcomes Boundaries 2024<\/strong><br \/>p\u00e5 Gelting Slot.<strong> <\/strong><br \/> Udstillingen l\u00f8b frem til s\u00f8ndag den 27. oktober <br \/>Vi gl\u00e6der os til den n\u00e6ste &#8220;Kunst p\u00e5 slottet&#8221;-udstilling i 2025!<\/p>\n\n<div class=\"wp-block-columns is-layout-flex wp-container-core-columns-is-layout-9d6595d7 wp-block-columns-is-layout-flex\">\n<div class=\"wp-block-column is-layout-flow wp-block-column-is-layout-flow\">\n<figure class=\"wp-block-image size-large\"><img loading=\"lazy\" decoding=\"async\" width=\"1024\" height=\"768\" src=\"https:\/\/www.kunstfuerangeln.de\/wp-content\/uploads\/2024\/10\/Schloss-2024-1024x768.jpeg\" alt=\"\" class=\"wp-image-7288\" srcset=\"https:\/\/www.kunstfuerangeln.de\/wp-content\/uploads\/2024\/10\/Schloss-2024-1024x768.jpeg 1024w, https:\/\/www.kunstfuerangeln.de\/wp-content\/uploads\/2024\/10\/Schloss-2024-300x225.jpeg 300w, https:\/\/www.kunstfuerangeln.de\/wp-content\/uploads\/2024\/10\/Schloss-2024-768x576.jpeg 768w, https:\/\/www.kunstfuerangeln.de\/wp-content\/uploads\/2024\/10\/Schloss-2024-1536x1152.jpeg 1536w, https:\/\/www.kunstfuerangeln.de\/wp-content\/uploads\/2024\/10\/Schloss-2024.jpeg 1600w\" sizes=\"auto, (max-width: 1024px) 100vw, 1024px\" \/><\/figure>\n<\/div>\n\n\n\n<div class=\"wp-block-column is-layout-flow wp-block-column-is-layout-flow\">\n<p>19. oktober 2024 <br \/>\u00c5bning af udstillingen &#8220;Fotokunst overvinder gr\u00e6nser 2024&#8221; p\u00e5 Gelting Slot i samarbejde med Kunst f\u00fcr Angeln e.V.! Kurateret af Ingrid Roosen-Trinks.  <br \/><br \/>Fra venstre mod h\u00f8jre: <br \/>Theresia Baroness von Hobe-Gelting, Ingrid Roosen-Trinks, kunstnerne Thore Bernstein, Ann Carolin Renninger, Thomas Hartstang, Thomas Lunau, Uwe Lehmann.<\/p>\n<\/div>\n<\/div>\n\n<div class=\"wp-block-columns is-layout-flex wp-container-core-columns-is-layout-9d6595d7 wp-block-columns-is-layout-flex\">\n<div class=\"wp-block-column is-layout-flow wp-block-column-is-layout-flow\">\n<div class=\"wp-block-buttons is-layout-flex wp-block-buttons-is-layout-flex\">\n<div class=\"wp-block-button is-style-outline is-style-outline--1\"><a class=\"wp-block-button__link wp-element-button\" href=\"https:\/\/www.kunstfuerangeln.de\/wp-content\/uploads\/2024\/10\/BB_4224_Wittkielhof-scaled.jpg\"><strong>I medierne<\/strong><\/a><\/div>\n<\/div>\n<\/div>\n\n\n\n<div class=\"wp-block-column is-layout-flow wp-block-column-is-layout-flow\"><\/div>\n<\/div>\n\n<div style=\"height:44px\" aria-hidden=\"true\" class=\"wp-block-spacer\"><\/div>\n\n<hr class=\"wp-block-separator has-alpha-channel-opacity\"\/>\n\n<h1 class=\"wp-block-heading\">KUNST I SCHLOSs 2023<\/h1>\n\n<p class=\"has-medium-font-size\"><em>ET NYT KUNSTPROJEKT I NORDEN F\u00c5R PREMIERE<br \/>Foreningen KUNST F\u00dcR ANGELN e.V. pr\u00e6senterede for f\u00f8rste gang:  <\/em><\/p>\n\n<p>Theresia Baroness von Hobe-Gelting, Ingrid Roosen-Trinks og foreningen KUNST F\u00dcR ANGELN e.V. afsluttede med succes projektet &#8220;KUNST IM SCHLOSs&#8221; den 8. oktober 2023.<\/p>\n\n<p>S\u00f8ndag den 1. oktober 2023 \u00e5bnede familien Baron von Hobe-Gelting for f\u00f8rste gang Gelting Slot og slotsparken for offentligheden og udstillede samtidskunst af kunstnere fra regionen. P\u00e5 udstillingen var der malerier, fotografiske v\u00e6rker, objekter og skulpturer, kurateret af Ingrid Roosen-Trinks fra foreningen KUNST F\u00dcR ANGELN e.V.<\/p>\n\n<div class=\"wp-block-buttons is-layout-flex wp-block-buttons-is-layout-flex\">\n<div class=\"wp-block-button is-style-outline is-style-outline--2\"><a class=\"wp-block-button__link wp-element-button\" href=\"https:\/\/www.kunstfuerangeln.de\/vermischtes\">INDTRYK FRA FERNISERINGEN<\/a><\/div>\n<\/div>\n\n<hr class=\"wp-block-separator has-alpha-channel-opacity\"\/>\n\n<p>Theresia Baroness von Hobe-Gelting: &#8220;At vise samtidskunst i disse historiske rum er noget helt nyt for os, og det er blandingen, der g\u00f8r det s\u00e5 specielt. Vi er s\u00e6rligt glade for at kunne tilbyde kunstnere fra Angeln-regionen en ekstraordin\u00e6r udstillingsplatform for f\u00f8rste gang!&#8221;<\/p>\n\n<p>For Ingrid Roosen-Trinks fra foreningen KUNST F\u00dcR ANGELN e.V., der er kurator p\u00e5 udstillingen, er det et lykketr\u00e6f. Hun er &#8220;utrolig glad&#8221; for at kunne bruge slottet og slotsparken. &#8220;Indtil videre har den kun v\u00e6ret \u00e5ben for private rundvisninger fra tid til anden, men den er faktisk ikke \u00e5ben for offentligheden. Vi er de f\u00f8rste, der har f\u00e5et lov til at holde en udstilling her. KUNST F\u00dcR ANGELN viser s\u00e5ledes KUNST I ANGELN i en historisk atmosf\u00e6re!&#8221;<\/p>\n\n\n\n<div class=\"wp-block-columns is-layout-flex wp-container-core-columns-is-layout-9d6595d7 wp-block-columns-is-layout-flex\">\n<div class=\"wp-block-column is-layout-flow wp-block-column-is-layout-flow\">\n<figure class=\"wp-block-image size-large\"><img loading=\"lazy\" decoding=\"async\" width=\"665\" height=\"1024\" src=\"https:\/\/www.kunstfuerangeln.de\/wp-content\/uploads\/2023\/09\/SCHLOSs_03-665x1024.jpg\" alt=\"\" class=\"wp-image-4791\" srcset=\"https:\/\/www.kunstfuerangeln.de\/wp-content\/uploads\/2023\/09\/SCHLOSs_03-665x1024.jpg 665w, https:\/\/www.kunstfuerangeln.de\/wp-content\/uploads\/2023\/09\/SCHLOSs_03-195x300.jpg 195w, https:\/\/www.kunstfuerangeln.de\/wp-content\/uploads\/2023\/09\/SCHLOSs_03-768x1183.jpg 768w, https:\/\/www.kunstfuerangeln.de\/wp-content\/uploads\/2023\/09\/SCHLOSs_03-997x1536.jpg 997w, https:\/\/www.kunstfuerangeln.de\/wp-content\/uploads\/2023\/09\/SCHLOSs_03.jpg 1102w\" sizes=\"auto, (max-width: 665px) 100vw, 665px\" \/><\/figure>\n<\/div>\n\n\n\n<div class=\"wp-block-column is-layout-flow wp-block-column-is-layout-flow\">\n<figure class=\"wp-block-image size-large\"><img loading=\"lazy\" decoding=\"async\" width=\"719\" height=\"1024\" src=\"https:\/\/www.kunstfuerangeln.de\/wp-content\/uploads\/2023\/09\/SCHLOSs_02-719x1024.jpg\" alt=\"\" class=\"wp-image-4793\" srcset=\"https:\/\/www.kunstfuerangeln.de\/wp-content\/uploads\/2023\/09\/SCHLOSs_02-719x1024.jpg 719w, https:\/\/www.kunstfuerangeln.de\/wp-content\/uploads\/2023\/09\/SCHLOSs_02-211x300.jpg 211w, https:\/\/www.kunstfuerangeln.de\/wp-content\/uploads\/2023\/09\/SCHLOSs_02-768x1093.jpg 768w, https:\/\/www.kunstfuerangeln.de\/wp-content\/uploads\/2023\/09\/SCHLOSs_02.jpg 1067w\" sizes=\"auto, (max-width: 719px) 100vw, 719px\" \/><\/figure>\n<\/div>\n<\/div>\n\n<div class=\"wp-block-columns is-layout-flex wp-container-core-columns-is-layout-9d6595d7 wp-block-columns-is-layout-flex\">\n<div class=\"wp-block-column is-layout-flow wp-block-column-is-layout-flow\">\n<figure class=\"wp-block-image size-large\"><img loading=\"lazy\" decoding=\"async\" width=\"500\" height=\"1024\" src=\"https:\/\/www.kunstfuerangeln.de\/wp-content\/uploads\/2023\/09\/SCHLOSs_04-500x1024.jpg\" alt=\"\" class=\"wp-image-4795\" srcset=\"https:\/\/www.kunstfuerangeln.de\/wp-content\/uploads\/2023\/09\/SCHLOSs_04-500x1024.jpg 500w, https:\/\/www.kunstfuerangeln.de\/wp-content\/uploads\/2023\/09\/SCHLOSs_04-146x300.jpg 146w, https:\/\/www.kunstfuerangeln.de\/wp-content\/uploads\/2023\/09\/SCHLOSs_04-768x1574.jpg 768w, https:\/\/www.kunstfuerangeln.de\/wp-content\/uploads\/2023\/09\/SCHLOSs_04-749x1536.jpg 749w, https:\/\/www.kunstfuerangeln.de\/wp-content\/uploads\/2023\/09\/SCHLOSs_04.jpg 960w\" sizes=\"auto, (max-width: 500px) 100vw, 500px\" \/><\/figure>\n\n\n\n<p>Facebook: kunstfuerangeln <br \/>Instagram: kunst_fuer_angeln<\/p>\n<\/div>\n\n\n\n<div class=\"wp-block-column is-layout-flow wp-block-column-is-layout-flow\">\n<figure class=\"wp-block-video\"><video height=\"480\" style=\"aspect-ratio: 848 \/ 480;\" width=\"848\" controls=\"\" src=\"https:\/\/www.kunstfuerangeln.de\/wp-content\/uploads\/2023\/10\/schloss-gelting-vid.mp4\"><\/video><\/figure>\n\n\n\n<p>Credits: <br \/>\u00a9 Uschi Bramke, \u00a9 Lennart Grau, \u00a9 Gelting Slot<\/p>\n<\/div>\n<\/div>\n\n<h2 class=\"wp-block-heading\">INDBLIK I UDSTILLINGEN<\/h2>\n\n <div id=\"slider-block_28e8b4758d4eca9ef1d275c202bbda7e\" class=\"swiper-container-wrapper slider\">\n <div class=\"swiper-container\" data-spalten=\"1\" data-autoplay=\"1\" data-delay=\"4500\">\n    <div class=\"swiper-wrapper\">\n      \n\n <div id=\"slide-block_130141f626c9b6c908bc96893718f352\" class=\"swiper-slide slide\">\n    \n\n<figure class=\"wp-block-image size-large\"><img loading=\"lazy\" decoding=\"async\" width=\"1024\" height=\"567\" src=\"https:\/\/www.kunstfuerangeln.de\/wp-content\/uploads\/2023\/10\/gelying-01-1024x567.jpg\" alt=\"\" class=\"wp-image-5046\" srcset=\"https:\/\/www.kunstfuerangeln.de\/wp-content\/uploads\/2023\/10\/gelying-01-1024x567.jpg 1024w, https:\/\/www.kunstfuerangeln.de\/wp-content\/uploads\/2023\/10\/gelying-01-300x166.jpg 300w, https:\/\/www.kunstfuerangeln.de\/wp-content\/uploads\/2023\/10\/gelying-01-768x426.jpg 768w, https:\/\/www.kunstfuerangeln.de\/wp-content\/uploads\/2023\/10\/gelying-01-1536x851.jpg 1536w, https:\/\/www.kunstfuerangeln.de\/wp-content\/uploads\/2023\/10\/gelying-01.jpg 1617w\" sizes=\"auto, (max-width: 1024px) 100vw, 1024px\" \/><\/figure>\n\n<\/div>\n\n\n\n <div id=\"slide-block_130141f626c9b6c908bc96893718f352\" class=\"swiper-slide slide\">\n    \n\n<figure class=\"wp-block-image size-large\"><img loading=\"lazy\" decoding=\"async\" width=\"1024\" height=\"567\" src=\"https:\/\/www.kunstfuerangeln.de\/wp-content\/uploads\/2023\/10\/gelying-02-1024x567.jpg\" alt=\"\" class=\"wp-image-5048\" srcset=\"https:\/\/www.kunstfuerangeln.de\/wp-content\/uploads\/2023\/10\/gelying-02-1024x567.jpg 1024w, https:\/\/www.kunstfuerangeln.de\/wp-content\/uploads\/2023\/10\/gelying-02-300x166.jpg 300w, https:\/\/www.kunstfuerangeln.de\/wp-content\/uploads\/2023\/10\/gelying-02-768x426.jpg 768w, https:\/\/www.kunstfuerangeln.de\/wp-content\/uploads\/2023\/10\/gelying-02-1536x851.jpg 1536w, https:\/\/www.kunstfuerangeln.de\/wp-content\/uploads\/2023\/10\/gelying-02.jpg 1617w\" sizes=\"auto, (max-width: 1024px) 100vw, 1024px\" \/><\/figure>\n\n<\/div>\n\n\n\n <div id=\"slide-block_130141f626c9b6c908bc96893718f352\" class=\"swiper-slide slide\">\n    \n\n<figure class=\"wp-block-image size-large\"><img loading=\"lazy\" decoding=\"async\" width=\"1024\" height=\"567\" src=\"https:\/\/www.kunstfuerangeln.de\/wp-content\/uploads\/2023\/10\/gelying-03-1024x567.jpg\" alt=\"\" class=\"wp-image-5050\" srcset=\"https:\/\/www.kunstfuerangeln.de\/wp-content\/uploads\/2023\/10\/gelying-03-1024x567.jpg 1024w, https:\/\/www.kunstfuerangeln.de\/wp-content\/uploads\/2023\/10\/gelying-03-300x166.jpg 300w, https:\/\/www.kunstfuerangeln.de\/wp-content\/uploads\/2023\/10\/gelying-03-768x426.jpg 768w, https:\/\/www.kunstfuerangeln.de\/wp-content\/uploads\/2023\/10\/gelying-03-1536x851.jpg 1536w, https:\/\/www.kunstfuerangeln.de\/wp-content\/uploads\/2023\/10\/gelying-03.jpg 1617w\" sizes=\"auto, (max-width: 1024px) 100vw, 1024px\" \/><\/figure>\n\n<\/div>\n\n\n\n <div id=\"slide-block_130141f626c9b6c908bc96893718f352\" class=\"swiper-slide slide\">\n    \n\n<figure class=\"wp-block-image size-large\"><img loading=\"lazy\" decoding=\"async\" width=\"1024\" height=\"567\" src=\"https:\/\/www.kunstfuerangeln.de\/wp-content\/uploads\/2023\/10\/gelying-04-1024x567.jpg\" alt=\"\" class=\"wp-image-5052\" srcset=\"https:\/\/www.kunstfuerangeln.de\/wp-content\/uploads\/2023\/10\/gelying-04-1024x567.jpg 1024w, https:\/\/www.kunstfuerangeln.de\/wp-content\/uploads\/2023\/10\/gelying-04-300x166.jpg 300w, https:\/\/www.kunstfuerangeln.de\/wp-content\/uploads\/2023\/10\/gelying-04-768x426.jpg 768w, https:\/\/www.kunstfuerangeln.de\/wp-content\/uploads\/2023\/10\/gelying-04-1536x851.jpg 1536w, https:\/\/www.kunstfuerangeln.de\/wp-content\/uploads\/2023\/10\/gelying-04.jpg 1617w\" sizes=\"auto, (max-width: 1024px) 100vw, 1024px\" \/><\/figure>\n\n<\/div>\n\n\n\n <div id=\"slide-block_130141f626c9b6c908bc96893718f352\" class=\"swiper-slide slide\">\n    \n\n<figure class=\"wp-block-image size-large\"><img loading=\"lazy\" decoding=\"async\" width=\"1024\" height=\"567\" src=\"https:\/\/www.kunstfuerangeln.de\/wp-content\/uploads\/2023\/10\/gelying-05-1024x567.jpg\" alt=\"\" class=\"wp-image-5054\" srcset=\"https:\/\/www.kunstfuerangeln.de\/wp-content\/uploads\/2023\/10\/gelying-05-1024x567.jpg 1024w, https:\/\/www.kunstfuerangeln.de\/wp-content\/uploads\/2023\/10\/gelying-05-300x166.jpg 300w, https:\/\/www.kunstfuerangeln.de\/wp-content\/uploads\/2023\/10\/gelying-05-768x426.jpg 768w, https:\/\/www.kunstfuerangeln.de\/wp-content\/uploads\/2023\/10\/gelying-05-1536x851.jpg 1536w, https:\/\/www.kunstfuerangeln.de\/wp-content\/uploads\/2023\/10\/gelying-05.jpg 1617w\" sizes=\"auto, (max-width: 1024px) 100vw, 1024px\" \/><\/figure>\n\n<\/div>\n\n\n\n <div id=\"slide-block_130141f626c9b6c908bc96893718f352\" class=\"swiper-slide slide\">\n    \n\n<figure class=\"wp-block-image size-large\"><img loading=\"lazy\" decoding=\"async\" width=\"1024\" height=\"567\" src=\"https:\/\/www.kunstfuerangeln.de\/wp-content\/uploads\/2023\/10\/gelying-06-1024x567.jpg\" alt=\"\" class=\"wp-image-5056\" srcset=\"https:\/\/www.kunstfuerangeln.de\/wp-content\/uploads\/2023\/10\/gelying-06-1024x567.jpg 1024w, https:\/\/www.kunstfuerangeln.de\/wp-content\/uploads\/2023\/10\/gelying-06-300x166.jpg 300w, https:\/\/www.kunstfuerangeln.de\/wp-content\/uploads\/2023\/10\/gelying-06-768x426.jpg 768w, https:\/\/www.kunstfuerangeln.de\/wp-content\/uploads\/2023\/10\/gelying-06-1536x851.jpg 1536w, https:\/\/www.kunstfuerangeln.de\/wp-content\/uploads\/2023\/10\/gelying-06.jpg 1617w\" sizes=\"auto, (max-width: 1024px) 100vw, 1024px\" \/><\/figure>\n\n<\/div>\n\n    <\/div>\n<\/div>\n<\/div>\n\n<script>\n\n<\/script>\n\n\n\n<hr class=\"wp-block-separator has-alpha-channel-opacity\"\/>\n\n<p class=\"has-large-font-size\">KUNSTNERE:<\/p>\n\n<p>&#8211; allu.studio, Gl\u00fccksburg<br \/><br \/>&#8211; Henrik Becker, Flensborg<br \/><br \/>&#8211; Uschi Bramke, R\u00fcgge<br \/><br \/>&#8211; Thore Bernstein, Flensborg<br \/><br \/>&#8211; Nele Engler, Flensborg<br \/><br \/>&#8211; Silke Gebauer-Jorzick, R\u00fcgge og Hamborg<br \/><br \/>&#8211; Lennart Grau, Slesvig-Holsten og Berlin<br \/><br \/>&#8211; Silvia Nordmann, St. Peter Ording<br \/><br \/>&#8211; Ina Steinhusen, Flensborg<br \/><br \/>&#8211; Dietmar Wagner, R\u00fcgge<br \/><br \/>&#8211; Irina Walz-Asmussen, Esgrus<br \/><br \/><\/p>\n\n\n","protected":false},"excerpt":{"rendered":"<p>KUNST I SCHLOSs 2024 Kunst f\u00fcr Angeln e.V. pr\u00e6senterede: Photography Art overcomes Boundaries 2024p\u00e5 Gelting Slot. Udstillingen l\u00f8b frem til s\u00f8ndag den 27. oktober Vi gl\u00e6der os til den n\u00e6ste &#8220;Kunst p\u00e5 slottet&#8221;-udstilling i 2025! 19. oktober 2024 \u00c5bning af udstillingen &#8220;Fotokunst overvinder gr\u00e6nser 2024&#8221; p\u00e5 Gelting Slot i samarbejde med Kunst f\u00fcr Angeln e.V.! [&hellip;]<\/p>\n","protected":false},"author":7,"featured_media":0,"parent":0,"menu_order":0,"comment_status":"closed","ping_status":"closed","template":"","meta":{"_acf_changed":false,"footnotes":""},"class_list":["post-10788","page","type-page","status-publish","hentry"],"acf":[],"_links":{"self":[{"href":"https:\/\/www.kunstfuerangeln.de\/da\/wp-json\/wp\/v2\/pages\/10788","targetHints":{"allow":["GET"]}}],"collection":[{"href":"https:\/\/www.kunstfuerangeln.de\/da\/wp-json\/wp\/v2\/pages"}],"about":[{"href":"https:\/\/www.kunstfuerangeln.de\/da\/wp-json\/wp\/v2\/types\/page"}],"author":[{"embeddable":true,"href":"https:\/\/www.kunstfuerangeln.de\/da\/wp-json\/wp\/v2\/users\/7"}],"replies":[{"embeddable":true,"href":"https:\/\/www.kunstfuerangeln.de\/da\/wp-json\/wp\/v2\/comments?post=10788"}],"version-history":[{"count":1,"href":"https:\/\/www.kunstfuerangeln.de\/da\/wp-json\/wp\/v2\/pages\/10788\/revisions"}],"predecessor-version":[{"id":10794,"href":"https:\/\/www.kunstfuerangeln.de\/da\/wp-json\/wp\/v2\/pages\/10788\/revisions\/10794"}],"wp:attachment":[{"href":"https:\/\/www.kunstfuerangeln.de\/da\/wp-json\/wp\/v2\/media?parent=10788"}],"curies":[{"name":"wp","href":"https:\/\/api.w.org\/{rel}","templated":true}]}}