{"id":10795,"date":"2023-10-09T18:49:05","date_gmt":"2023-10-09T16:49:05","guid":{"rendered":"https:\/\/www.kunstfuerangeln.de\/kunst-i-skolen"},"modified":"2026-03-14T11:43:02","modified_gmt":"2026-03-14T10:43:02","slug":"kunst-i-skolen","status":"publish","type":"page","link":"https:\/\/www.kunstfuerangeln.de\/da\/kunst-i-skolen","title":{"rendered":"KUNST I SKOLEN"},"content":{"rendered":"\n<h1 class=\"wp-block-heading has-x-large-font-size\">Art for fishing bringer kunst ind i skolerne<\/h1>\n\n<p><br \/>I starten af 2023 pr\u00e6senterede Christine Eisner, l\u00e6rer p\u00e5 Nordlicht Schule S\u00fcderbrarup, og Ingrid Roosen-Trinks fra foreningen Kunst f\u00fcr Angeln e.V. et nyt samarbejde. Originale kunstv\u00e6rker fra Roosen-Trinks&#8217; samling udl\u00e5nes til skolen med det form\u00e5l at udvide kunstundervisningen, inspirere b\u00f8rnene til at skabe deres egne versioner i workshops og give deres fantasi nye ideer! Siden 2023 har foreningen vist resultaterne af b\u00f8rnenes kunstv\u00e6rker to gange om \u00e5ret i en separat bygning kaldet KINDER KUNST CLUB og gjort dem tilg\u00e6ngelige for offentligheden.  <br \/><\/p>\n\n<figure class=\"wp-block-image size-full\"><img loading=\"lazy\" decoding=\"async\" width=\"1024\" height=\"631\" src=\"https:\/\/www.kunstfuerangeln.de\/wp-content\/uploads\/2023\/01\/in-der-schule.jpeg\" alt=\"\" class=\"wp-image-3049\" srcset=\"https:\/\/www.kunstfuerangeln.de\/wp-content\/uploads\/2023\/01\/in-der-schule.jpeg 1024w, https:\/\/www.kunstfuerangeln.de\/wp-content\/uploads\/2023\/01\/in-der-schule-300x185.jpeg 300w, https:\/\/www.kunstfuerangeln.de\/wp-content\/uploads\/2023\/01\/in-der-schule-768x473.jpeg 768w\" sizes=\"auto, (max-width: 1024px) 100vw, 1024px\" \/><\/figure>\n\n<p>Foto: Cindy Schm\u00e4decker<br \/>Kunstner \u00a9\ufe0fHenrik Becker<br \/><\/p>\n\n<div style=\"height:20px\" aria-hidden=\"true\" class=\"wp-block-spacer\"><\/div>\n\n<h1 class=\"wp-block-heading has-x-large-font-size\" id=\"schule-proj\">En skole bliver til et museum: <br \/>Samtidskunst kommer til S\u00fcderbrarup<\/h1>\n\n<p><br \/>Foreningen KUNST F\u00dcR ANGELN e.V. og Nordlicht Schule S\u00fcderbrarup pr\u00e6senterede en &#8220;kunstpremiere&#8221; i Angeln, den nordligste region i Slesvig-Holsten, i begyndelsen af 2023 den 11. januar: Eleverne rejser ikke TIL kunsten, men kunsten kommer til skolen.<br \/><br \/>Den 11. januar 2013 \u00e5bnede skoleleder Wolfgang Sch\u00e4fing, kunstl\u00e6rer Christine Eisner og Ingrid Roosen-Trinks, bestyrelsesmedlem i foreningen KUNST F\u00dcR ANGELN e.V., en udstilling af samtidskunst i Nordlichtskolens korridorer med v\u00e6rker af de unge Flensborg-kunstnere Henrik Becker og Thore Bernstein samt den internationalt anerkendte objekt- og installationskunstner Carsten H\u00f6ller.<br \/>Skolen som l\u00e6ringssted bliver dermed et m\u00f8dested for alle elever p\u00e5 denne folkeskole i S\u00fcderbrarup &#8211; muliggjort af l\u00e5n fra foreningen KUNST F\u00dcR ANGELN e.V.<br \/>&#8220;Det er et eksperiment&#8221;, siger kunstl\u00e6rer Christine Eisner, &#8220;vi er sp\u00e6ndte p\u00e5 at se, hvordan vores elever tager imod denne nye form for kunstundervisning p\u00e5 stedet. Under alle omst\u00e6ndigheder h\u00e5ber vi, at det vil inspirere til kreative ideer og tanker og dermed udvide vores kunstundervisning uden for klasselokalet.&#8221;<br \/><\/p>\n\n<div class=\"wp-block-columns is-layout-flex wp-container-core-columns-is-layout-9d6595d7 wp-block-columns-is-layout-flex\">\n<div class=\"wp-block-column is-layout-flow wp-block-column-is-layout-flow\">\n<figure class=\"wp-block-image size-large\"><img loading=\"lazy\" decoding=\"async\" width=\"768\" height=\"1024\" src=\"https:\/\/www.kunstfuerangeln.de\/wp-content\/uploads\/2023\/01\/Nordlicht-Schule-IMG_3555-768x1024.jpeg\" alt=\"\" class=\"wp-image-2976\" srcset=\"https:\/\/www.kunstfuerangeln.de\/wp-content\/uploads\/2023\/01\/Nordlicht-Schule-IMG_3555-768x1024.jpeg 768w, https:\/\/www.kunstfuerangeln.de\/wp-content\/uploads\/2023\/01\/Nordlicht-Schule-IMG_3555-225x300.jpeg 225w, https:\/\/www.kunstfuerangeln.de\/wp-content\/uploads\/2023\/01\/Nordlicht-Schule-IMG_3555-rotated.jpeg 960w\" sizes=\"auto, (max-width: 768px) 100vw, 768px\" \/><\/figure>\n<\/div>\n\n\n\n<div class=\"wp-block-column is-layout-flow wp-block-column-is-layout-flow\">\n<p>Rektor Sch\u00e4fing: &#8220;I en verden, der er domineret af levende billeder, og hvis hastighed ber\u00f8ver os mere tid, end den giver os, giver det at se p\u00e5 og besk\u00e6ftige sig med samtidskunst mulighed for at stoppe op, tage sig tid til kreative tanker, tillade f\u00f8lelser og nye perspektiver &#8211; og dermed udvide vores horisont. Vi ser dette innovative kunstsamarbejde som en udvidelse af vores uddannelsesprogrammer og gl\u00e6der os til at have kunstv\u00e6rkerne hos os indtil p\u00e5sken 2023.&#8221;<br \/><br \/>Ingrid Roosen-Trinks, bestyrelsesmedlem i foreningen KUNST F\u00dcR ANGELN e.V.: &#8220;For et \u00e5r siden stiftede vi vores forening KUNST F\u00dcR ANGELN e.V. med det pr\u00e6cise form\u00e5l at give elever, unge, \u00e6ldre og alle, der bor, arbejder og g\u00e5r i skole i Angeln, let og ukompliceret adgang til samtidskunst &#8211; herunder udstillinger p\u00e5 Wittkielhof, workshops med kunstnere og sociale projekter.<\/p>\n<\/div>\n<\/div>\n\n<div class=\"wp-block-columns is-layout-flex wp-container-core-columns-is-layout-9d6595d7 wp-block-columns-is-layout-flex\">\n<div class=\"wp-block-column is-layout-flow wp-block-column-is-layout-flow\">\n<p>Takket v\u00e6re ROOSEN-TRINKS-samlingen g\u00f8r vi det nu ogs\u00e5 muligt at opleve samtidskunst live p\u00e5 stedet med udl\u00e5n &#8211; i dette tilf\u00e6lde p\u00e5 Nordlicht-grundskolen i hjertet af Angeln. Vi vil ogs\u00e5 gerne tilbyde denne service til andre skoler i Angeln.&#8221;<br \/>Premieren i S\u00fcderbrarup var en stor succes, og de f\u00f8rste kommentarer fra elever i alderen 6-10 \u00e5r viser, hvor mangfoldig og varieret kunst kan v\u00e6re, og hvor meget den stimulerer fantasien og den kreative t\u00e6nkning.<br \/>For eksempel kommentarer til Thore Bernsteins fotov\u00e6rk &#8220;Water Tower&#8221;: &#8220;En k\u00e6mpet\u00f8nde, som en dv\u00e6rg ser den&#8221;, eller &#8220;En plante, der er vokset meget hurtigt&#8221;, eller &#8220;En bl\u00e5 gang med en magisk d\u00f8r&#8221;.<br \/>P\u00e5 sp\u00f8rgsm\u00e5let om, hvem der kunne t\u00e6nke sig at blive kunstner en dag, blev der spontant rakt 11 fingre i vejret. Kunstverdenen beh\u00f8ver ikke at bekymre sig om mangel p\u00e5 unge talenter forel\u00f8big.<br \/>Frem til midten af april 2023 blev kunstv\u00e6rkerne integreret i skoleundervisningen og inviteret til inspirerende workshops i frikvartererne. foreningen KUNST F\u00dcR ANGELN e.V. vil pr\u00e6sentere resultaterne i en s\u00e6rudstilling fra efter\u00e5ret.  <br \/><br \/><\/p>\n\n\n\n<p>Kontakt:<br \/>Nordlicht School<br \/>nordlicht-schule.suederbrarup@schule.landsh.de<\/p>\n<\/div>\n\n\n\n<div class=\"wp-block-column is-layout-flow wp-block-column-is-layout-flow\">\n<figure class=\"wp-block-image size-full\"><img loading=\"lazy\" decoding=\"async\" width=\"740\" height=\"986\" src=\"https:\/\/www.kunstfuerangeln.de\/wp-content\/uploads\/2023\/01\/becker-schule.jpg\" alt=\"\" class=\"wp-image-2983\" srcset=\"https:\/\/www.kunstfuerangeln.de\/wp-content\/uploads\/2023\/01\/becker-schule.jpg 740w, https:\/\/www.kunstfuerangeln.de\/wp-content\/uploads\/2023\/01\/becker-schule-225x300.jpg 225w\" sizes=\"auto, (max-width: 740px) 100vw, 740px\" \/><figcaption class=\"wp-element-caption\">Kunstv\u00e6rk Henrik Becker \u00a9 Roosen-Trinks Collection, Olie og akryl p\u00e5 l\u00e6rred<\/figcaption><\/figure>\n<\/div>\n<\/div>\n\n<hr class=\"wp-block-separator has-alpha-channel-opacity\"\/>\n\n<div style=\"height:37px\" aria-hidden=\"true\" class=\"wp-block-spacer\"><\/div>\n\n<h1 class=\"wp-block-heading has-x-large-font-size\" id=\"secunda-proj-d\">&#8220;SECUNDA&#8221;: Kunst til den anden <br \/>p\u00e5 Nordlicht-skolen<\/h1>\n\n<p>Foreningen KUNST F\u00dcR ANGELN e.V. og Nordlicht- Schule S\u00fcderbrarup \u00e5bnede den anden kunstudstilling med billeder af samtidskunst fra ROOSEN- TRINKS-samlingen den 26. april 2023 kl. 10:30.<\/p>\n\n<p>Der blev udstillet v\u00e6rker af kunstnerne Hendrik Becker, Ulla von Brandenburg, Atsushi Kaga og Carol Wates.<\/p>\n\n<p>Kunstl\u00e6rer Christine Eisner sagde: &#8220;Efter tre meget vellykkede m\u00e5neder med de f\u00f8rste l\u00e5n af kunst fra Roosen-Trinks-samlingen har vi indset, at b\u00f8rnene i alle klasser ikke l\u00e6ngere vil g\u00e5 glip af billederne, og at de billeder, som eleverne har skabt, er klar til at blive udstillet, efter at originalerne er blevet afleveret! Vi er derfor glade for, at vi nu kan berige vores kunstundervisning med yderligere l\u00e5n!&#8221;<\/p>\n\n<p>&#8220;Foreningen KUNST F\u00dcR ANGELN og jeg er stolte og glade for at kunne give b\u00f8rnene endnu en mulighed for at oms\u00e6tte deres kreativitet og fantasi til kunst med disse l\u00e5n!<\/p>\n\n<p>Vi vil vise resultaterne af b\u00f8rnenes kunst i vores planlagte KINDER KUNST CLUB ANGELN p\u00e5 WITTKIELHOF fra oktober,&#8221; siger Ingrid Roosen-Trinks.<\/p>\n\n<p>Rektor Wolfgang Sch\u00e4fing: &#8220;Tak til foreningen KUNST F\u00dcR ANGELN for at g\u00f8re disse l\u00e5n mulige for anden gang! Original samtidskunst i skolen er en berigelse af skolelivet og undervisningen.&#8221;<\/p>\n\n<p>Udstillingen blev \u00e5bnet med musik af Natalie Gudow, som spiller violin med stor passion og er en engageret violinl\u00e6rer p\u00e5 Slesvig-Flensborgs distriktsmusikskole. Musik kan ogs\u00e5 skabe billeder i sindet.   <\/p>\n\n<figure class=\"wp-block-gallery has-nested-images columns-default is-cropped wp-block-gallery-1 is-layout-flex wp-block-gallery-is-layout-flex\">\n<figure class=\"wp-block-image size-large\"><img loading=\"lazy\" decoding=\"async\" width=\"683\" height=\"1024\" data-id=\"3847\" src=\"https:\/\/www.kunstfuerangeln.de\/wp-content\/uploads\/2023\/05\/f07f187c-4ec8-470f-af3d-15ecb6ba48c4-683x1024.jpg\" alt=\"\" class=\"wp-image-3847\" srcset=\"https:\/\/www.kunstfuerangeln.de\/wp-content\/uploads\/2023\/05\/f07f187c-4ec8-470f-af3d-15ecb6ba48c4-683x1024.jpg 683w, https:\/\/www.kunstfuerangeln.de\/wp-content\/uploads\/2023\/05\/f07f187c-4ec8-470f-af3d-15ecb6ba48c4-200x300.jpg 200w, https:\/\/www.kunstfuerangeln.de\/wp-content\/uploads\/2023\/05\/f07f187c-4ec8-470f-af3d-15ecb6ba48c4-768x1151.jpg 768w, https:\/\/www.kunstfuerangeln.de\/wp-content\/uploads\/2023\/05\/f07f187c-4ec8-470f-af3d-15ecb6ba48c4-1025x1536.jpg 1025w, https:\/\/www.kunstfuerangeln.de\/wp-content\/uploads\/2023\/05\/f07f187c-4ec8-470f-af3d-15ecb6ba48c4.jpg 1366w\" sizes=\"auto, (max-width: 683px) 100vw, 683px\" \/><\/figure>\n\n\n\n<figure class=\"wp-block-image size-large\"><img loading=\"lazy\" decoding=\"async\" width=\"886\" height=\"666\" data-id=\"3842\" src=\"https:\/\/www.kunstfuerangeln.de\/wp-content\/uploads\/2023\/05\/KunstSchule.jpg\" alt=\"\" class=\"wp-image-3842\" srcset=\"https:\/\/www.kunstfuerangeln.de\/wp-content\/uploads\/2023\/05\/KunstSchule.jpg 886w, https:\/\/www.kunstfuerangeln.de\/wp-content\/uploads\/2023\/05\/KunstSchule-300x226.jpg 300w, https:\/\/www.kunstfuerangeln.de\/wp-content\/uploads\/2023\/05\/KunstSchule-768x577.jpg 768w\" sizes=\"auto, (max-width: 886px) 100vw, 886px\" \/><\/figure>\n<\/figure>\n\n<div style=\"height:28px\" aria-hidden=\"true\" class=\"wp-block-spacer\"><\/div>\n","protected":false},"excerpt":{"rendered":"<p>Art for fishing bringer kunst ind i skolerne I starten af 2023 pr\u00e6senterede Christine Eisner, l\u00e6rer p\u00e5 Nordlicht Schule S\u00fcderbrarup, og Ingrid Roosen-Trinks fra foreningen Kunst f\u00fcr Angeln e.V. et nyt samarbejde. Originale kunstv\u00e6rker fra Roosen-Trinks&#8217; samling udl\u00e5nes til skolen med det form\u00e5l at udvide kunstundervisningen, inspirere b\u00f8rnene til at skabe deres egne versioner i [&hellip;]<\/p>\n","protected":false},"author":7,"featured_media":0,"parent":0,"menu_order":0,"comment_status":"closed","ping_status":"closed","template":"","meta":{"_acf_changed":false,"footnotes":""},"class_list":["post-10795","page","type-page","status-publish","hentry"],"acf":[],"_links":{"self":[{"href":"https:\/\/www.kunstfuerangeln.de\/da\/wp-json\/wp\/v2\/pages\/10795","targetHints":{"allow":["GET"]}}],"collection":[{"href":"https:\/\/www.kunstfuerangeln.de\/da\/wp-json\/wp\/v2\/pages"}],"about":[{"href":"https:\/\/www.kunstfuerangeln.de\/da\/wp-json\/wp\/v2\/types\/page"}],"author":[{"embeddable":true,"href":"https:\/\/www.kunstfuerangeln.de\/da\/wp-json\/wp\/v2\/users\/7"}],"replies":[{"embeddable":true,"href":"https:\/\/www.kunstfuerangeln.de\/da\/wp-json\/wp\/v2\/comments?post=10795"}],"version-history":[{"count":1,"href":"https:\/\/www.kunstfuerangeln.de\/da\/wp-json\/wp\/v2\/pages\/10795\/revisions"}],"predecessor-version":[{"id":10796,"href":"https:\/\/www.kunstfuerangeln.de\/da\/wp-json\/wp\/v2\/pages\/10795\/revisions\/10796"}],"wp:attachment":[{"href":"https:\/\/www.kunstfuerangeln.de\/da\/wp-json\/wp\/v2\/media?parent=10795"}],"curies":[{"name":"wp","href":"https:\/\/api.w.org\/{rel}","templated":true}]}}