{"id":10800,"date":"2022-10-23T17:40:38","date_gmt":"2022-10-23T15:40:38","guid":{"rendered":"https:\/\/www.kunstfuerangeln.de\/doner"},"modified":"2026-03-14T11:56:23","modified_gmt":"2026-03-14T10:56:23","slug":"doner","status":"publish","type":"page","link":"https:\/\/www.kunstfuerangeln.de\/da\/doner","title":{"rendered":"DON\u00c9R"},"content":{"rendered":"\n<h1 class=\"wp-block-heading\">DON\u00c9R<\/h1>\n\n\n\n<p>Hvis du gerne vil st\u00f8tte Kunst f\u00fcr Angeln e.V., vil vi blive meget glade.<br \/>Da dette er en non-profit organisation, vil du naturligvis modtage en donationskvittering fra os.<\/p>\n\n<h2 class=\"wp-block-heading\" id=\"iban-d\">Bankoplysninger KUnst f\u00fcr Angeln e.v.<\/h2>\n\n<p>IBAN: DE17 2007 0024 0209 7780 00<br \/>BIC: DEUTDEDBHAM<\/p>\n\n<p>Tilsigtet anvendelse: Donation Kunst f\u00fcr Angeln e.V.<\/p>\n\n<h3 class=\"wp-block-heading\">OG \/ ELLER<\/h3>\n\n\n\n<h2 class=\"wp-block-heading\" id=\"iban-d\">Bankoplysninger KInder kunst club angeln \/ KUnst f\u00fcr Angeln e.v.<\/h2>\n\n<p>IBAN: DE89 2175 0000 0166 5695 41<br \/>BIC: NOLADE21NOS<\/p>\n\n<p>Form\u00e5l: Donation Workshops Kinder Kunst Club Angeln<\/p>\n\n<h3 class=\"wp-block-heading\">TUSIND TAK SKAL DU HAVE!<\/h3>\n","protected":false},"excerpt":{"rendered":"<p>DON\u00c9R Hvis du gerne vil st\u00f8tte Kunst f\u00fcr Angeln e.V., vil vi blive meget glade.Da dette er en non-profit organisation, vil du naturligvis modtage en donationskvittering fra os. Bankoplysninger KUnst f\u00fcr Angeln e.v. IBAN: DE17 2007 0024 0209 7780 00BIC: DEUTDEDBHAM Tilsigtet anvendelse: Donation Kunst f\u00fcr Angeln e.V. OG \/ ELLER Bankoplysninger KInder kunst club [&hellip;]<\/p>\n","protected":false},"author":7,"featured_media":0,"parent":0,"menu_order":0,"comment_status":"closed","ping_status":"closed","template":"","meta":{"_acf_changed":false,"footnotes":""},"class_list":["post-10800","page","type-page","status-publish","hentry"],"acf":[],"_links":{"self":[{"href":"https:\/\/www.kunstfuerangeln.de\/da\/wp-json\/wp\/v2\/pages\/10800","targetHints":{"allow":["GET"]}}],"collection":[{"href":"https:\/\/www.kunstfuerangeln.de\/da\/wp-json\/wp\/v2\/pages"}],"about":[{"href":"https:\/\/www.kunstfuerangeln.de\/da\/wp-json\/wp\/v2\/types\/page"}],"author":[{"embeddable":true,"href":"https:\/\/www.kunstfuerangeln.de\/da\/wp-json\/wp\/v2\/users\/7"}],"replies":[{"embeddable":true,"href":"https:\/\/www.kunstfuerangeln.de\/da\/wp-json\/wp\/v2\/comments?post=10800"}],"version-history":[{"count":1,"href":"https:\/\/www.kunstfuerangeln.de\/da\/wp-json\/wp\/v2\/pages\/10800\/revisions"}],"predecessor-version":[{"id":10801,"href":"https:\/\/www.kunstfuerangeln.de\/da\/wp-json\/wp\/v2\/pages\/10800\/revisions\/10801"}],"wp:attachment":[{"href":"https:\/\/www.kunstfuerangeln.de\/da\/wp-json\/wp\/v2\/media?parent=10800"}],"curies":[{"name":"wp","href":"https:\/\/api.w.org\/{rel}","templated":true}]}}