{"id":10822,"date":"2023-01-31T11:43:25","date_gmt":"2023-01-31T10:43:25","guid":{"rendered":"https:\/\/www.kunstfuerangeln.de\/nyt-hjem"},"modified":"2026-03-14T11:57:47","modified_gmt":"2026-03-14T10:57:47","slug":"nyt-hjem","status":"publish","type":"page","link":"https:\/\/www.kunstfuerangeln.de\/da\/nyt-hjem","title":{"rendered":"nyt hjem"},"content":{"rendered":"\n\n\n <div id=\"slider-block_52955524a8b340cb719854b3da7eec86\" class=\"swiper-container-wrapper slider alignfull\">\n <div class=\"swiper-container\" data-spalten=\"1\" data-autoplay=\"1\" data-delay=\"6000\">\n    <div class=\"swiper-wrapper\">\n      \n\n <div id=\"slide-block_37865f6fd0c0b60628b471515eff241e\" class=\"swiper-slide slide\">\n    \n\n<div class=\"wp-block-cover is-light has-custom-content-position is-position-top-left\"><span aria-hidden=\"true\" class=\"wp-block-cover__background has-background-dim-0 has-background-dim\"><\/span><img loading=\"lazy\" decoding=\"async\" width=\"2560\" height=\"893\" class=\"wp-block-cover__image-background wp-image-2757\" alt=\"\" src=\"https:\/\/www.kunstfuerangeln.de\/wp-content\/uploads\/2023\/01\/landing-2023-scaled.jpg\" style=\"object-position:6% 4%\" data-object-fit=\"cover\" data-object-position=\"6% 4%\" srcset=\"https:\/\/www.kunstfuerangeln.de\/wp-content\/uploads\/2023\/01\/landing-2023-scaled.jpg 2560w, https:\/\/www.kunstfuerangeln.de\/wp-content\/uploads\/2023\/01\/landing-2023-300x105.jpg 300w, https:\/\/www.kunstfuerangeln.de\/wp-content\/uploads\/2023\/01\/landing-2023-1024x357.jpg 1024w, https:\/\/www.kunstfuerangeln.de\/wp-content\/uploads\/2023\/01\/landing-2023-768x268.jpg 768w, https:\/\/www.kunstfuerangeln.de\/wp-content\/uploads\/2023\/01\/landing-2023-1536x536.jpg 1536w, https:\/\/www.kunstfuerangeln.de\/wp-content\/uploads\/2023\/01\/landing-2023-2048x714.jpg 2048w\" sizes=\"auto, (max-width: 2560px) 100vw, 2560px\" \/><div class=\"wp-block-cover__inner-container is-layout-flow wp-block-cover-is-layout-flow\">\n<div class=\"wp-block-group alignwide\"><div class=\"wp-block-group__inner-container is-layout-flow wp-block-group-is-layout-flow\"><\/div><\/div>\n<\/div><\/div>\n\n<\/div>\n\n\n\n <div id=\"slide-block_37865f6fd0c0b60628b471515eff241e\" class=\"swiper-slide slide\">\n    \n\n<div class=\"wp-block-cover has-custom-content-position is-position-top-left\"><span aria-hidden=\"true\" class=\"wp-block-cover__background has-background-dim-0 has-background-dim\"><\/span><img loading=\"lazy\" decoding=\"async\" width=\"2560\" height=\"893\" class=\"wp-block-cover__image-background wp-image-2959\" alt=\"\" src=\"https:\/\/www.kunstfuerangeln.de\/wp-content\/uploads\/2023\/01\/landing-music-scaled.jpg\" style=\"object-position:6% 4%\" data-object-fit=\"cover\" data-object-position=\"6% 4%\" srcset=\"https:\/\/www.kunstfuerangeln.de\/wp-content\/uploads\/2023\/01\/landing-music-scaled.jpg 2560w, https:\/\/www.kunstfuerangeln.de\/wp-content\/uploads\/2023\/01\/landing-music-300x105.jpg 300w, https:\/\/www.kunstfuerangeln.de\/wp-content\/uploads\/2023\/01\/landing-music-1024x357.jpg 1024w, https:\/\/www.kunstfuerangeln.de\/wp-content\/uploads\/2023\/01\/landing-music-768x268.jpg 768w, https:\/\/www.kunstfuerangeln.de\/wp-content\/uploads\/2023\/01\/landing-music-1536x536.jpg 1536w, https:\/\/www.kunstfuerangeln.de\/wp-content\/uploads\/2023\/01\/landing-music-2048x714.jpg 2048w\" sizes=\"auto, (max-width: 2560px) 100vw, 2560px\" \/><div class=\"wp-block-cover__inner-container is-layout-flow wp-block-cover-is-layout-flow\">\n<div class=\"wp-block-group alignwide\"><div class=\"wp-block-group__inner-container is-layout-flow wp-block-group-is-layout-flow\"><\/div><\/div>\n<\/div><\/div>\n\n<\/div>\n\n    <\/div>\n<\/div>\n<\/div>\n\n<script>\n\n<\/script>\n\n<div class=\"wp-block-columns is-layout-flex wp-container-core-columns-is-layout-9d6595d7 wp-block-columns-is-layout-flex\">\n<div class=\"wp-block-column is-layout-flow wp-block-column-is-layout-flow\">\n<h2 class=\"wp-block-heading\">AKTUEL UDSTILLING<\/h2>\n\n\n\n<figure class=\"wp-block-image size-full\"><img loading=\"lazy\" decoding=\"async\" width=\"886\" height=\"666\" src=\"https:\/\/www.kunstfuerangeln.de\/wp-content\/uploads\/2023\/04\/Becker-neu.jpg\" alt=\"\" class=\"wp-image-3405\" srcset=\"https:\/\/www.kunstfuerangeln.de\/wp-content\/uploads\/2023\/04\/Becker-neu.jpg 886w, https:\/\/www.kunstfuerangeln.de\/wp-content\/uploads\/2023\/04\/Becker-neu-300x226.jpg 300w, https:\/\/www.kunstfuerangeln.de\/wp-content\/uploads\/2023\/04\/Becker-neu-768x577.jpg 768w\" sizes=\"auto, (max-width: 886px) 100vw, 886px\" \/><\/figure>\n\n\n\n<p>Den 16. april 2023 \u00e5bnede den store udstilling ART OVERCOMES BOUNDARIES med 30 kunstnere fra Danmark og Slesvig-Holsten.<\/p>\n\n\n\n<div class=\"wp-block-buttons is-layout-flex wp-block-buttons-is-layout-flex\">\n<div class=\"wp-block-button is-style-outline is-style-outline--1\"><a class=\"wp-block-button__link wp-element-button\" href=\"https:\/\/www.kunstfuerangeln.de\/ausstellungen\/vorschau\">L\u00c6S MERE<\/a><\/div>\n<\/div>\n<\/div>\n\n\n\n<div class=\"wp-block-column is-layout-flow wp-block-column-is-layout-flow\">\n<h2 class=\"wp-block-heading\">TIDLIGERE UDSTILLINGER<\/h2>\n\n\n\n<figure class=\"wp-block-image size-full\"><img loading=\"lazy\" decoding=\"async\" width=\"886\" height=\"666\" src=\"https:\/\/www.kunstfuerangeln.de\/wp-content\/uploads\/2023\/04\/Wates-besser.jpg\" alt=\"\" class=\"wp-image-3403\" srcset=\"https:\/\/www.kunstfuerangeln.de\/wp-content\/uploads\/2023\/04\/Wates-besser.jpg 886w, https:\/\/www.kunstfuerangeln.de\/wp-content\/uploads\/2023\/04\/Wates-besser-300x226.jpg 300w, https:\/\/www.kunstfuerangeln.de\/wp-content\/uploads\/2023\/04\/Wates-besser-768x577.jpg 768w\" sizes=\"auto, (max-width: 886px) 100vw, 886px\" \/><\/figure>\n\n\n\n<p>Vores anden udstilling sluttede den 30. november 2022: &#8220;City, Country, Networking&#8221; med v\u00e6rker af bl.a. Jane Hilton.<\/p>\n\n\n\n<div class=\"wp-block-buttons is-layout-flex wp-block-buttons-is-layout-flex\">\n<div class=\"wp-block-button is-style-outline is-style-outline--2\"><a class=\"wp-block-button__link wp-element-button\" href=\"https:\/\/www.kunstfuerangeln.de\/ausstellungen\">L\u00c6S MERE<\/a><\/div>\n<\/div>\n<\/div>\n\n\n\n<div class=\"wp-block-column is-layout-flow wp-block-column-is-layout-flow\">\n<h2 class=\"wp-block-heading\">FORUDSIGT<\/h2>\n\n\n\n<div style=\"height:38px\" aria-hidden=\"true\" class=\"wp-block-spacer\"><\/div>\n\n\n\n<figure class=\"wp-block-image size-large\"><img loading=\"lazy\" decoding=\"async\" width=\"1024\" height=\"805\" src=\"https:\/\/www.kunstfuerangeln.de\/wp-content\/uploads\/2023\/01\/rollinBer-886-1024x805.jpg\" alt=\"\" class=\"wp-image-2847\" srcset=\"https:\/\/www.kunstfuerangeln.de\/wp-content\/uploads\/2023\/01\/rollinBer-886-1024x805.jpg 1024w, https:\/\/www.kunstfuerangeln.de\/wp-content\/uploads\/2023\/01\/rollinBer-886-300x236.jpg 300w, https:\/\/www.kunstfuerangeln.de\/wp-content\/uploads\/2023\/01\/rollinBer-886-768x604.jpg 768w, https:\/\/www.kunstfuerangeln.de\/wp-content\/uploads\/2023\/01\/rollinBer-886.jpg 1513w\" sizes=\"auto, (max-width: 1024px) 100vw, 1024px\" \/><\/figure>\n\n\n\n<p>KUNST F\u00dcR ANGELN vil ogs\u00e5 byde p\u00e5 interessante udstillinger og projekter i 2023. Du kan finde en oversigt her:<\/p>\n\n\n\n<div class=\"wp-block-buttons is-layout-flex wp-block-buttons-is-layout-flex\">\n<div class=\"wp-block-button is-style-outline is-style-outline--3\"><a class=\"wp-block-button__link wp-element-button\" href=\"https:\/\/www.kunstfuerangeln.de\/projekte\">L\u00c6S MERE<\/a><\/div>\n<\/div>\n<\/div>\n<\/div>\n\n<div class=\"wp-block-columns is-layout-flex wp-container-core-columns-is-layout-9d6595d7 wp-block-columns-is-layout-flex\">\n<div class=\"wp-block-column is-layout-flow wp-block-column-is-layout-flow\">\n<h2 class=\"wp-block-heading\">KUNST MOD ENSOMHED<\/h2>\n\n\n\n<figure class=\"wp-block-image size-large\"><a href=\"https:\/\/www.kunstfuerangeln.de\/projekte\"><img decoding=\"async\" src=\"https:\/\/www.kunstfuerangeln.de\/wp-content\/uploads\/2022\/11\/AOB-neu.jpg\" alt=\"\"\/><\/a><\/figure>\n\n\n\n<p><br \/>Et nyt socialt projekt p\u00e5 tv\u00e6rs af generationer i nord:<br \/>Foreningen KUNST F\u00dcR ANGELN og skoleb\u00f8rn fra Angeln bruger KUNST til at bringe \u00e6ldre ud af deres isolation.<\/p>\n\n\n\n<div class=\"wp-block-buttons is-layout-flex wp-block-buttons-is-layout-flex\">\n<div class=\"wp-block-button is-style-outline is-style-outline--4\"><a class=\"wp-block-button__link wp-element-button\" href=\"https:\/\/www.kunstfuerangeln.de\/projekte\">L\u00c6S MERE<\/a><\/div>\n<\/div>\n<\/div>\n\n\n\n<div class=\"wp-block-column is-layout-flow wp-block-column-is-layout-flow\">\n<h2 class=\"wp-block-heading\">KUNST&amp;MUSIK<\/h2>\n\n\n\n<div style=\"height:38px\" aria-hidden=\"true\" class=\"wp-block-spacer\"><\/div>\n\n\n\n<figure class=\"wp-block-image size-large\"><a href=\"https:\/\/www.kunstfuerangeln.de\/art-music-fest\"><img decoding=\"async\" src=\"https:\/\/www.kunstfuerangeln.de\/wp-content\/uploads\/2023\/01\/ClarinetTrio.jpg\" alt=\"\"\/><\/a><\/figure>\n\n\n\n<p>Foreningen KUNST F\u00dcR ANGELN e.V. bygger en &#8220;kulturbro&#8221; til Danmark og udvider sit program med en musikfestival i samarbejde med Den Danske Klarinettrio og Schackenborg Musikfestival M\u00f8gelt\u00f8nder.<br \/>En weekend i oktober 2023 p\u00e5 WITTKIELHOF med klassiske musikalske h\u00f8jdepunkter, samtidskunst og nogle kulturelle overraskelser!<\/p>\n\n\n\n<div class=\"wp-block-buttons is-layout-flex wp-block-buttons-is-layout-flex\">\n<div class=\"wp-block-button is-style-outline is-style-outline--5\"><a class=\"wp-block-button__link wp-element-button\" href=\"https:\/\/www.kunstfuerangeln.de\/art-music-fest\">L\u00c6S MERE<\/a><\/div>\n<\/div>\n<\/div>\n\n\n\n<div class=\"wp-block-column is-layout-flow wp-block-column-is-layout-flow\">\n<h2 class=\"wp-block-heading\">NYHEDER<\/h2>\n\n\n\n<figure class=\"wp-block-image size-large\"><a href=\"https:\/\/www.kunstfuerangeln.de\/news\"><img loading=\"lazy\" decoding=\"async\" width=\"1024\" height=\"802\" src=\"https:\/\/www.kunstfuerangeln.de\/wp-content\/uploads\/2023\/02\/Eisbaer-1024x802.jpg\" alt=\"\" class=\"wp-image-3203\" srcset=\"https:\/\/www.kunstfuerangeln.de\/wp-content\/uploads\/2023\/02\/Eisbaer-1024x802.jpg 1024w, https:\/\/www.kunstfuerangeln.de\/wp-content\/uploads\/2023\/02\/Eisbaer-300x235.jpg 300w, https:\/\/www.kunstfuerangeln.de\/wp-content\/uploads\/2023\/02\/Eisbaer-768x602.jpg 768w, https:\/\/www.kunstfuerangeln.de\/wp-content\/uploads\/2023\/02\/Eisbaer.jpg 1225w\" sizes=\"auto, (max-width: 1024px) 100vw, 1024px\" \/><\/a><\/figure>\n\n\n\n<p>Forskellige ting fra samlingen og fra kunstnerne.<\/p>\n\n\n\n<div class=\"wp-block-buttons is-layout-flex wp-block-buttons-is-layout-flex\">\n<div class=\"wp-block-button is-style-outline is-style-outline--6\"><a class=\"wp-block-button__link wp-element-button\" href=\"https:\/\/www.kunstfuerangeln.de\/news\" target=\"_blank\" rel=\"noreferrer noopener\">L\u00c6S MERE<\/a><\/div>\n<\/div>\n<\/div>\n<\/div>\n\n<div class=\"wp-block-columns is-layout-flex wp-container-core-columns-is-layout-9d6595d7 wp-block-columns-is-layout-flex\">\n<div class=\"wp-block-column is-layout-flow wp-block-column-is-layout-flow\">\n<h2 class=\"wp-block-heading\">WORKSHOPS FOR B\u00d8RN<\/h2>\n\n\n\n<figure class=\"wp-block-image size-large\"><a href=\"https:\/\/www.kunstfuerangeln.de\/vermittlung\/kinder-kunst-kfa\"><img decoding=\"async\" src=\"https:\/\/www.kunstfuerangeln.de\/wp-content\/uploads\/2022\/03\/9_Malte-Urbschat_Bobby_the_Booster_2021_Credit_Malte-Urbschat-edited-1.jpg\" alt=\"\"\/><\/a><\/figure>\n\n\n\n<p>Foreningen KUNST F\u00dcR ANGELN e.V. tilbyder flere gange om \u00e5ret workshops for b\u00f8rn mellem 5 og 14 \u00e5r med kunstnere, der er repr\u00e6senteret med kunstv\u00e6rker i Roosen-Trinks-samlingen. Disse kunstv\u00e6rker skal spores og genskabes.<\/p>\n\n\n\n<div class=\"wp-block-buttons is-layout-flex wp-block-buttons-is-layout-flex\">\n<div class=\"wp-block-button is-style-outline is-style-outline--7\"><a class=\"wp-block-button__link wp-element-button\" href=\"https:\/\/www.kunstfuerangeln.de\/besuch\">L\u00c6S MERE<\/a><\/div>\n<\/div>\n<\/div>\n\n\n\n<div class=\"wp-block-column is-layout-flow wp-block-column-is-layout-flow\">\n<h2 class=\"wp-block-heading\">BES\u00d8G<\/h2>\n\n\n\n<div style=\"height:37px\" aria-hidden=\"true\" class=\"wp-block-spacer\"><\/div>\n\n\n\n<figure class=\"wp-block-image size-large\"><img decoding=\"async\" src=\"https:\/\/www.kunstfuerangeln.de\/wp-content\/uploads\/2023\/04\/Besuch.jpg\" alt=\"\"\/><\/figure>\n\n\n\n<p>Ankomst, ture, omgivelser, registrering og meget mere.<br \/><\/p>\n\n\n\n<div class=\"wp-block-buttons is-layout-flex wp-block-buttons-is-layout-flex\">\n<div class=\"wp-block-button is-style-outline is-style-outline--8\"><a class=\"wp-block-button__link wp-element-button\" href=\"https:\/\/www.kunstfuerangeln.de\/besuch\">L\u00c6S MERE<\/a><\/div>\n<\/div>\n<\/div>\n\n\n\n<div class=\"wp-block-column is-layout-flow wp-block-column-is-layout-flow\">\n<h2 class=\"wp-block-heading\">WITTKIELHOF<\/h2>\n\n\n\n<figure class=\"wp-block-image size-large\"><a href=\"https:\/\/www.kunstfuerangeln.de\/der-wittkielhof\"><img decoding=\"async\" src=\"https:\/\/www.kunstfuerangeln.de\/wp-content\/uploads\/2022\/11\/Hof-Neu.jpg\" alt=\"\"\/><\/a><\/figure>\n\n\n\n<p>Wittkielhof er en typisk Angelit-g\u00e5rd med tre sider, en type g\u00e5rd, der er karakteristisk for Angeln-halv\u00f8en i det nordlige Slesvig-Holsten, og som udviklede sig i det 19. \u00e5rhundrede.<\/p>\n\n\n\n<div class=\"wp-block-buttons is-layout-flex wp-block-buttons-is-layout-flex\">\n<div class=\"wp-block-button is-style-outline is-style-outline--9\"><a class=\"wp-block-button__link wp-element-button\" href=\"https:\/\/www.kunstfuerangeln.de\/der-wittkielhof\">L\u00c6S MERE<\/a><\/div>\n<\/div>\n<\/div>\n<\/div>\n\n<div class=\"wp-block-columns is-layout-flex wp-container-core-columns-is-layout-9d6595d7 wp-block-columns-is-layout-flex\">\n<div class=\"wp-block-column is-layout-flow wp-block-column-is-layout-flow\">\n<h2 class=\"wp-block-heading\">PROJEKTER<\/h2>\n\n\n\n<figure class=\"wp-block-image size-large\"><img decoding=\"async\" src=\"https:\/\/www.kunstfuerangeln.de\/wp-content\/uploads\/2023\/01\/abschluss2.jpg\" alt=\"\"\/><\/figure>\n\n\n\n<p>Vores forening KUNST F\u00dcR ANGELN e.V. igangs\u00e6tter sociale projekter, der bringer alle generationer i Slesvig-Holsten og Danmark sammen p\u00e5 tv\u00e6rs af gr\u00e6nser.<\/p>\n\n\n\n<div class=\"wp-block-buttons is-layout-flex wp-block-buttons-is-layout-flex\">\n<div class=\"wp-block-button is-style-outline is-style-outline--10\"><a class=\"wp-block-button__link wp-element-button\">L\u00c6S MERE<\/a><\/div>\n<\/div>\n<\/div>\n\n\n\n<div class=\"wp-block-column is-layout-flow wp-block-column-is-layout-flow\">\n<h2 class=\"wp-block-heading\">IDEA<\/h2>\n\n\n\n<figure class=\"wp-block-image size-large\"><a href=\"https:\/\/www.kunstfuerangeln.de\/ueber-uns\/idee\"><img decoding=\"async\" src=\"https:\/\/www.kunstfuerangeln.de\/wp-content\/uploads\/2022\/07\/start_img_1aidee-1.jpg\" alt=\"\"\/><\/a><\/figure>\n\n\n\n<p>KUNST f\u00fcr ANGELN e.V. har til form\u00e5l at berige regionen med samtidskunst.<br \/><\/p>\n\n\n\n<div class=\"wp-block-buttons is-layout-flex wp-block-buttons-is-layout-flex\">\n<div class=\"wp-block-button is-style-outline is-style-outline--11\"><a class=\"wp-block-button__link wp-element-button\" href=\"https:\/\/www.kunstfuerangeln.de\/ueber-uns\/idee\">L\u00c6S MERE<\/a><\/div>\n<\/div>\n<\/div>\n\n\n\n<div class=\"wp-block-column is-layout-flow wp-block-column-is-layout-flow\">\n<h2 class=\"wp-block-heading\">ERKL\u00c6RINGER<\/h2>\n\n\n\n<figure class=\"wp-block-image size-large\"><img decoding=\"async\" src=\"https:\/\/www.kunstfuerangeln.de\/wp-content\/uploads\/2022\/06\/start_img_2statement.jpg\" alt=\"\"\/><\/figure>\n\n\n\n<p>Venskab, lidenskab, kunstnerisk forst\u00e5else &#8211; udtalelser fra ledsagere<br \/><\/p>\n\n\n\n<div class=\"wp-block-buttons is-layout-flex wp-block-buttons-is-layout-flex\">\n<div class=\"wp-block-button is-style-outline is-style-outline--12\"><a class=\"wp-block-button__link wp-element-button\">L\u00c6S MERE<\/a><\/div>\n<\/div>\n<\/div>\n<\/div>\n","protected":false},"excerpt":{"rendered":"<p>AKTUEL UDSTILLING Den 16. april 2023 \u00e5bnede den store udstilling ART OVERCOMES BOUNDARIES med 30 kunstnere fra Danmark og Slesvig-Holsten. TIDLIGERE UDSTILLINGER Vores anden udstilling sluttede den 30. november 2022: &#8220;City, Country, Networking&#8221; med v\u00e6rker af bl.a. Jane Hilton. FORUDSIGT KUNST F\u00dcR ANGELN vil ogs\u00e5 byde p\u00e5 interessante udstillinger og projekter i 2023. Du kan [&hellip;]<\/p>\n","protected":false},"author":7,"featured_media":0,"parent":0,"menu_order":0,"comment_status":"closed","ping_status":"closed","template":"","meta":{"_acf_changed":false,"footnotes":""},"class_list":["post-10822","page","type-page","status-publish","hentry"],"acf":[],"_links":{"self":[{"href":"https:\/\/www.kunstfuerangeln.de\/da\/wp-json\/wp\/v2\/pages\/10822","targetHints":{"allow":["GET"]}}],"collection":[{"href":"https:\/\/www.kunstfuerangeln.de\/da\/wp-json\/wp\/v2\/pages"}],"about":[{"href":"https:\/\/www.kunstfuerangeln.de\/da\/wp-json\/wp\/v2\/types\/page"}],"author":[{"embeddable":true,"href":"https:\/\/www.kunstfuerangeln.de\/da\/wp-json\/wp\/v2\/users\/7"}],"replies":[{"embeddable":true,"href":"https:\/\/www.kunstfuerangeln.de\/da\/wp-json\/wp\/v2\/comments?post=10822"}],"version-history":[{"count":1,"href":"https:\/\/www.kunstfuerangeln.de\/da\/wp-json\/wp\/v2\/pages\/10822\/revisions"}],"predecessor-version":[{"id":10831,"href":"https:\/\/www.kunstfuerangeln.de\/da\/wp-json\/wp\/v2\/pages\/10822\/revisions\/10831"}],"wp:attachment":[{"href":"https:\/\/www.kunstfuerangeln.de\/da\/wp-json\/wp\/v2\/media?parent=10822"}],"curies":[{"name":"wp","href":"https:\/\/api.w.org\/{rel}","templated":true}]}}