{"id":10832,"date":"2022-03-31T12:25:54","date_gmt":"2022-03-31T10:25:54","guid":{"rendered":"https:\/\/www.kunstfuerangeln.de\/ide"},"modified":"2026-03-14T12:00:49","modified_gmt":"2026-03-14T11:00:49","slug":"ide","status":"publish","type":"page","link":"https:\/\/www.kunstfuerangeln.de\/da\/om-os\/ide","title":{"rendered":"Id\u00e9"},"content":{"rendered":"\n<h1 class=\"wp-block-heading\">Id\u00e9<\/h1>\n\n<div class=\"wp-block-columns is-layout-flex wp-container-core-columns-is-layout-9d6595d7 wp-block-columns-is-layout-flex\">\n<div class=\"wp-block-column is-layout-flow wp-block-column-is-layout-flow\"><\/div>\n<\/div>\n\n<p class=\"has-drop-cap is-style-vorspanntext\">Ingrid Roosen-Trinks har beriget Berlins kunst- og kulturscene i over 15 \u00e5r med sin samling af samtidskunst og is\u00e6r med sine OPEN HOUSE-arrangementer. De saloner, som hun og hendes mand Helmut Trinks har arrangeret, og hvor de mest forskellige personligheder fra kunstens og kulturens verdener har m\u00f8dtes, er legendariske. I \u00e5revis har Ingrid Roosen-Trinks ogs\u00e5 haft en stor k\u00e6rlighed til Angeln-halv\u00f8en i den nordlige del af Slesvig-Holsten, hvor hun i begyndelsen af 2022 grundlagde foreningen KUNST f\u00fcr ANGELN e.V. for at fremme og formidle kunst og kultur i forskellige projekter. ROOSEN-TRINKS-KOLLEKTIONEN pr\u00e6senteres ogs\u00e5 institutionelt i det h\u00f8je nord, g\u00f8res tilg\u00e6ngelig og placeres igen og igen i sp\u00e6ndende sammenh\u00e6nge.   <\/p>\n\n<figure class=\"wp-block-image size-large\"><img loading=\"lazy\" decoding=\"async\" width=\"1024\" height=\"684\" src=\"https:\/\/www.kunstfuerangeln.de\/wp-content\/uploads\/2022\/04\/20_Ingrid-Roosen-Trinks_Open-House_Sammlung-Roosen-Trinks_Foto_Martin-Peterdamm_-1024x684.jpg\" alt=\"\" class=\"wp-image-503\" srcset=\"https:\/\/www.kunstfuerangeln.de\/wp-content\/uploads\/2022\/04\/20_Ingrid-Roosen-Trinks_Open-House_Sammlung-Roosen-Trinks_Foto_Martin-Peterdamm_-1024x684.jpg 1024w, https:\/\/www.kunstfuerangeln.de\/wp-content\/uploads\/2022\/04\/20_Ingrid-Roosen-Trinks_Open-House_Sammlung-Roosen-Trinks_Foto_Martin-Peterdamm_-300x200.jpg 300w, https:\/\/www.kunstfuerangeln.de\/wp-content\/uploads\/2022\/04\/20_Ingrid-Roosen-Trinks_Open-House_Sammlung-Roosen-Trinks_Foto_Martin-Peterdamm_-768x513.jpg 768w, https:\/\/www.kunstfuerangeln.de\/wp-content\/uploads\/2022\/04\/20_Ingrid-Roosen-Trinks_Open-House_Sammlung-Roosen-Trinks_Foto_Martin-Peterdamm_-1536x1025.jpg 1536w, https:\/\/www.kunstfuerangeln.de\/wp-content\/uploads\/2022\/04\/20_Ingrid-Roosen-Trinks_Open-House_Sammlung-Roosen-Trinks_Foto_Martin-Peterdamm_.jpg 1772w\" sizes=\"auto, (max-width: 1024px) 100vw, 1024px\" \/><\/figure>\n\n<p class=\"is-style-vorspanntext\">Der findes ikke EN eneste privat samling af samtidskunst, som er \u00e5ben for offentligheden i hele det nordlige Slesvig-Holsten. Det er der nu lavet om p\u00e5. Den ideelle landlige placering for kunstsamlingen er fundet nord for Kappeln p\u00e5 Schlei: WITTKIELHOF. Wittkielhof er en typisk Angelit-g\u00e5rd med tre sider, en type g\u00e5rd, der er karakteristisk for Angeln-halv\u00f8en i det nordlige Slesvig-Holsten, og som udviklede sig i det 19. \u00e5rhundrede. De to driftsbygninger (stald og lade) ligger over for hinanden, mens beboelseshuset\/herskabshuset, der ofte er bygget i borgerlig stil, udg\u00f8r g\u00e5rdens bagside. Et hyppigt tilf\u00f8jet udhus er accepten (Altenteil). En tidligere korn- og svinestald i hjertet af Angeln blev i 2003 af ejeren og IT-iv\u00e6rks\u00e6tteren Heinrich Nissen med stor omhu omdannet til et skr\u00e6ddersyet sted til forskellige arrangementer og gennemgribende renoveret i 2012. En s\u00e5kaldt event-stald, som bruges til firmaarrangementer, tr\u00e6f for klassiske biler og bryllupper. Ombygningen af Asmus Petersens lade overfor (opkaldt efter grundl\u00e6ggeren af Wittkielhof) blev afsluttet for 5 \u00e5r siden. Herreg\u00e5rden i midten huser virksomhedens hovedkvarter, kontorer og ejerens private v\u00e6relser. En smukt anlagt park fra det 19. \u00e5rhundrede afrunder helheden.<br \/>Asmus-Petersen-laden, kontorerne, trappen og m\u00f8delokalet i herreg\u00e5rden samt parken bruges til skiftende udstillinger af kunstv\u00e6rker fra Roosen-Trinks-samlingen og er tilg\u00e6ngelige for bes\u00f8gende &#8211; efter forudg\u00e5ende aftale &#8211; til guidede kunstture.          <\/p>\n","protected":false},"excerpt":{"rendered":"<p>Id\u00e9 Ingrid Roosen-Trinks har beriget Berlins kunst- og kulturscene i over 15 \u00e5r med sin samling af samtidskunst og is\u00e6r med sine OPEN HOUSE-arrangementer. De saloner, som hun og hendes mand Helmut Trinks har arrangeret, og hvor de mest forskellige personligheder fra kunstens og kulturens verdener har m\u00f8dtes, er legendariske. I \u00e5revis har Ingrid Roosen-Trinks [&hellip;]<\/p>\n","protected":false},"author":1,"featured_media":0,"parent":11473,"menu_order":0,"comment_status":"closed","ping_status":"closed","template":"","meta":{"_acf_changed":false,"footnotes":""},"class_list":["post-10832","page","type-page","status-publish","hentry"],"acf":[],"_links":{"self":[{"href":"https:\/\/www.kunstfuerangeln.de\/da\/wp-json\/wp\/v2\/pages\/10832","targetHints":{"allow":["GET"]}}],"collection":[{"href":"https:\/\/www.kunstfuerangeln.de\/da\/wp-json\/wp\/v2\/pages"}],"about":[{"href":"https:\/\/www.kunstfuerangeln.de\/da\/wp-json\/wp\/v2\/types\/page"}],"author":[{"embeddable":true,"href":"https:\/\/www.kunstfuerangeln.de\/da\/wp-json\/wp\/v2\/users\/1"}],"replies":[{"embeddable":true,"href":"https:\/\/www.kunstfuerangeln.de\/da\/wp-json\/wp\/v2\/comments?post=10832"}],"version-history":[{"count":1,"href":"https:\/\/www.kunstfuerangeln.de\/da\/wp-json\/wp\/v2\/pages\/10832\/revisions"}],"predecessor-version":[{"id":10834,"href":"https:\/\/www.kunstfuerangeln.de\/da\/wp-json\/wp\/v2\/pages\/10832\/revisions\/10834"}],"up":[{"embeddable":true,"href":"https:\/\/www.kunstfuerangeln.de\/da\/wp-json\/wp\/v2\/pages\/11473"}],"wp:attachment":[{"href":"https:\/\/www.kunstfuerangeln.de\/da\/wp-json\/wp\/v2\/media?parent=10832"}],"curies":[{"name":"wp","href":"https:\/\/api.w.org\/{rel}","templated":true}]}}