{"id":10854,"date":"2022-04-29T12:24:20","date_gmt":"2022-04-29T10:24:20","guid":{"rendered":"https:\/\/www.kunstfuerangeln.de\/kunst-for-boern"},"modified":"2026-04-23T13:55:55","modified_gmt":"2026-04-23T11:55:55","slug":"kunst-for-boern","status":"publish","type":"page","link":"https:\/\/www.kunstfuerangeln.de\/da\/kunstuddannelse\/kunst-for-boern","title":{"rendered":"KUNST FOR B\u00d8RN"},"content":{"rendered":"\n<h1 class=\"wp-block-heading\">B\u00d8RNS KUNSTKLUB Angeln<\/h1>\n\n\n\n<h2 class=\"wp-block-heading has-text-color has-link-color wp-elements-e4416a0fe7f28d2f1ffee85c162ec052\" style=\"color:#e62220;font-size:32px\"><strong>b\u00f8rns kunstklub Angeln &#8211;<\/strong> <strong>program 2026<\/strong><\/h2>\n\n\n\n<p class=\"has-medium-font-size\"><strong><\/strong><strong>UDSTILLING B\u00d8RNENES KUNSTKLUB<\/strong><br \/>Nonprofit-organisationen <strong>Kunst f\u00fcr Angeln &#8211; kunst, der inspirerer!<br \/><\/strong>Samler <strong>Ingrid Roosen-Trinks<\/strong> har bragt samtidskunst til det nordligste Tyskland siden 2022. Hendes originale v\u00e6rker &#8211; herunder v\u00e6rker af <strong><a href=\"http:\/\/heikekatibarath.de\/category\/arbeiten-works\/\" target=\"_blank\" rel=\"noreferrer noopener\">Heike Kati Barath<\/a><\/strong> &#8211; bliver udl\u00e5nt til skoler og b\u00f8rnehaver for at opmuntre b\u00f8rn til at skabe deres egne kunstv\u00e6rker. De vil senere blive pr\u00e6senteret p\u00e5 offentlige udstillinger arrangeret af <strong>Kunst f\u00fcr Angeln.<\/strong><\/p>\n\n\n\n<p class=\"has-medium-font-size\"><strong>Heike Kati Barath<\/strong>, maler og professor i Bremen, er kendt for sine udtryksfulde, hjems\u00f8gende portr\u00e6tter af unge mennesker og hybride v\u00e6sener. Hendes kunst udfordrer os: <em>Hvem er du?<\/em> &#8211; og inviterer til dialog og refleksion.<\/p>\n\n\n\n<p class=\"has-medium-font-size\"><strong>Fra april til den 17. maj 2026<\/strong> viser <strong>Kunst f\u00fcr Angeln e.V.<\/strong> kunstv\u00e6rker skabt af b\u00f8rn som fortolkninger af Baraths v\u00e6rk i en s\u00e6rlig udstilling.<br \/>Udstillingen er \u00e5ben for offentligheden fra den 19. april 2026.<\/p>\n\n\n\n<p class=\"has-medium-font-size\"><\/p>\n\n\n\n<p class=\"has-medium-font-size\"><strong>Kunst, uddannelse og inspiration &#8211; vi skaber et kreativt f\u00e6llesskab sammen!<\/strong><\/p>\n\n\n\n<hr class=\"wp-block-separator has-alpha-channel-opacity\"\/>\n\n\n\n<h2 class=\"wp-block-heading has-text-color has-link-color wp-elements-491dd93bd5ef2a6485716fd8dc2b64fc\" style=\"color:#e62220;font-size:32px\"><strong>2025 var et vigtigt \u00e5r for klubben  <\/strong><\/h2>\n\n\n\n<div class=\"wp-block-columns is-layout-flex wp-container-core-columns-is-layout-9d6595d7 wp-block-columns-is-layout-flex\">\n<div class=\"wp-block-column is-layout-flow wp-block-column-is-layout-flow\">\n<p class=\"has-medium-font-size\">B\u00d8RNS KUNSTKLUB gjorde sin store entr\u00e9 i efter\u00e5ret 2025 med<a href=\"https:\/\/www.kunstfuerangeln.de\/da\/boernene-er-stjernerne\">&#8220;The Kids are the Stars<\/a>&#8220;. Klubbens bestyrelse, Armin og Clara, spillede en n\u00f8glerolle i organiseringen af udstillingen. Der var allerede en udstilling i klubben i for\u00e5ret, som l\u00f8b parallelt med for\u00e5rsudstillingen i Kunst f\u00fcr Angeln e.V. fra 6. april til 4. maj. <br \/>Slideren viser nogle af billederne fra for\u00e5rsudstillingen.<\/p>\n\n\n\n<p class=\"has-medium-font-size\"><br \/>Dette blev efterfulgt af en b\u00f8rneworkshop den 13.4.25 med kunstneren <strong>Chili Seitz<\/strong>. Det var en meget kreativ workshop, og b\u00f8rnene n\u00f8d virkelig at skabe.<\/p>\n\n\n\n<div class=\"wp-block-buttons is-layout-flex wp-block-buttons-is-layout-flex\">\n<div class=\"wp-block-button is-style-outline is-style-outline--1\"><a class=\"wp-block-button__link wp-element-button\" href=\"https:\/\/www.kunstfuerangeln.de\/da\/kunstuddannelse\/vaerksteder#chili\">L\u00c6S MERE<\/a><\/div>\n<\/div>\n<\/div>\n\n\n\n<div class=\"wp-block-column is-layout-flow wp-block-column-is-layout-flow\">\n <div id=\"slider-block_0e6d1b788fff4cfb8989537c4d3a5b78\" class=\"swiper-container-wrapper slider\">\n <div class=\"swiper-container\" data-spalten=\"1\" data-autoplay=\"\" data-delay=\"\">\n    <div class=\"swiper-wrapper\">\n      \n\n <div id=\"slide-block_e3df9f540e54ea3a56c4c76c1cfd25fe\" class=\"swiper-slide slide\">\n    \n\n<figure class=\"wp-block-image size-large\"><img loading=\"lazy\" decoding=\"async\" width=\"768\" height=\"1024\" src=\"https:\/\/www.kunstfuerangeln.de\/wp-content\/uploads\/2025\/04\/c18bb88e-8ce8-4620-8991-3e9bb3e2ab5a-768x1024.jpeg\" alt=\"\" class=\"wp-image-8386\" srcset=\"https:\/\/www.kunstfuerangeln.de\/wp-content\/uploads\/2025\/04\/c18bb88e-8ce8-4620-8991-3e9bb3e2ab5a-768x1024.jpeg 768w, https:\/\/www.kunstfuerangeln.de\/wp-content\/uploads\/2025\/04\/c18bb88e-8ce8-4620-8991-3e9bb3e2ab5a-225x300.jpeg 225w, https:\/\/www.kunstfuerangeln.de\/wp-content\/uploads\/2025\/04\/c18bb88e-8ce8-4620-8991-3e9bb3e2ab5a-1152x1536.jpeg 1152w, https:\/\/www.kunstfuerangeln.de\/wp-content\/uploads\/2025\/04\/c18bb88e-8ce8-4620-8991-3e9bb3e2ab5a.jpeg 1200w\" sizes=\"auto, (max-width: 768px) 100vw, 768px\" \/><\/figure>\n\n<\/div>\n\n\n\n <div id=\"slide-block_e3df9f540e54ea3a56c4c76c1cfd25fe\" class=\"swiper-slide slide\">\n    \n\n<figure class=\"wp-block-image size-large\"><img loading=\"lazy\" decoding=\"async\" width=\"768\" height=\"1024\" src=\"https:\/\/www.kunstfuerangeln.de\/wp-content\/uploads\/2025\/04\/bd43550e-76ca-4dd4-8d65-89785842cbcf-768x1024.jpeg\" alt=\"\" class=\"wp-image-8388\" srcset=\"https:\/\/www.kunstfuerangeln.de\/wp-content\/uploads\/2025\/04\/bd43550e-76ca-4dd4-8d65-89785842cbcf-768x1024.jpeg 768w, https:\/\/www.kunstfuerangeln.de\/wp-content\/uploads\/2025\/04\/bd43550e-76ca-4dd4-8d65-89785842cbcf-225x300.jpeg 225w, https:\/\/www.kunstfuerangeln.de\/wp-content\/uploads\/2025\/04\/bd43550e-76ca-4dd4-8d65-89785842cbcf-1152x1536.jpeg 1152w, https:\/\/www.kunstfuerangeln.de\/wp-content\/uploads\/2025\/04\/bd43550e-76ca-4dd4-8d65-89785842cbcf.jpeg 1200w\" sizes=\"auto, (max-width: 768px) 100vw, 768px\" \/><\/figure>\n\n<\/div>\n\n\n\n <div id=\"slide-block_e3df9f540e54ea3a56c4c76c1cfd25fe\" class=\"swiper-slide slide\">\n    \n\n<figure class=\"wp-block-image size-large\"><img loading=\"lazy\" decoding=\"async\" width=\"768\" height=\"1024\" src=\"https:\/\/www.kunstfuerangeln.de\/wp-content\/uploads\/2025\/04\/a2e6a4ce-f262-451c-ae31-19240251c837-768x1024.jpeg\" alt=\"\" class=\"wp-image-8390\" srcset=\"https:\/\/www.kunstfuerangeln.de\/wp-content\/uploads\/2025\/04\/a2e6a4ce-f262-451c-ae31-19240251c837-768x1024.jpeg 768w, https:\/\/www.kunstfuerangeln.de\/wp-content\/uploads\/2025\/04\/a2e6a4ce-f262-451c-ae31-19240251c837-225x300.jpeg 225w, https:\/\/www.kunstfuerangeln.de\/wp-content\/uploads\/2025\/04\/a2e6a4ce-f262-451c-ae31-19240251c837-1152x1536.jpeg 1152w, https:\/\/www.kunstfuerangeln.de\/wp-content\/uploads\/2025\/04\/a2e6a4ce-f262-451c-ae31-19240251c837.jpeg 1200w\" sizes=\"auto, (max-width: 768px) 100vw, 768px\" \/><\/figure>\n\n<\/div>\n\n\n\n <div id=\"slide-block_e3df9f540e54ea3a56c4c76c1cfd25fe\" class=\"swiper-slide slide\">\n    \n\n<figure class=\"wp-block-image size-large\"><img loading=\"lazy\" decoding=\"async\" width=\"768\" height=\"1024\" src=\"https:\/\/www.kunstfuerangeln.de\/wp-content\/uploads\/2025\/04\/10e598c8-7145-46eb-93f3-a81ef662c26f-768x1024.jpeg\" alt=\"\" class=\"wp-image-8394\" srcset=\"https:\/\/www.kunstfuerangeln.de\/wp-content\/uploads\/2025\/04\/10e598c8-7145-46eb-93f3-a81ef662c26f-768x1024.jpeg 768w, https:\/\/www.kunstfuerangeln.de\/wp-content\/uploads\/2025\/04\/10e598c8-7145-46eb-93f3-a81ef662c26f-225x300.jpeg 225w, https:\/\/www.kunstfuerangeln.de\/wp-content\/uploads\/2025\/04\/10e598c8-7145-46eb-93f3-a81ef662c26f-1152x1536.jpeg 1152w, https:\/\/www.kunstfuerangeln.de\/wp-content\/uploads\/2025\/04\/10e598c8-7145-46eb-93f3-a81ef662c26f.jpeg 1200w\" sizes=\"auto, (max-width: 768px) 100vw, 768px\" \/><\/figure>\n\n<\/div>\n\n\n\n <div id=\"slide-block_e3df9f540e54ea3a56c4c76c1cfd25fe\" class=\"swiper-slide slide\">\n    \n\n<figure class=\"wp-block-image size-large\"><img loading=\"lazy\" decoding=\"async\" width=\"768\" height=\"1024\" src=\"https:\/\/www.kunstfuerangeln.de\/wp-content\/uploads\/2025\/04\/468d5922-f1f5-4238-b79f-91c877c59ff2-768x1024.jpeg\" alt=\"\" class=\"wp-image-8396\" srcset=\"https:\/\/www.kunstfuerangeln.de\/wp-content\/uploads\/2025\/04\/468d5922-f1f5-4238-b79f-91c877c59ff2-768x1024.jpeg 768w, https:\/\/www.kunstfuerangeln.de\/wp-content\/uploads\/2025\/04\/468d5922-f1f5-4238-b79f-91c877c59ff2-225x300.jpeg 225w, https:\/\/www.kunstfuerangeln.de\/wp-content\/uploads\/2025\/04\/468d5922-f1f5-4238-b79f-91c877c59ff2-1152x1536.jpeg 1152w, https:\/\/www.kunstfuerangeln.de\/wp-content\/uploads\/2025\/04\/468d5922-f1f5-4238-b79f-91c877c59ff2.jpeg 1200w\" sizes=\"auto, (max-width: 768px) 100vw, 768px\" \/><\/figure>\n\n<\/div>\n\n\n\n <div id=\"slide-block_e3df9f540e54ea3a56c4c76c1cfd25fe\" class=\"swiper-slide slide\">\n    \n\n<figure class=\"wp-block-image size-large\"><img loading=\"lazy\" decoding=\"async\" width=\"768\" height=\"1024\" src=\"https:\/\/www.kunstfuerangeln.de\/wp-content\/uploads\/2025\/04\/05a3c469-054b-45cd-9cae-520d125382d6-768x1024.jpeg\" alt=\"\" class=\"wp-image-8398\" srcset=\"https:\/\/www.kunstfuerangeln.de\/wp-content\/uploads\/2025\/04\/05a3c469-054b-45cd-9cae-520d125382d6-768x1024.jpeg 768w, https:\/\/www.kunstfuerangeln.de\/wp-content\/uploads\/2025\/04\/05a3c469-054b-45cd-9cae-520d125382d6-225x300.jpeg 225w, https:\/\/www.kunstfuerangeln.de\/wp-content\/uploads\/2025\/04\/05a3c469-054b-45cd-9cae-520d125382d6-1152x1536.jpeg 1152w, https:\/\/www.kunstfuerangeln.de\/wp-content\/uploads\/2025\/04\/05a3c469-054b-45cd-9cae-520d125382d6.jpeg 1200w\" sizes=\"auto, (max-width: 768px) 100vw, 768px\" \/><\/figure>\n\n<\/div>\n\n\n\n <div id=\"slide-block_e3df9f540e54ea3a56c4c76c1cfd25fe\" class=\"swiper-slide slide\">\n    \n\n<figure class=\"wp-block-image size-full\"><img loading=\"lazy\" decoding=\"async\" width=\"720\" height=\"960\" src=\"https:\/\/www.kunstfuerangeln.de\/wp-content\/uploads\/2025\/09\/Photoroom_20250510_163516.png\" alt=\"\" class=\"wp-image-9318\" srcset=\"https:\/\/www.kunstfuerangeln.de\/wp-content\/uploads\/2025\/09\/Photoroom_20250510_163516.png 720w, https:\/\/www.kunstfuerangeln.de\/wp-content\/uploads\/2025\/09\/Photoroom_20250510_163516-225x300.png 225w\" sizes=\"auto, (max-width: 720px) 100vw, 720px\" \/><\/figure>\n\n<\/div>\n\n    <\/div>\n<\/div>\n  <div class=\"swiper-pagination\"><\/div>\n  <div class=\"swiper-button-prev\"><\/div>\n  <div class=\"swiper-button-next\"><\/div>\n<\/div>\n\n<script>\n\n<\/script>\n<\/div>\n<\/div>\n\n\n\n<hr class=\"wp-block-separator has-alpha-channel-opacity\"\/>\n\n\n\n<h2 class=\"wp-block-heading has-text-color has-link-color wp-elements-26adb40308660c1904161e07636adfaf\" style=\"color:#e62220;font-size:32px\"><strong>KUNST FOR B\u00d8RN &#8211; KONCEPT:<\/strong><\/h2>\n\n\n\n<p><br \/><strong>STATUS:<\/strong><br \/>I den nordligste del af Slesvig-Holsten, p\u00e5 halv\u00f8en Angeln mellem Schlei og den danske gr\u00e6nse, findes der ikke en eneste privat kunstsamling, som er \u00e5ben for offentligheden. Ikke for studerende, voksne eller b\u00f8rn. Med private kunstomvisninger uden entr\u00e9 i private, landlige omgivelser. For at \u00e6ndre dette blev foreningen KUNST F\u00dcR ANGELN grundlagt, som bragte ROOSEN-TRINKS-kollektionen fra Berlin til midten af landet p\u00e5 Wittkielhof i Angeln og tilbyder programmer for alle &#8211; men is\u00e6r for b\u00f8rn. <br \/><br \/><strong>ID\u00c9:<\/strong><br \/>ROOSEN-TRINKS-samlingen best\u00e5r af over 500 v\u00e6rker af samtidskunst &#8211; fra skulpturer til collager, videoer, installationer, fotografier og klassiske malerier &#8211; af kunstnere, som samleren Ingrid Roosen-Trinks n\u00e6sten alle kender personligt, og som hun har v\u00e6ret n\u00e6re venner med i \u00e5revis. Denne situation giver de bedste betingelser for at give b\u00f8rn adgang til kunstv\u00e6rker p\u00e5 en legende, ukompliceret og munter m\u00e5de med hj\u00e6lp fra kunstnere. HVORDAN? Ved hj\u00e6lp af workshops, hvor kunstnere personligt forklarer deres kunstv\u00e6rker i samlingen, og hvor de sporer eller genskaber disse v\u00e6rker sammen med b\u00f8rnene. <br \/>B\u00f8rnene bliver ogs\u00e5 inspireret til &#8211; under vejledning af den tilstedev\u00e6rende kunstner &#8211; at skabe deres egne kunstv\u00e6rker. Workshoppene starter normalt om s\u00f8ndagen kl. 12.00, varer ca. 2 timer og best\u00e5r af 8-12 b\u00f8rn mellem 5 og 14 \u00e5r, den p\u00e5g\u00e6ldende kunstner, samleren Ingrid Roosen-Trinks og p\u00e6dagogen Christa Fricke fra Angeln. <br \/>Alle de v\u00e6rker, der skabes i workshopperne, vil derefter blive udstillet i et dedikeret kunstrum p\u00e5 Wittkielhof (under planl\u00e6gning). <br \/><br \/>Til b\u00f8rnenes kunstudstillinger: <br \/>&#8211; b\u00f8rn designer invitationskortene <br \/>&#8211; b\u00f8rn inviterer andre b\u00f8rn som g\u00e6ster <br \/>&#8211; b\u00f8rn bestemmer oph\u00e6ngningen eller installationen af b\u00f8rnenes kunstv\u00e6rker (kuratorer) <br \/>&#8211; b\u00f8rn guider personligt g\u00e6ster, bes\u00f8gende, kunstentusiaster, presserepr\u00e6sentanter gennem udstillingen <br \/>&#8211; b\u00f8rn annoncerer datoerne for fremtidige workshops <br \/>&#8211; b\u00f8rn planl\u00e6gger programmet for workshops for de kommende \u00e5r <br \/>&#8211; b\u00f8rn designer flyers\/brochurer til de kommende programmer og workshops. <br \/><br \/>Disse programmer viser b\u00f8rn, hvordan de kan f\u00e5 adgang til kunst p\u00e5 en legende m\u00e5de. P\u00e5 den m\u00e5de kan der bygges bro til andre generationer, for &#8220;b\u00f8rneperspektivet kan ogs\u00e5 hj\u00e6lpe voksne til at forst\u00e5 kunsten bedre. B\u00f8rnenes perspektiv \u00e5bner nye verdener &#8211; is\u00e6r for voksne &#8211; og skaber andre narrative niveauer og giver dermed nye perspektiver p\u00e5 vores hverdag og p\u00e5 livet.&#8221; B\u00f8rnenes upartiske, ofte overraskende og ligefremme sp\u00f8rgsm\u00e5l og kommentarer kan give et helt nyt perspektiv p\u00e5 eksisterende kunstv\u00e6rker. Ingrid Roosen-Trinks bliver altid begejstret og inspireret, n\u00e5r hun h\u00f8rer reaktioner som den fra en 8-\u00e5rig: &#8220;Han sagde, at han troede, at han ville blive kunstner en dag, fordi kunst er s\u00e5 fuld af hemmeligheder. S\u00e5 indser man, hvor meget kunst kan \u00e6ndre. Og hvilken berigelse det er &#8211; is\u00e6r for voksne &#8211; at f\u00e5 kunst fortolket af b\u00f8rn!&#8221;<br \/><strong>Vi tilbyder mindst 2 workshops om \u00e5ret.<\/strong><br \/><\/p>\n\n\n\n<hr class=\"wp-block-separator has-alpha-channel-opacity\"\/>\n\n\n\n<h2 class=\"wp-block-heading has-text-color has-link-color wp-elements-741ce2297bff57cf5d7bb7025303a046\" style=\"color:#e62220;font-size:32px\"><strong>H\u00d8JDEPUNKTER I KLUBBENS HISTORIE<\/strong><\/h2>\n\n\n\n<h2 class=\"wp-block-heading\">SEPTEMBER 2023: GRUNDL\u00c6GGELSE AF B\u00d8RNENES KUNSTKLUB<\/h2>\n\n\n\n<p><em>Foreningen KUNST F\u00dcR ANGELN tog Verdens B\u00f8rnedag 2023 som en mulighed for at stifte KINDER KUNST CLUB ANGELN p\u00e5 <br \/><\/em><br \/><br \/>Verdensb\u00f8rnedagen den 20. september 2023 blev afholdt under mottoet &#8220;Alle b\u00f8rn har brug for en fremtid!&#8221; <br \/>Foreningen KUNST F\u00dcR ANGELN udvidede dette motto til at omfatte &#8220;Alle b\u00f8rn har brug for adgang til kunst&#8221;. <br \/>Foreningen lancerede derfor en workshop for b\u00f8rn s\u00f8ndagen efter Verdens B\u00f8rnedag. Denne gang med den slesvig-holstenske kunstner Malte Urbschat. <br \/>Som en del af udstillingen &#8220;Mondwald und der unglaubliche Mai &#8211; 50 Jahre Sammlung Roosen-Trinks&#8221; skabte b\u00f8rn mellem 5 og 14 \u00e5r deres version, deres fortolkning af kunstv\u00e6rker af Malte Urbschat sammen med kunstneren. Som altid var det gratis at deltage i workshoppen.<\/p>\n\n\n\n<hr class=\"wp-block-separator has-alpha-channel-opacity\"\/>\n\n\n\n<h2 class=\"wp-block-heading\">April 2024: \u00c5bning af det f\u00f8rste museum for kunst af b\u00f8rn fra Angeln og S\u00f8nderjylland<\/h2>\n\n\n\n<p><em>Det f\u00f8rste museum for kunst af b\u00f8rn fra Angeln og S\u00f8nderjylland, pr\u00e6senteret p\u00e5<br \/>og muliggjort af foreningen Kunst f\u00fcr Angeln, \u00e5bnede den 7. april!<\/em><\/p>\n\n\n\n<p><strong>Et initiativ fra foreningen KUNST F\u00dcR ANGELN<\/strong><\/p>\n\n\n\n<p>En id\u00e9 er blevet til virkelighed: Foreningen KUNST F\u00dcR ANGELN udl\u00e5ner regelm\u00e6ssigt originale kunstv\u00e6rker fra ROOSEN-TRINKS-samlingen til folkeskoler og &#8211; fra begyndelsen af 2024 &#8211; ogs\u00e5 til daginstitutioner i Angeln og Jylland. De udl\u00e5nte genstande fungerer som inspiration for b\u00f8rnene til at skabe deres egne kunstv\u00e6rker i workshops &#8211; hvad enten det er tegninger, malerier, skulpturer eller collager, f\u00e5r b\u00f8rnene frie t\u00f8jler.<br \/>Resultaterne af workshopperne blev pr\u00e6senteret for offentligheden af foreningen KUNST F\u00dcR ANGELN i WITTKIELHOF i B\u00d8RNS KUNSTKLUB ANGELN i en bygning p\u00e5 over 130 kvadratmeter den 7. april 2024. Mere end 100 b\u00f8rn i alderen 3-6 \u00e5r fra daginstitutionerne i det ev. Kita-Werk i Gelting, Scheggerott og Flensburg og fra S\u00f8nderborg har skabt over 120 kunstv\u00e6rker siden januar!<br \/>Den 7. april 2024 var der premiere p\u00e5 den f\u00f8rste fernisering med b\u00f8rnekunst fra daginstitutioner i Angeln og Jylland.<br \/><br \/>Alle b\u00f8rn fik lov til at tage voksne med efter eget valg. Den 9-\u00e5rige Clara og den 11-\u00e5rige Armin &#8211; ledere af KINDER KUNST CLUB ANGELN &#8211; guidede de voksne gennem b\u00f8rnenes kunstudstilling.<br \/>En helt s\u00e6rlig fernisering!<\/p>\n\n\n\n<div class=\"wp-block-columns is-layout-flex wp-container-core-columns-is-layout-9d6595d7 wp-block-columns-is-layout-flex\">\n<div class=\"wp-block-column is-layout-flow wp-block-column-is-layout-flow\">\n<figure class=\"wp-block-image size-large\"><img loading=\"lazy\" decoding=\"async\" width=\"1024\" height=\"683\" src=\"https:\/\/www.kunstfuerangeln.de\/wp-content\/uploads\/2023\/10\/KunderClub-010-1024x683.jpg\" alt=\"\" class=\"wp-image-5429\" srcset=\"https:\/\/www.kunstfuerangeln.de\/wp-content\/uploads\/2023\/10\/KunderClub-010-1024x683.jpg 1024w, https:\/\/www.kunstfuerangeln.de\/wp-content\/uploads\/2023\/10\/KunderClub-010-300x200.jpg 300w, https:\/\/www.kunstfuerangeln.de\/wp-content\/uploads\/2023\/10\/KunderClub-010-768x512.jpg 768w, https:\/\/www.kunstfuerangeln.de\/wp-content\/uploads\/2023\/10\/KunderClub-010-1536x1024.jpg 1536w, https:\/\/www.kunstfuerangeln.de\/wp-content\/uploads\/2023\/10\/KunderClub-010.jpg 1800w\" sizes=\"auto, (max-width: 1024px) 100vw, 1024px\" \/><\/figure>\n\n\n\n<figure class=\"wp-block-image size-large\"><img decoding=\"async\" src=\"https:\/\/www.kunstfuerangeln.de\/wp-content\/uploads\/2023\/10\/KunderClub-007.jpg\" alt=\"\"\/><\/figure>\n<\/div>\n\n\n\n<div class=\"wp-block-column is-layout-flow wp-block-column-is-layout-flow\">\n<figure class=\"wp-block-image size-large\"><img loading=\"lazy\" decoding=\"async\" width=\"1024\" height=\"683\" src=\"https:\/\/www.kunstfuerangeln.de\/wp-content\/uploads\/2023\/10\/KunderClub-011-1024x683.jpg\" alt=\"\" class=\"wp-image-5425\" srcset=\"https:\/\/www.kunstfuerangeln.de\/wp-content\/uploads\/2023\/10\/KunderClub-011-1024x683.jpg 1024w, https:\/\/www.kunstfuerangeln.de\/wp-content\/uploads\/2023\/10\/KunderClub-011-300x200.jpg 300w, https:\/\/www.kunstfuerangeln.de\/wp-content\/uploads\/2023\/10\/KunderClub-011-768x512.jpg 768w, https:\/\/www.kunstfuerangeln.de\/wp-content\/uploads\/2023\/10\/KunderClub-011-1536x1024.jpg 1536w, https:\/\/www.kunstfuerangeln.de\/wp-content\/uploads\/2023\/10\/KunderClub-011.jpg 1800w\" sizes=\"auto, (max-width: 1024px) 100vw, 1024px\" \/><\/figure>\n\n\n\n<figure class=\"wp-block-image size-full\"><img loading=\"lazy\" decoding=\"async\" width=\"1020\" height=\"680\" src=\"https:\/\/www.kunstfuerangeln.de\/wp-content\/uploads\/2025\/10\/becker25-5.jpg\" alt=\"\" class=\"wp-image-9614\" srcset=\"https:\/\/www.kunstfuerangeln.de\/wp-content\/uploads\/2025\/10\/becker25-5.jpg 1020w, https:\/\/www.kunstfuerangeln.de\/wp-content\/uploads\/2025\/10\/becker25-5-300x200.jpg 300w, https:\/\/www.kunstfuerangeln.de\/wp-content\/uploads\/2025\/10\/becker25-5-768x512.jpg 768w\" sizes=\"auto, (max-width: 1020px) 100vw, 1020px\" \/><\/figure>\n<\/div>\n\n\n\n<div class=\"wp-block-column is-layout-flow wp-block-column-is-layout-flow\">\n<figure class=\"wp-block-image size-large\"><img loading=\"lazy\" decoding=\"async\" width=\"1024\" height=\"683\" src=\"https:\/\/www.kunstfuerangeln.de\/wp-content\/uploads\/2023\/10\/KunderClub-008-1024x683.jpg\" alt=\"\" class=\"wp-image-5427\" srcset=\"https:\/\/www.kunstfuerangeln.de\/wp-content\/uploads\/2023\/10\/KunderClub-008-1024x683.jpg 1024w, https:\/\/www.kunstfuerangeln.de\/wp-content\/uploads\/2023\/10\/KunderClub-008-300x200.jpg 300w, https:\/\/www.kunstfuerangeln.de\/wp-content\/uploads\/2023\/10\/KunderClub-008-768x512.jpg 768w, https:\/\/www.kunstfuerangeln.de\/wp-content\/uploads\/2023\/10\/KunderClub-008-1536x1024.jpg 1536w, https:\/\/www.kunstfuerangeln.de\/wp-content\/uploads\/2023\/10\/KunderClub-008.jpg 1800w\" sizes=\"auto, (max-width: 1024px) 100vw, 1024px\" \/><\/figure>\n\n\n\n<figure class=\"wp-block-image size-large\"><img decoding=\"async\" src=\"https:\/\/www.kunstfuerangeln.de\/wp-content\/uploads\/2025\/10\/TOREws1.jpg\" alt=\"\"\/><\/figure>\n<\/div>\n<\/div>\n\n\n\n\n","protected":false},"excerpt":{"rendered":"<p>B\u00d8RNS KUNSTKLUB Angeln b\u00f8rns kunstklub Angeln &#8211; program 2026 UDSTILLING B\u00d8RNENES KUNSTKLUBNonprofit-organisationen Kunst f\u00fcr Angeln &#8211; kunst, der inspirerer!Samler Ingrid Roosen-Trinks har bragt samtidskunst til det nordligste Tyskland siden 2022. Hendes originale v\u00e6rker &#8211; herunder v\u00e6rker af Heike Kati Barath &#8211; bliver udl\u00e5nt til skoler og b\u00f8rnehaver for at opmuntre b\u00f8rn til at skabe deres [&hellip;]<\/p>\n","protected":false},"author":5,"featured_media":0,"parent":10979,"menu_order":0,"comment_status":"closed","ping_status":"closed","template":"","meta":{"_acf_changed":false,"footnotes":""},"class_list":["post-10854","page","type-page","status-publish","hentry"],"acf":[],"_links":{"self":[{"href":"https:\/\/www.kunstfuerangeln.de\/da\/wp-json\/wp\/v2\/pages\/10854","targetHints":{"allow":["GET"]}}],"collection":[{"href":"https:\/\/www.kunstfuerangeln.de\/da\/wp-json\/wp\/v2\/pages"}],"about":[{"href":"https:\/\/www.kunstfuerangeln.de\/da\/wp-json\/wp\/v2\/types\/page"}],"author":[{"embeddable":true,"href":"https:\/\/www.kunstfuerangeln.de\/da\/wp-json\/wp\/v2\/users\/5"}],"replies":[{"embeddable":true,"href":"https:\/\/www.kunstfuerangeln.de\/da\/wp-json\/wp\/v2\/comments?post=10854"}],"version-history":[{"count":4,"href":"https:\/\/www.kunstfuerangeln.de\/da\/wp-json\/wp\/v2\/pages\/10854\/revisions"}],"predecessor-version":[{"id":12022,"href":"https:\/\/www.kunstfuerangeln.de\/da\/wp-json\/wp\/v2\/pages\/10854\/revisions\/12022"}],"up":[{"embeddable":true,"href":"https:\/\/www.kunstfuerangeln.de\/da\/wp-json\/wp\/v2\/pages\/10979"}],"wp:attachment":[{"href":"https:\/\/www.kunstfuerangeln.de\/da\/wp-json\/wp\/v2\/media?parent=10854"}],"curies":[{"name":"wp","href":"https:\/\/api.w.org\/{rel}","templated":true}]}}