{"id":10896,"date":"2023-02-01T09:00:45","date_gmt":"2023-02-01T08:00:45","guid":{"rendered":"https:\/\/www.kunstfuerangeln.de\/wittkielhof"},"modified":"2026-03-14T12:00:51","modified_gmt":"2026-03-14T11:00:51","slug":"wittkielhof","status":"publish","type":"page","link":"https:\/\/www.kunstfuerangeln.de\/da\/wittkielhof","title":{"rendered":"WITTKIELHOF"},"content":{"rendered":"\n<h1 class=\"wp-block-heading\">WITTKIELHOF<\/h1>\n\n<div class=\"wp-block-columns is-layout-flex wp-container-core-columns-is-layout-9d6595d7 wp-block-columns-is-layout-flex\">\n<div class=\"wp-block-column is-layout-flow wp-block-column-is-layout-flow\" style=\"flex-basis:66.66%\">\n<iframe src=\"https:\/\/www.google.com\/maps\/embed?pb=!1m14!1m8!1m3!1d2307.078483012313!2d9.8700794!3d54.6730469!3m2!1i1024!2i768!4f13.1!3m3!1m2!1s0x47b319dc32ffe491%3A0x46ca8f1f6957df9f!2sWittkielhof%2C%2024409%20Stolteb%C3%BCll%2C%20Germania!5e0!3m2!1sit!2sit!4v1675239436672!5m2!1sit!2sit\" width=\"600\" height=\"450\" style=\"border:0;\" allowfullscreen=\"\" loading=\"lazy\" referrerpolicy=\"no-referrer-when-downgrade\"><\/iframe>\n<\/div>\n\n\n\n<div class=\"wp-block-column is-layout-flow wp-block-column-is-layout-flow\" style=\"flex-basis:33.33%\">\n<p><a href=\"https:\/\/www.kunstfuerangeln.de\/da\/besoeg\">Yderligere oplysninger om rejser og bes\u00f8g her.<\/a><\/p>\n<\/div>\n<\/div>\n\n<h2 class=\"wp-block-heading\">THE HOF<\/h2>\n\n<div class=\"wp-block-columns is-layout-flex wp-container-core-columns-is-layout-9d6595d7 wp-block-columns-is-layout-flex\">\n<div class=\"wp-block-column is-layout-flow wp-block-column-is-layout-flow\">\n<p>Wittkielhof er en typisk Angelit-g\u00e5rd med tre sider, en type g\u00e5rd, der er karakteristisk for Angeln-halv\u00f8en i det nordlige Slesvig-Holsten, og som udviklede sig i det 19. \u00e5rhundrede. De to driftsbygninger (stald og lade) ligger over for hinanden, mens beboelseshuset\/herreg\u00e5rden, der ofte er bygget i borgerlig stil, udg\u00f8r g\u00e5rdens bagside. Et hyppigt tilf\u00f8jet udhus er accepten (Altenteil). En tidligere korn- og svinestald i hjertet af Angeln blev i 2003 af ejeren og IT-iv\u00e6rks\u00e6tteren Heinrich Nissen med stor omhu omdannet til et skr\u00e6ddersyet sted til forskellige arrangementer og gennemgribende renoveret i 2012. En s\u00e5kaldt event-stald, som bruges til firmaarrangementer, tr\u00e6f for klassiske biler og bryllupper. Ombygningen af Asmus Petersens lade overfor (opkaldt efter grundl\u00e6ggeren af Wittkielhof) blev afsluttet for 5 \u00e5r siden. Herreg\u00e5rden i midten huser virksomhedens hovedkvarter, kontorer og ejerens private v\u00e6relser. En smukt anlagt park fra det 19. \u00e5rhundrede afrunder helheden.<br \/>Asmus-Petersen-laden, kontorerne, trappen og m\u00f8delokalet i herreg\u00e5rden samt parken bruges til skiftende udstillinger af kunstv\u00e6rker fra Roosen-Trinks-samlingen og er tilg\u00e6ngelige for bes\u00f8gende &#8211; efter forudg\u00e5ende aftale &#8211; til guidede kunstture.       <\/p>\n<\/div>\n\n\n\n<div class=\"wp-block-column is-layout-flow wp-block-column-is-layout-flow\">\n<figure class=\"wp-block-image size-large\"><img loading=\"lazy\" decoding=\"async\" width=\"1024\" height=\"655\" src=\"https:\/\/www.kunstfuerangeln.de\/wp-content\/uploads\/2023\/01\/HOF-1024x655.jpg\" alt=\"\" class=\"wp-image-2855\" srcset=\"https:\/\/www.kunstfuerangeln.de\/wp-content\/uploads\/2023\/01\/HOF-1024x655.jpg 1024w, https:\/\/www.kunstfuerangeln.de\/wp-content\/uploads\/2023\/01\/HOF-300x192.jpg 300w, https:\/\/www.kunstfuerangeln.de\/wp-content\/uploads\/2023\/01\/HOF-768x491.jpg 768w, https:\/\/www.kunstfuerangeln.de\/wp-content\/uploads\/2023\/01\/HOF.jpg 1351w\" sizes=\"auto, (max-width: 1024px) 100vw, 1024px\" \/><\/figure>\n\n\n\n<figure class=\"wp-block-image size-large\"><img decoding=\"async\" src=\"https:\/\/www.kunstfuerangeln.de\/wp-content\/uploads\/2022\/05\/2_FD20965-scaled.jpg\" alt=\"\"\/><\/figure>\n<\/div>\n<\/div>\n\n<div class=\"wp-block-columns is-layout-flex wp-container-core-columns-is-layout-9d6595d7 wp-block-columns-is-layout-flex\">\n<div class=\"wp-block-column is-layout-flow wp-block-column-is-layout-flow\">\n<figure class=\"wp-block-image size-large\"><img loading=\"lazy\" decoding=\"async\" width=\"768\" height=\"1024\" src=\"https:\/\/www.kunstfuerangeln.de\/wp-content\/uploads\/2023\/01\/IMG_0832-768x1024.jpg\" alt=\"\" class=\"wp-image-3104\" srcset=\"https:\/\/www.kunstfuerangeln.de\/wp-content\/uploads\/2023\/01\/IMG_0832-768x1024.jpg 768w, https:\/\/www.kunstfuerangeln.de\/wp-content\/uploads\/2023\/01\/IMG_0832-225x300.jpg 225w, https:\/\/www.kunstfuerangeln.de\/wp-content\/uploads\/2023\/01\/IMG_0832-1152x1536.jpg 1152w, https:\/\/www.kunstfuerangeln.de\/wp-content\/uploads\/2023\/01\/IMG_0832-1536x2048.jpg 1536w, https:\/\/www.kunstfuerangeln.de\/wp-content\/uploads\/2023\/01\/IMG_0832-scaled.jpg 1920w\" sizes=\"auto, (max-width: 768px) 100vw, 768px\" \/><\/figure>\n<\/div>\n\n\n\n<div class=\"wp-block-column is-layout-flow wp-block-column-is-layout-flow\">\n<p>Hunde er velkomne g\u00e6ster!<\/p>\n<\/div>\n<\/div>\n\n<div class=\"wp-block-columns is-layout-flex wp-container-core-columns-is-layout-9d6595d7 wp-block-columns-is-layout-flex\">\n<div class=\"wp-block-column is-layout-flow wp-block-column-is-layout-flow\">\n<p>Wittkielhof er ogs\u00e5 et popul\u00e6rt sted at holde bryllupper.<\/p>\n<\/div>\n\n\n\n<div class=\"wp-block-column is-layout-flow wp-block-column-is-layout-flow\">\n<figure class=\"wp-block-image size-large\"><img loading=\"lazy\" decoding=\"async\" width=\"768\" height=\"1024\" src=\"https:\/\/www.kunstfuerangeln.de\/wp-content\/uploads\/2023\/01\/IMG_0826-768x1024.jpg\" alt=\"\" class=\"wp-image-3106\" srcset=\"https:\/\/www.kunstfuerangeln.de\/wp-content\/uploads\/2023\/01\/IMG_0826-768x1024.jpg 768w, https:\/\/www.kunstfuerangeln.de\/wp-content\/uploads\/2023\/01\/IMG_0826-225x300.jpg 225w, https:\/\/www.kunstfuerangeln.de\/wp-content\/uploads\/2023\/01\/IMG_0826-1152x1536.jpg 1152w, https:\/\/www.kunstfuerangeln.de\/wp-content\/uploads\/2023\/01\/IMG_0826-1536x2048.jpg 1536w, https:\/\/www.kunstfuerangeln.de\/wp-content\/uploads\/2023\/01\/IMG_0826-scaled.jpg 1920w\" sizes=\"auto, (max-width: 768px) 100vw, 768px\" \/><\/figure>\n<\/div>\n<\/div>\n","protected":false},"excerpt":{"rendered":"<p>WITTKIELHOF Yderligere oplysninger om rejser og bes\u00f8g her. THE HOF Wittkielhof er en typisk Angelit-g\u00e5rd med tre sider, en type g\u00e5rd, der er karakteristisk for Angeln-halv\u00f8en i det nordlige Slesvig-Holsten, og som udviklede sig i det 19. \u00e5rhundrede. De to driftsbygninger (stald og lade) ligger over for hinanden, mens beboelseshuset\/herreg\u00e5rden, der ofte er bygget i [&hellip;]<\/p>\n","protected":false},"author":7,"featured_media":0,"parent":0,"menu_order":0,"comment_status":"closed","ping_status":"closed","template":"","meta":{"_acf_changed":false,"footnotes":""},"class_list":["post-10896","page","type-page","status-publish","hentry"],"acf":[],"_links":{"self":[{"href":"https:\/\/www.kunstfuerangeln.de\/da\/wp-json\/wp\/v2\/pages\/10896","targetHints":{"allow":["GET"]}}],"collection":[{"href":"https:\/\/www.kunstfuerangeln.de\/da\/wp-json\/wp\/v2\/pages"}],"about":[{"href":"https:\/\/www.kunstfuerangeln.de\/da\/wp-json\/wp\/v2\/types\/page"}],"author":[{"embeddable":true,"href":"https:\/\/www.kunstfuerangeln.de\/da\/wp-json\/wp\/v2\/users\/7"}],"replies":[{"embeddable":true,"href":"https:\/\/www.kunstfuerangeln.de\/da\/wp-json\/wp\/v2\/comments?post=10896"}],"version-history":[{"count":2,"href":"https:\/\/www.kunstfuerangeln.de\/da\/wp-json\/wp\/v2\/pages\/10896\/revisions"}],"predecessor-version":[{"id":11478,"href":"https:\/\/www.kunstfuerangeln.de\/da\/wp-json\/wp\/v2\/pages\/10896\/revisions\/11478"}],"wp:attachment":[{"href":"https:\/\/www.kunstfuerangeln.de\/da\/wp-json\/wp\/v2\/media?parent=10896"}],"curies":[{"name":"wp","href":"https:\/\/api.w.org\/{rel}","templated":true}]}}