{"id":10901,"date":"2022-10-31T18:25:20","date_gmt":"2022-10-31T17:25:20","guid":{"rendered":"https:\/\/www.kunstfuerangeln.de\/kunst-overvinder-graenser-2022"},"modified":"2026-03-14T11:57:49","modified_gmt":"2026-03-14T10:57:49","slug":"kunst-overvinder-graenser-2022","status":"publish","type":"page","link":"https:\/\/www.kunstfuerangeln.de\/da\/kunst-overvinder-graenser-2022","title":{"rendered":"Kunst overvinder gr\u00e6nser 2022"},"content":{"rendered":"\n<h1 class=\"wp-block-heading\">KUNSTEN OVERVINDER GR\u00c6NSER 2022<\/h1>\n\n<p style=\"font-size:28px\">GENNEMGANG AF DET F\u00d8RSTE \u00c5R AF DET SOCIALE PROJEKT KUNST F\u00dcR ANGELN<\/p>\n\n<div class=\"wp-block-columns is-layout-flex wp-container-core-columns-is-layout-9d6595d7 wp-block-columns-is-layout-flex\">\n<div class=\"wp-block-column is-layout-flow wp-block-column-is-layout-flow\" style=\"flex-basis:33.33%\">\n<p>Et filmhold best\u00e5ende af 2 elever (Kira Eggert (17), Jennifer S. Petersen (17)) og 2 studerende (Ibrahim Khodor (17) og Leonard Diaz (16)) fra Bernstorff-Gymnasium i Satrup og \u00e6ldre borgere fra S\u00f8nderjylland har startet et nyt pilotprojekt med titlen &#8220;ART OVERCOMES BOUNDARIES&#8221; i 2022.<br \/>Eleverne fra Angeln har flere gange m\u00f8dtes i gr\u00e6nseregionen med seniorer fra S\u00f8nderjylland for at l\u00e6re samtidskunstnere fra begge lande og deres arbejde at kende p\u00e5 udstillinger i S\u00f8nderborg og Angeln. Hele projektet blev optaget af de studerende i form af en dokumentarfilm. Projektet blev organiseret og muliggjort af foreningen KUNST F\u00dcR ANGELN e.V. og takket v\u00e6re delvis finansiering fra KULTURFOKUS\/interreg.  <\/p>\n<\/div>\n\n\n\n<div class=\"wp-block-column is-layout-flow wp-block-column-is-layout-flow\" style=\"flex-basis:66.66%\">\n<figure class=\"wp-block-image size-large is-resized\"><img loading=\"lazy\" decoding=\"async\" src=\"https:\/\/www.kunstfuerangeln.de\/wp-content\/uploads\/2022\/10\/ArtOvercomes-Team-768x1024.jpeg\" alt=\"\" class=\"wp-image-2303\" width=\"407\" height=\"543\" srcset=\"https:\/\/www.kunstfuerangeln.de\/wp-content\/uploads\/2022\/10\/ArtOvercomes-Team-768x1024.jpeg 768w, https:\/\/www.kunstfuerangeln.de\/wp-content\/uploads\/2022\/10\/ArtOvercomes-Team-225x300.jpeg 225w, https:\/\/www.kunstfuerangeln.de\/wp-content\/uploads\/2022\/10\/ArtOvercomes-Team-1152x1536.jpeg 1152w, https:\/\/www.kunstfuerangeln.de\/wp-content\/uploads\/2022\/10\/ArtOvercomes-Team.jpeg 1536w\" sizes=\"auto, (max-width: 407px) 100vw, 407px\" \/><\/figure>\n<\/div>\n<\/div>\n\n<div class=\"wp-block-columns is-layout-flex wp-container-core-columns-is-layout-9d6595d7 wp-block-columns-is-layout-flex\">\n<div class=\"wp-block-column is-layout-flow wp-block-column-is-layout-flow\">\n<p>Pilotprojektet startede den 5. oktober 2022 i S\u00f8nderborg med en tysk\/dansk kunstudstilling p\u00e5 S\u00f8nderborg Kunstskole under ledelse af Thomas Lunau og fortsatte i Roosen-Trinks Samlingen p\u00e5 WITTKIELHOF under ledelse af kurator Corinna Koch og samler Ingrid Roosen-Trinks i Angeln indtil slutningen af oktober.<\/p>\n\n\n\n<p>En udvidelse og udstilling er planlagt til for\u00e5ret 2023. \u00c5bning: 16. april 2023.<br \/>Dette nye projekt &#8220;ART OVERCOMES BOUNDARIES&#8221; er endnu en kunstmilep\u00e6l, der skal optimere udvekslingen mellem generationerne og udvide kunstkontakterne mellem de to lande. <\/p>\n<\/div>\n<\/div>\n\n<figure class=\"wp-block-gallery has-nested-images columns-default is-cropped wp-block-gallery-1 is-layout-flex wp-block-gallery-is-layout-flex\">\n<figure class=\"wp-block-image size-large\"><img loading=\"lazy\" decoding=\"async\" width=\"768\" height=\"1024\" data-id=\"2309\" src=\"https:\/\/www.kunstfuerangeln.de\/wp-content\/uploads\/2022\/10\/AoB-gal-03-768x1024.jpg\" alt=\"\" class=\"wp-image-2309\" srcset=\"https:\/\/www.kunstfuerangeln.de\/wp-content\/uploads\/2022\/10\/AoB-gal-03-768x1024.jpg 768w, https:\/\/www.kunstfuerangeln.de\/wp-content\/uploads\/2022\/10\/AoB-gal-03-225x300.jpg 225w, https:\/\/www.kunstfuerangeln.de\/wp-content\/uploads\/2022\/10\/AoB-gal-03-1152x1536.jpg 1152w, https:\/\/www.kunstfuerangeln.de\/wp-content\/uploads\/2022\/10\/AoB-gal-03.jpg 1229w\" sizes=\"auto, (max-width: 768px) 100vw, 768px\" \/><\/figure>\n\n\n\n<figure class=\"wp-block-image size-large\"><img loading=\"lazy\" decoding=\"async\" width=\"768\" height=\"1024\" data-id=\"2311\" src=\"https:\/\/www.kunstfuerangeln.de\/wp-content\/uploads\/2022\/10\/AoB-gal-04-768x1024.jpg\" alt=\"\" class=\"wp-image-2311\" srcset=\"https:\/\/www.kunstfuerangeln.de\/wp-content\/uploads\/2022\/10\/AoB-gal-04-768x1024.jpg 768w, https:\/\/www.kunstfuerangeln.de\/wp-content\/uploads\/2022\/10\/AoB-gal-04-225x300.jpg 225w, https:\/\/www.kunstfuerangeln.de\/wp-content\/uploads\/2022\/10\/AoB-gal-04-1152x1536.jpg 1152w, https:\/\/www.kunstfuerangeln.de\/wp-content\/uploads\/2022\/10\/AoB-gal-04.jpg 1229w\" sizes=\"auto, (max-width: 768px) 100vw, 768px\" \/><\/figure>\n\n\n\n<figure class=\"wp-block-image size-large\"><img loading=\"lazy\" decoding=\"async\" width=\"1024\" height=\"768\" data-id=\"2317\" src=\"https:\/\/www.kunstfuerangeln.de\/wp-content\/uploads\/2022\/10\/AoB-gal-02-1024x768.jpg\" alt=\"\" class=\"wp-image-2317\" srcset=\"https:\/\/www.kunstfuerangeln.de\/wp-content\/uploads\/2022\/10\/AoB-gal-02-1024x768.jpg 1024w, https:\/\/www.kunstfuerangeln.de\/wp-content\/uploads\/2022\/10\/AoB-gal-02-300x225.jpg 300w, https:\/\/www.kunstfuerangeln.de\/wp-content\/uploads\/2022\/10\/AoB-gal-02-768x576.jpg 768w, https:\/\/www.kunstfuerangeln.de\/wp-content\/uploads\/2022\/10\/AoB-gal-02.jpg 1536w\" sizes=\"auto, (max-width: 1024px) 100vw, 1024px\" \/><\/figure>\n\n\n\n<figure class=\"wp-block-image size-large\"><img loading=\"lazy\" decoding=\"async\" width=\"629\" height=\"1024\" data-id=\"2313\" src=\"https:\/\/www.kunstfuerangeln.de\/wp-content\/uploads\/2022\/10\/AoB-gal-01A-629x1024.jpg\" alt=\"\" class=\"wp-image-2313\" srcset=\"https:\/\/www.kunstfuerangeln.de\/wp-content\/uploads\/2022\/10\/AoB-gal-01A-629x1024.jpg 629w, https:\/\/www.kunstfuerangeln.de\/wp-content\/uploads\/2022\/10\/AoB-gal-01A-184x300.jpg 184w, https:\/\/www.kunstfuerangeln.de\/wp-content\/uploads\/2022\/10\/AoB-gal-01A-768x1251.jpg 768w, https:\/\/www.kunstfuerangeln.de\/wp-content\/uploads\/2022\/10\/AoB-gal-01A.jpg 943w\" sizes=\"auto, (max-width: 629px) 100vw, 629px\" \/><\/figure>\n\n\n\n<figure class=\"wp-block-image size-large\"><img loading=\"lazy\" decoding=\"async\" width=\"848\" height=\"1024\" data-id=\"2315\" src=\"https:\/\/www.kunstfuerangeln.de\/wp-content\/uploads\/2022\/10\/AoB-gal-05-848x1024.jpg\" alt=\"\" class=\"wp-image-2315\" srcset=\"https:\/\/www.kunstfuerangeln.de\/wp-content\/uploads\/2022\/10\/AoB-gal-05-848x1024.jpg 848w, https:\/\/www.kunstfuerangeln.de\/wp-content\/uploads\/2022\/10\/AoB-gal-05-249x300.jpg 249w, https:\/\/www.kunstfuerangeln.de\/wp-content\/uploads\/2022\/10\/AoB-gal-05-768x927.jpg 768w, https:\/\/www.kunstfuerangeln.de\/wp-content\/uploads\/2022\/10\/AoB-gal-05-1272x1536.jpg 1272w, https:\/\/www.kunstfuerangeln.de\/wp-content\/uploads\/2022\/10\/AoB-gal-05.jpg 1410w\" sizes=\"auto, (max-width: 848px) 100vw, 848px\" \/><\/figure>\n<\/figure>\n\n<p>Hver studerende har sine egne grunde til at deltage i dette projekt.<br \/>&#8220;Min bedstemor havde ogs\u00e5 en fantastisk tid i et bof\u00e6llesskab i Angeln med meget socialt engagerede mennesker. P\u00e5 grund af denne formative tid for mig ser jeg is\u00e6r frem til dette intergenerationelle projekt og de nye oplevelser,&#8221; sagde Jennifer S. Petersen. Kira Eggert n\u00e6vnte et andet aspekt: &#8220;Jeg har ikke rigtig set mine bedstefor\u00e6ldre selv, s\u00e5 jeg gl\u00e6der mig til at l\u00e6re \u00e6ldre mennesker at kende, som ikke ser deres b\u00f8rneb\u00f8rn s\u00e5 tit, og tilbringe tid sammen med dem.&#8221; <br \/><strong>Kontaktpersoner<\/strong>: (Kira Eggert, Ibrahim Khodor, Leonard Diaz, Jennifer S. Petersen)<br \/><strong>Mail<\/strong>: sozialprojektinangeln@gmail.com<\/p>\n\n<div style=\"height:45px\" aria-hidden=\"true\" class=\"wp-block-spacer\"><\/div>\n\n<h2 class=\"wp-block-heading\"><a href=\"https:\/\/www.youtube.com\/watch?v=grKUM-5DPPo\" target=\"_blank\" rel=\"noreferrer noopener\">VIDEO OM PROJEKTET P\u00c5 YOUTUBE<\/a><\/h2>\n\n<figure class=\"wp-block-image size-large\"><a href=\"https:\/\/www.youtube.com\/watch?v=grKUM-5DPPo\" target=\"_blank\" rel=\"noreferrer noopener\"><img loading=\"lazy\" decoding=\"async\" width=\"1024\" height=\"703\" src=\"https:\/\/www.kunstfuerangeln.de\/wp-content\/uploads\/2023\/01\/YOUTUBE-12123-1024x703.jpg\" alt=\"\" class=\"wp-image-3056\" srcset=\"https:\/\/www.kunstfuerangeln.de\/wp-content\/uploads\/2023\/01\/YOUTUBE-12123-1024x703.jpg 1024w, https:\/\/www.kunstfuerangeln.de\/wp-content\/uploads\/2023\/01\/YOUTUBE-12123-300x206.jpg 300w, https:\/\/www.kunstfuerangeln.de\/wp-content\/uploads\/2023\/01\/YOUTUBE-12123-768x527.jpg 768w, https:\/\/www.kunstfuerangeln.de\/wp-content\/uploads\/2023\/01\/YOUTUBE-12123-1536x1054.jpg 1536w, https:\/\/www.kunstfuerangeln.de\/wp-content\/uploads\/2023\/01\/YOUTUBE-12123.jpg 1600w\" sizes=\"auto, (max-width: 1024px) 100vw, 1024px\" \/><\/a><\/figure>\n\n<hr class=\"wp-block-separator has-alpha-channel-opacity\"\/>\n\n<p class=\"has-medium-font-size\">V\u00e6rker\/kunstv\u00e6rker af kunstnere fra Danmark <br \/>og Slesvig-Holsten :<\/p>\n\n<div class=\"wp-block-columns is-layout-flex wp-container-core-columns-is-layout-9d6595d7 wp-block-columns-is-layout-flex\">\n<div class=\"wp-block-column is-layout-flow wp-block-column-is-layout-flow\">\n<p class=\"has-medium-font-size\">Frederik Albrecht<br \/>Henrik Becker<br \/>Maria Berking<br \/>Thore Bernstein<br \/>Sofie Bird M\u00f8ller<br \/>Rasmus Bj\u00f8rn<br \/>Stephen Craig<br \/>Klaus Fu\u00dfmann<br \/>Tobias Duwe<br \/>Elmar Jacob<br \/>Stine Marie Jacobsen<br \/>Jesper Kristiansen<br \/>Anne Lass<br \/>Tine Bay L\u00fchrssen<br \/>Thomas Lunau<br \/>Jes Mogensen<br \/>Christian Schmidt-Rasmussen <br \/>Frank Suplie<br \/>Dan Thuesen<br \/>Malte Urbschat<br \/>og mange flere.<\/p>\n<\/div>\n\n\n\n<div class=\"wp-block-column is-layout-flow wp-block-column-is-layout-flow\"><\/div>\n<\/div>\n","protected":false},"excerpt":{"rendered":"<p>KUNSTEN OVERVINDER GR\u00c6NSER 2022 GENNEMGANG AF DET F\u00d8RSTE \u00c5R AF DET SOCIALE PROJEKT KUNST F\u00dcR ANGELN Et filmhold best\u00e5ende af 2 elever (Kira Eggert (17), Jennifer S. Petersen (17)) og 2 studerende (Ibrahim Khodor (17) og Leonard Diaz (16)) fra Bernstorff-Gymnasium i Satrup og \u00e6ldre borgere fra S\u00f8nderjylland har startet et nyt pilotprojekt med titlen [&hellip;]<\/p>\n","protected":false},"author":7,"featured_media":0,"parent":0,"menu_order":0,"comment_status":"closed","ping_status":"closed","template":"","meta":{"_acf_changed":false,"footnotes":""},"class_list":["post-10901","page","type-page","status-publish","hentry"],"acf":[],"_links":{"self":[{"href":"https:\/\/www.kunstfuerangeln.de\/da\/wp-json\/wp\/v2\/pages\/10901","targetHints":{"allow":["GET"]}}],"collection":[{"href":"https:\/\/www.kunstfuerangeln.de\/da\/wp-json\/wp\/v2\/pages"}],"about":[{"href":"https:\/\/www.kunstfuerangeln.de\/da\/wp-json\/wp\/v2\/types\/page"}],"author":[{"embeddable":true,"href":"https:\/\/www.kunstfuerangeln.de\/da\/wp-json\/wp\/v2\/users\/7"}],"replies":[{"embeddable":true,"href":"https:\/\/www.kunstfuerangeln.de\/da\/wp-json\/wp\/v2\/comments?post=10901"}],"version-history":[{"count":1,"href":"https:\/\/www.kunstfuerangeln.de\/da\/wp-json\/wp\/v2\/pages\/10901\/revisions"}],"predecessor-version":[{"id":10910,"href":"https:\/\/www.kunstfuerangeln.de\/da\/wp-json\/wp\/v2\/pages\/10901\/revisions\/10910"}],"wp:attachment":[{"href":"https:\/\/www.kunstfuerangeln.de\/da\/wp-json\/wp\/v2\/media?parent=10901"}],"curies":[{"name":"wp","href":"https:\/\/api.w.org\/{rel}","templated":true}]}}