{"id":10979,"date":"2022-03-29T17:23:51","date_gmt":"2022-03-29T15:23:51","guid":{"rendered":"https:\/\/www.kunstfuerangeln.de\/kunstuddannelse"},"modified":"2026-03-14T11:58:03","modified_gmt":"2026-03-14T10:58:03","slug":"kunstuddannelse","status":"publish","type":"page","link":"https:\/\/www.kunstfuerangeln.de\/da\/kunstuddannelse","title":{"rendered":"Kunstuddannelse"},"content":{"rendered":"\n<h1 class=\"wp-block-heading\">ART-formidling<\/h1>\n\n<div style=\"height:26px\" aria-hidden=\"true\" class=\"wp-block-spacer\"><\/div>\n\n<p class=\"has-medium-font-size\">Som landdistriktsforening l\u00e6gger vi s\u00e6rlig v\u00e6gt p\u00e5 at have indflydelse p\u00e5 regionen og have en t\u00e6t dialog med bes\u00f8gende, borgere og kultur- og uddannelsesinstitutioner. Derfor er en bred vifte af m\u00e6glingsydelser en integreret del af vores program. Ud over dialogbaserede omvisninger for grupper i alle aldre og modererede artist talks omfatter vores program forskellige workshops, der er skr\u00e6ddersyet til forskellige m\u00e5lgrupper.  <\/p>\n\n<h2 class=\"wp-block-heading\">Kunst-ture<\/h2>\n\n<p class=\"has-medium-font-size\">Kunstomvisninger (kun under udstillingerne) dagligt &#8211; undtagen l\u00f8rdage &#8211; efter forudg\u00e5ende aftale, book p\u00e5: <a href=\"mailto:visit@kunstfuerangeln.de\">visit@kunstfuerangeln.de<\/a><\/p>\n","protected":false},"excerpt":{"rendered":"<p>ART-formidling Som landdistriktsforening l\u00e6gger vi s\u00e6rlig v\u00e6gt p\u00e5 at have indflydelse p\u00e5 regionen og have en t\u00e6t dialog med bes\u00f8gende, borgere og kultur- og uddannelsesinstitutioner. Derfor er en bred vifte af m\u00e6glingsydelser en integreret del af vores program. Ud over dialogbaserede omvisninger for grupper i alle aldre og modererede artist talks omfatter vores program forskellige [&hellip;]<\/p>\n","protected":false},"author":1,"featured_media":0,"parent":0,"menu_order":2,"comment_status":"closed","ping_status":"closed","template":"","meta":{"_acf_changed":false,"footnotes":""},"class_list":["post-10979","page","type-page","status-publish","hentry"],"acf":[],"_links":{"self":[{"href":"https:\/\/www.kunstfuerangeln.de\/da\/wp-json\/wp\/v2\/pages\/10979","targetHints":{"allow":["GET"]}}],"collection":[{"href":"https:\/\/www.kunstfuerangeln.de\/da\/wp-json\/wp\/v2\/pages"}],"about":[{"href":"https:\/\/www.kunstfuerangeln.de\/da\/wp-json\/wp\/v2\/types\/page"}],"author":[{"embeddable":true,"href":"https:\/\/www.kunstfuerangeln.de\/da\/wp-json\/wp\/v2\/users\/1"}],"replies":[{"embeddable":true,"href":"https:\/\/www.kunstfuerangeln.de\/da\/wp-json\/wp\/v2\/comments?post=10979"}],"version-history":[{"count":1,"href":"https:\/\/www.kunstfuerangeln.de\/da\/wp-json\/wp\/v2\/pages\/10979\/revisions"}],"predecessor-version":[{"id":10981,"href":"https:\/\/www.kunstfuerangeln.de\/da\/wp-json\/wp\/v2\/pages\/10979\/revisions\/10981"}],"wp:attachment":[{"href":"https:\/\/www.kunstfuerangeln.de\/da\/wp-json\/wp\/v2\/media?parent=10979"}],"curies":[{"name":"wp","href":"https:\/\/api.w.org\/{rel}","templated":true}]}}