{"id":11111,"date":"2022-03-31T12:19:18","date_gmt":"2022-03-31T10:19:18","guid":{"rendered":"https:\/\/www.kunstfuerangeln.de\/kunstuddannelse\/guidede-ture"},"modified":"2026-03-14T11:58:03","modified_gmt":"2026-03-14T10:58:03","slug":"guidede-ture","status":"publish","type":"page","link":"https:\/\/www.kunstfuerangeln.de\/da\/kunstuddannelse\/guidede-ture","title":{"rendered":"Guidede ture"},"content":{"rendered":"\n<h1 class=\"wp-block-heading\">Guidede ture gennem vores udstillinger<\/h1>\n\n<h2 class=\"wp-block-heading has-text-color has-link-color has-large-font-size wp-elements-32def64470d7273be5884c92e9924ea4\" style=\"color:#e62321\"><strong>Guidede ture kun efter aftale<\/strong> <br \/><em>Under: <a href=\"mailto:visit@kunstfuerangeln.de\">visit@kunstfuerangeln.de<\/a><\/em><\/h2>\n\n<div style=\"height:26px\" aria-hidden=\"true\" class=\"wp-block-spacer\"><\/div>\n\n<p class=\"has-medium-font-size\">Et af form\u00e5lene med foreningen KUNST f\u00fcr ANGELN er at g\u00f8re adgangen til samtidskunst i almindelighed og til ROOSEN-TRINKS-samlingen i s\u00e6rdeleshed s\u00e5 let og ukompliceret som muligt.  <br \/>Ud over en us\u00e6dvanlig beliggenhed midt ude p\u00e5 landet og gratis adgang omfatter det ogs\u00e5 gratis omvisninger i udstillingerne, b\u00e5de for enkeltpersoner og grupper (op til 50 personer). Det skyldes, at samtidskunst normalt ikke er selvforklarende, og at det at se og besk\u00e6ftige sig med de enkelte kunstgenstande ofte rejser sp\u00f8rgsm\u00e5l og kr\u00e6ver visse individuelle forklaringer.<br \/>Det er derfor vigtigt for os at tilbyde alle interesserede en personlig omvisning: I hele udstillingsperioden g\u00e5r vi gerne gennem rummene sammen med dig (alene eller med venner) &#8211; enten med kuratoren for samlingen eller med samleren selv.<br \/>Tilbuddet g\u00e6lder dagligt &#8211; undtagen l\u00f8rdage &#8211; efter aftale, og der kan til enhver tid laves aftaler p\u00e5 adressen (kun under udstillingerne): <br \/><br \/><a href=\"mailto:visit@kunstfuerangeln.de\">visit@kunstfuerangeln.de<\/a><br \/><br \/>v\u00e6re booket! Vi ser frem til at dele k\u00e6rligheden til og gl\u00e6den ved kunst med dig, din familie og dine venner! Du er meget velkommen, og du er velkommen til at lave en aftale med os!  <\/p>\n","protected":false},"excerpt":{"rendered":"<p>Guidede ture gennem vores udstillinger Guidede ture kun efter aftale Under: visit@kunstfuerangeln.de Et af form\u00e5lene med foreningen KUNST f\u00fcr ANGELN er at g\u00f8re adgangen til samtidskunst i almindelighed og til ROOSEN-TRINKS-samlingen i s\u00e6rdeleshed s\u00e5 let og ukompliceret som muligt. Ud over en us\u00e6dvanlig beliggenhed midt ude p\u00e5 landet og gratis adgang omfatter det ogs\u00e5 gratis [&hellip;]<\/p>\n","protected":false},"author":1,"featured_media":0,"parent":10979,"menu_order":0,"comment_status":"closed","ping_status":"closed","template":"","meta":{"_acf_changed":false,"footnotes":""},"class_list":["post-11111","page","type-page","status-publish","hentry"],"acf":[],"_links":{"self":[{"href":"https:\/\/www.kunstfuerangeln.de\/da\/wp-json\/wp\/v2\/pages\/11111","targetHints":{"allow":["GET"]}}],"collection":[{"href":"https:\/\/www.kunstfuerangeln.de\/da\/wp-json\/wp\/v2\/pages"}],"about":[{"href":"https:\/\/www.kunstfuerangeln.de\/da\/wp-json\/wp\/v2\/types\/page"}],"author":[{"embeddable":true,"href":"https:\/\/www.kunstfuerangeln.de\/da\/wp-json\/wp\/v2\/users\/1"}],"replies":[{"embeddable":true,"href":"https:\/\/www.kunstfuerangeln.de\/da\/wp-json\/wp\/v2\/comments?post=11111"}],"version-history":[{"count":1,"href":"https:\/\/www.kunstfuerangeln.de\/da\/wp-json\/wp\/v2\/pages\/11111\/revisions"}],"predecessor-version":[{"id":11113,"href":"https:\/\/www.kunstfuerangeln.de\/da\/wp-json\/wp\/v2\/pages\/11111\/revisions\/11113"}],"up":[{"embeddable":true,"href":"https:\/\/www.kunstfuerangeln.de\/da\/wp-json\/wp\/v2\/pages\/10979"}],"wp:attachment":[{"href":"https:\/\/www.kunstfuerangeln.de\/da\/wp-json\/wp\/v2\/media?parent=11111"}],"curies":[{"name":"wp","href":"https:\/\/api.w.org\/{rel}","templated":true}]}}