{"id":11126,"date":"2022-03-31T12:19:34","date_gmt":"2022-03-31T10:19:34","guid":{"rendered":"https:\/\/www.kunstfuerangeln.de\/historie"},"modified":"2026-03-14T11:59:49","modified_gmt":"2026-03-14T10:59:49","slug":"historie","status":"publish","type":"page","link":"https:\/\/www.kunstfuerangeln.de\/da\/samling\/historie","title":{"rendered":"Historie"},"content":{"rendered":"\n<h1 class=\"wp-block-heading\">Historie og fremtid<\/h1>\n\n<div style=\"height:26px\" aria-hidden=\"true\" class=\"wp-block-spacer\"><\/div>\n\n<p>Ingrid Roosen-Trinks har besk\u00e6ftiget sig med kunst og kultur i 50 \u00e5r. Hun har v\u00e6ret privat samler af samtidskunst siden 1973. Gennem professionelle stillinger som grundl\u00e6gger af KLASSIK RADIO (1990-1995\/Bertelsmann), medlem af bestyrelsen for Montblanc International (ansvarlig for PR, events og kultur p\u00e5 verdensplan), bestyrelsesmedlem i Montblanc Cultural Foundation (1996 &#8211; 2013) og medlem af bestyrelsen for Konzerthaus BERLIN (siden 2014) har det altid v\u00e6ret vigtigt for hende, b\u00e5de professionelt og privat, at opdage og fremme unge, ukendte kunstnere. Ud over musikere og operasangere omfatter dette ogs\u00e5 moderne billedkunstnere og skuespillere.   <\/p>\n\n<p>I \u00e5renes l\u00f8b har ROOSEN-TRINKS-SAMLINGEN udviklet sig til en blanding af v\u00e6rker af unge internationale og tyske malere, fotokunstnere, skulpt\u00f8rer og multimediekunstnere. I dag omfatter samlingen over 500 v\u00e6rker, fra rumfyldte installationer til collager, fotografiske v\u00e6rker og malerier. <\/p>\n\n<p>Fra 2004 til 2019 var ROOSEN-TRINKS-SAMLINGEN \u00e5ben for offentligheden i private rum i Berlin. Samlingen fokuserer p\u00e5 temaerne &#8220;portr\u00e6t&#8221; og &#8220;humor&#8221;. Ingrid Roosen-Trinks kender n\u00e6sten alle de kunstnere, der er repr\u00e6senteret i hendes samling, personligt.  <\/p>\n\n<p>Efter mange \u00e5r i Berlin har kollektionen siden 2022 v\u00e6ret pr\u00e6senteret i us\u00e6dvanlige landlige omgivelser, og den rette placering blev fundet i Wittkielhof. Kollektionen er nu flyttet ind her! <\/p>\n\n<figure class=\"wp-block-video\"><video height=\"1080\" style=\"aspect-ratio: 1080 \/ 1080;\" width=\"1080\" controls=\"\" src=\"https:\/\/www.kunstfuerangeln.de\/wp-content\/uploads\/2022\/05\/Roosen-Trinks_Snippet_05_SQUARE.mp4\"><\/video><\/figure>\n\n<p class=\"has-medium-font-size\">Wittkielhofs smukke rum, is\u00e6r Asmus Petersens lade, blev med stor k\u00e6rlighed og engagement omdannet til det perfekte udstillingssted. Vi ser frem til mange flere projekter! <\/p>\n\n<figure class=\"wp-block-video\"><video height=\"1920\" style=\"aspect-ratio: 1080 \/ 1920;\" width=\"1080\" controls=\"\" src=\"https:\/\/www.kunstfuerangeln.de\/wp-content\/uploads\/2022\/05\/Roosen-Trinks_Snippet_02_Hochkant.mp4\"><\/video><\/figure>\n","protected":false},"excerpt":{"rendered":"<p>Historie og fremtid Ingrid Roosen-Trinks har besk\u00e6ftiget sig med kunst og kultur i 50 \u00e5r. Hun har v\u00e6ret privat samler af samtidskunst siden 1973. Gennem professionelle stillinger som grundl\u00e6gger af KLASSIK RADIO (1990-1995\/Bertelsmann), medlem af bestyrelsen for Montblanc International (ansvarlig for PR, events og kultur p\u00e5 verdensplan), bestyrelsesmedlem i Montblanc Cultural Foundation (1996 &#8211; 2013) [&hellip;]<\/p>\n","protected":false},"author":1,"featured_media":0,"parent":11471,"menu_order":0,"comment_status":"closed","ping_status":"closed","template":"","meta":{"_acf_changed":false,"footnotes":""},"class_list":["post-11126","page","type-page","status-publish","hentry"],"acf":[],"_links":{"self":[{"href":"https:\/\/www.kunstfuerangeln.de\/da\/wp-json\/wp\/v2\/pages\/11126","targetHints":{"allow":["GET"]}}],"collection":[{"href":"https:\/\/www.kunstfuerangeln.de\/da\/wp-json\/wp\/v2\/pages"}],"about":[{"href":"https:\/\/www.kunstfuerangeln.de\/da\/wp-json\/wp\/v2\/types\/page"}],"author":[{"embeddable":true,"href":"https:\/\/www.kunstfuerangeln.de\/da\/wp-json\/wp\/v2\/users\/1"}],"replies":[{"embeddable":true,"href":"https:\/\/www.kunstfuerangeln.de\/da\/wp-json\/wp\/v2\/comments?post=11126"}],"version-history":[{"count":1,"href":"https:\/\/www.kunstfuerangeln.de\/da\/wp-json\/wp\/v2\/pages\/11126\/revisions"}],"predecessor-version":[{"id":11146,"href":"https:\/\/www.kunstfuerangeln.de\/da\/wp-json\/wp\/v2\/pages\/11126\/revisions\/11146"}],"up":[{"embeddable":true,"href":"https:\/\/www.kunstfuerangeln.de\/da\/wp-json\/wp\/v2\/pages\/11471"}],"wp:attachment":[{"href":"https:\/\/www.kunstfuerangeln.de\/da\/wp-json\/wp\/v2\/media?parent=11126"}],"curies":[{"name":"wp","href":"https:\/\/api.w.org\/{rel}","templated":true}]}}