{"id":11180,"date":"2023-01-06T08:45:00","date_gmt":"2023-01-06T07:45:00","guid":{"rendered":"https:\/\/www.kunstfuerangeln.de\/september-2023"},"modified":"2026-03-14T11:58:09","modified_gmt":"2026-03-14T10:58:09","slug":"september-2023","status":"publish","type":"page","link":"https:\/\/www.kunstfuerangeln.de\/da\/september-2023","title":{"rendered":"September 2023"},"content":{"rendered":"\n<h2 class=\"wp-block-heading has-large-font-size\">MONDWALD UND DER UNGLAUBLICHE MAI<br \/>50 \u00e5r med Roosen-Trinks-samlingen<\/h2>\n\n<p class=\"has-medium-font-size\">Foreningen KUNST F\u00dcR ANGELN e.V. fejrede 50-\u00e5rs jubil\u00e6et for ROOSEN-TRINKS-SAMLINGEN med over 100 samtidskunstv\u00e6rker i en omfattende udstilling.<br \/>Kurator: Thorsten Brinkmann<\/p>\n\n<div class=\"wp-block-columns is-layout-flex wp-container-core-columns-is-layout-9d6595d7 wp-block-columns-is-layout-flex\">\n<div class=\"wp-block-column is-layout-flow wp-block-column-is-layout-flow\">\n<figure class=\"wp-block-image size-full\"><img loading=\"lazy\" decoding=\"async\" width=\"576\" height=\"1024\" src=\"https:\/\/www.kunstfuerangeln.de\/wp-content\/uploads\/2023\/09\/ingrid-incredible.jpg\" alt=\"\" class=\"wp-image-4773\" srcset=\"https:\/\/www.kunstfuerangeln.de\/wp-content\/uploads\/2023\/09\/ingrid-incredible.jpg 576w, https:\/\/www.kunstfuerangeln.de\/wp-content\/uploads\/2023\/09\/ingrid-incredible-169x300.jpg 169w\" sizes=\"auto, (max-width: 576px) 100vw, 576px\" \/><\/figure>\n<\/div>\n\n\n\n<div class=\"wp-block-column is-layout-flow wp-block-column-is-layout-flow\">\n<p>Fra 17. september til 15. oktober 2023 har kunstsamleren Ingrid Roosen-Trinks igen inviteret bes\u00f8gende til at g\u00e5 p\u00e5 opdagelse i v\u00e6rker fra sin samling p\u00e5 Wittkielhof. Hun har kaldt Angeln-regionen i det nordlige Slesvig-Holsten for sit andet hjem i over 30 \u00e5r. I for\u00e5ret 2022 stiftede hun foreningen KUNST F\u00dcR ANGELN e.V. for ikke kun at g\u00f8re sin samling tilg\u00e6ngelig for offentligheden, men ogs\u00e5 for at tilbyde kunstuddannelse med forskellige programmer for unge og gamle midt p\u00e5 landet, langt v\u00e6k fra byens travlhed. Personligt, ukompliceret, gratis og i et vidunderligt landligt g\u00e5rdmilj\u00f8 tilbyder foreningen folk fra regionen og nysgerrige kunstentusiaster en eksklusiv kunstoplevelse.     <\/p>\n\n\n\n<p>&#8220;Jeg har levet med kunst i min hverdag i omkring 50 \u00e5r og kan sige, at den beriger mig enormt og udvider min horisont. Det er pr\u00e6cis, hvad jeg har brug for for ikke at miste min optimisme. Passionen for kunst og den personlige kontakt med kunstnere er det, jeg gerne vil dele med andre. Og hvis jeg kan give folk et smil p\u00e5 l\u00e6ben med kunstv\u00e6rker fra min samling, g\u00f8r det mig glad.&#8221;  <\/p>\n\n\n\n<p>Ingrid Roosen-Trinks<\/p>\n<\/div>\n<\/div>\n\n<div class=\"wp-block-columns is-layout-flex wp-container-core-columns-is-layout-9d6595d7 wp-block-columns-is-layout-flex\">\n<div class=\"wp-block-column is-layout-flow wp-block-column-is-layout-flow\">\n<figure class=\"wp-block-video\"><video height=\"480\" style=\"aspect-ratio: 848 \/ 480;\" width=\"848\" controls=\"\" src=\"https:\/\/www.kunstfuerangeln.de\/wp-content\/uploads\/2024\/02\/video-Leonard.mp4\"><\/video><\/figure>\n<\/div>\n\n\n\n<div class=\"wp-block-column is-layout-flow wp-block-column-is-layout-flow\">\n<p>Video af \u00e5bent hus-arrangementet den 15. oktober 2023<\/p>\n<\/div>\n<\/div>\n\n<div class=\"wp-block-columns is-layout-flex wp-container-core-columns-is-layout-9d6595d7 wp-block-columns-is-layout-flex\">\n<div class=\"wp-block-column is-layout-flow wp-block-column-is-layout-flow\">\n<p>Kunstneren Thorsten Brinkmann kuraterede jubil\u00e6umsudstillingen, som gav et indblik i og et tilbageblik p\u00e5 et halvt \u00e5rhundredes samlerpassion.  <br \/><br \/>Brinkmann er kendt for sine iscenesatte, anonymiserede selvportr\u00e6tter, hvor han bruger fundne genstande som vaser, sk\u00e5le og d\u00e5ser samt kostumer til at d\u00e6kke sit hoved og glide ind i forskellige karakterer. Til udstillingen blev kunstneren, som bor og arbejder i Hamborg, overrasket over samlingens alsidighed. <br \/><br \/>Som svar p\u00e5 sin invitation til at kuratere en jubil\u00e6umsudstilling for samlervennen forklarer han sin tilgang p\u00e5 f\u00f8lgende m\u00e5de: &#8220;I Roosen-Trinks-samlingen lader jeg mig overraske af v\u00e6rkerne og leder efter nye forbindelser mellem dem. M\u00e5let er at vise meget tidlige v\u00e6rker fra samlingen, men ogs\u00e5 helt nye. P\u00e5 en s\u00e5dan m\u00e5de, at et bredt spektrum af samlingen bliver synligt, og en udviklingshistorie bliver gennemsigtig. Nye uopdagede fort\u00e6llinger skulle gerne dukke op.&#8221;<br \/><br \/>Thorsten Brinkmann<\/p>\n<\/div>\n\n\n\n<div class=\"wp-block-column is-layout-flow wp-block-column-is-layout-flow\">\n<figure class=\"wp-block-image size-full\"><img loading=\"lazy\" decoding=\"async\" width=\"576\" height=\"1024\" src=\"https:\/\/www.kunstfuerangeln.de\/wp-content\/uploads\/2023\/10\/Mondwald-seite.jpg\" alt=\"\" class=\"wp-image-5532\" srcset=\"https:\/\/www.kunstfuerangeln.de\/wp-content\/uploads\/2023\/10\/Mondwald-seite.jpg 576w, https:\/\/www.kunstfuerangeln.de\/wp-content\/uploads\/2023\/10\/Mondwald-seite-169x300.jpg 169w\" sizes=\"auto, (max-width: 576px) 100vw, 576px\" \/><\/figure>\n<\/div>\n<\/div>\n\n<hr class=\"wp-block-separator has-alpha-channel-opacity\"\/>\n\n<h2 class=\"wp-block-heading\">INDBLIK I UDSTILLINGEN<\/h2>\n\n <div id=\"slider-block_03f5972b63294b9cfe6e7adbb0575948\" class=\"swiper-container-wrapper slider\">\n <div class=\"swiper-container\" data-spalten=\"1\" data-autoplay=\"\" data-delay=\"\">\n    <div class=\"swiper-wrapper\">\n      \n\n <div id=\"slide-block_3745c1606fca80142db50e83f0d71ff5\" class=\"swiper-slide slide\">\n    \n\n<figure class=\"wp-block-image size-large\"><img loading=\"lazy\" decoding=\"async\" width=\"1024\" height=\"683\" src=\"https:\/\/www.kunstfuerangeln.de\/wp-content\/uploads\/2023\/10\/MONDWALD-slider-012-1024x683.jpg\" alt=\"\" class=\"wp-image-5285\" srcset=\"https:\/\/www.kunstfuerangeln.de\/wp-content\/uploads\/2023\/10\/MONDWALD-slider-012-1024x683.jpg 1024w, https:\/\/www.kunstfuerangeln.de\/wp-content\/uploads\/2023\/10\/MONDWALD-slider-012-300x200.jpg 300w, https:\/\/www.kunstfuerangeln.de\/wp-content\/uploads\/2023\/10\/MONDWALD-slider-012-768x512.jpg 768w, https:\/\/www.kunstfuerangeln.de\/wp-content\/uploads\/2023\/10\/MONDWALD-slider-012-1536x1024.jpg 1536w, https:\/\/www.kunstfuerangeln.de\/wp-content\/uploads\/2023\/10\/MONDWALD-slider-012.jpg 1800w\" sizes=\"auto, (max-width: 1024px) 100vw, 1024px\" \/><\/figure>\n\n<\/div>\n\n\n\n <div id=\"slide-block_3745c1606fca80142db50e83f0d71ff5\" class=\"swiper-slide slide\">\n    \n\n<figure class=\"wp-block-image size-large\"><img loading=\"lazy\" decoding=\"async\" width=\"1024\" height=\"683\" src=\"https:\/\/www.kunstfuerangeln.de\/wp-content\/uploads\/2023\/10\/MONDWALD-slider-011-1024x683.jpg\" alt=\"\" class=\"wp-image-5287\" srcset=\"https:\/\/www.kunstfuerangeln.de\/wp-content\/uploads\/2023\/10\/MONDWALD-slider-011-1024x683.jpg 1024w, https:\/\/www.kunstfuerangeln.de\/wp-content\/uploads\/2023\/10\/MONDWALD-slider-011-300x200.jpg 300w, https:\/\/www.kunstfuerangeln.de\/wp-content\/uploads\/2023\/10\/MONDWALD-slider-011-768x512.jpg 768w, https:\/\/www.kunstfuerangeln.de\/wp-content\/uploads\/2023\/10\/MONDWALD-slider-011-1536x1024.jpg 1536w, https:\/\/www.kunstfuerangeln.de\/wp-content\/uploads\/2023\/10\/MONDWALD-slider-011.jpg 1800w\" sizes=\"auto, (max-width: 1024px) 100vw, 1024px\" \/><\/figure>\n\n<\/div>\n\n\n\n <div id=\"slide-block_3745c1606fca80142db50e83f0d71ff5\" class=\"swiper-slide slide\">\n    \n\n<figure class=\"wp-block-image size-large\"><img loading=\"lazy\" decoding=\"async\" width=\"1024\" height=\"683\" src=\"https:\/\/www.kunstfuerangeln.de\/wp-content\/uploads\/2023\/10\/MONDWALD-slider-004-1024x683.jpg\" alt=\"\" class=\"wp-image-5289\" srcset=\"https:\/\/www.kunstfuerangeln.de\/wp-content\/uploads\/2023\/10\/MONDWALD-slider-004-1024x683.jpg 1024w, https:\/\/www.kunstfuerangeln.de\/wp-content\/uploads\/2023\/10\/MONDWALD-slider-004-300x200.jpg 300w, https:\/\/www.kunstfuerangeln.de\/wp-content\/uploads\/2023\/10\/MONDWALD-slider-004-768x512.jpg 768w, https:\/\/www.kunstfuerangeln.de\/wp-content\/uploads\/2023\/10\/MONDWALD-slider-004-1536x1024.jpg 1536w, https:\/\/www.kunstfuerangeln.de\/wp-content\/uploads\/2023\/10\/MONDWALD-slider-004.jpg 1800w\" sizes=\"auto, (max-width: 1024px) 100vw, 1024px\" \/><\/figure>\n\n<\/div>\n\n\n\n <div id=\"slide-block_3745c1606fca80142db50e83f0d71ff5\" class=\"swiper-slide slide\">\n    \n\n<figure class=\"wp-block-image size-large\"><img loading=\"lazy\" decoding=\"async\" width=\"1024\" height=\"683\" src=\"https:\/\/www.kunstfuerangeln.de\/wp-content\/uploads\/2023\/10\/MONDWALD-slider-003-1024x683.jpg\" alt=\"\" class=\"wp-image-5291\" srcset=\"https:\/\/www.kunstfuerangeln.de\/wp-content\/uploads\/2023\/10\/MONDWALD-slider-003-1024x683.jpg 1024w, https:\/\/www.kunstfuerangeln.de\/wp-content\/uploads\/2023\/10\/MONDWALD-slider-003-300x200.jpg 300w, https:\/\/www.kunstfuerangeln.de\/wp-content\/uploads\/2023\/10\/MONDWALD-slider-003-768x512.jpg 768w, https:\/\/www.kunstfuerangeln.de\/wp-content\/uploads\/2023\/10\/MONDWALD-slider-003-1536x1024.jpg 1536w, https:\/\/www.kunstfuerangeln.de\/wp-content\/uploads\/2023\/10\/MONDWALD-slider-003.jpg 1800w\" sizes=\"auto, (max-width: 1024px) 100vw, 1024px\" \/><\/figure>\n\n<\/div>\n\n\n\n <div id=\"slide-block_3745c1606fca80142db50e83f0d71ff5\" class=\"swiper-slide slide\">\n    \n\n<figure class=\"wp-block-image size-large\"><img loading=\"lazy\" decoding=\"async\" width=\"1024\" height=\"683\" src=\"https:\/\/www.kunstfuerangeln.de\/wp-content\/uploads\/2023\/10\/MONDWALD-slider-005-1024x683.jpg\" alt=\"\" class=\"wp-image-5293\" srcset=\"https:\/\/www.kunstfuerangeln.de\/wp-content\/uploads\/2023\/10\/MONDWALD-slider-005-1024x683.jpg 1024w, https:\/\/www.kunstfuerangeln.de\/wp-content\/uploads\/2023\/10\/MONDWALD-slider-005-300x200.jpg 300w, https:\/\/www.kunstfuerangeln.de\/wp-content\/uploads\/2023\/10\/MONDWALD-slider-005-768x512.jpg 768w, https:\/\/www.kunstfuerangeln.de\/wp-content\/uploads\/2023\/10\/MONDWALD-slider-005-1536x1024.jpg 1536w, https:\/\/www.kunstfuerangeln.de\/wp-content\/uploads\/2023\/10\/MONDWALD-slider-005.jpg 1800w\" sizes=\"auto, (max-width: 1024px) 100vw, 1024px\" \/><\/figure>\n\n<\/div>\n\n\n\n <div id=\"slide-block_3745c1606fca80142db50e83f0d71ff5\" class=\"swiper-slide slide\">\n    \n\n<figure class=\"wp-block-image size-large\"><img loading=\"lazy\" decoding=\"async\" width=\"1024\" height=\"683\" src=\"https:\/\/www.kunstfuerangeln.de\/wp-content\/uploads\/2023\/10\/MONDWALD-slider-001-1024x683.jpg\" alt=\"\" class=\"wp-image-5295\" srcset=\"https:\/\/www.kunstfuerangeln.de\/wp-content\/uploads\/2023\/10\/MONDWALD-slider-001-1024x683.jpg 1024w, https:\/\/www.kunstfuerangeln.de\/wp-content\/uploads\/2023\/10\/MONDWALD-slider-001-300x200.jpg 300w, https:\/\/www.kunstfuerangeln.de\/wp-content\/uploads\/2023\/10\/MONDWALD-slider-001-768x512.jpg 768w, https:\/\/www.kunstfuerangeln.de\/wp-content\/uploads\/2023\/10\/MONDWALD-slider-001-1536x1024.jpg 1536w, https:\/\/www.kunstfuerangeln.de\/wp-content\/uploads\/2023\/10\/MONDWALD-slider-001.jpg 1800w\" sizes=\"auto, (max-width: 1024px) 100vw, 1024px\" \/><\/figure>\n\n<\/div>\n\n\n\n <div id=\"slide-block_3745c1606fca80142db50e83f0d71ff5\" class=\"swiper-slide slide\">\n    \n\n<figure class=\"wp-block-image size-large\"><img loading=\"lazy\" decoding=\"async\" width=\"1024\" height=\"683\" src=\"https:\/\/www.kunstfuerangeln.de\/wp-content\/uploads\/2023\/10\/MONDWALD-slider-002-copia-1024x683.jpg\" alt=\"\" class=\"wp-image-5297\" srcset=\"https:\/\/www.kunstfuerangeln.de\/wp-content\/uploads\/2023\/10\/MONDWALD-slider-002-copia-1024x683.jpg 1024w, https:\/\/www.kunstfuerangeln.de\/wp-content\/uploads\/2023\/10\/MONDWALD-slider-002-copia-300x200.jpg 300w, https:\/\/www.kunstfuerangeln.de\/wp-content\/uploads\/2023\/10\/MONDWALD-slider-002-copia-768x512.jpg 768w, https:\/\/www.kunstfuerangeln.de\/wp-content\/uploads\/2023\/10\/MONDWALD-slider-002-copia-1536x1024.jpg 1536w, https:\/\/www.kunstfuerangeln.de\/wp-content\/uploads\/2023\/10\/MONDWALD-slider-002-copia.jpg 1800w\" sizes=\"auto, (max-width: 1024px) 100vw, 1024px\" \/><\/figure>\n\n<\/div>\n\n\n\n <div id=\"slide-block_3745c1606fca80142db50e83f0d71ff5\" class=\"swiper-slide slide\">\n    \n\n<figure class=\"wp-block-image size-large\"><img loading=\"lazy\" decoding=\"async\" width=\"1024\" height=\"683\" src=\"https:\/\/www.kunstfuerangeln.de\/wp-content\/uploads\/2023\/10\/MONDWALD-slider-010-1024x683.jpg\" alt=\"\" class=\"wp-image-5299\" srcset=\"https:\/\/www.kunstfuerangeln.de\/wp-content\/uploads\/2023\/10\/MONDWALD-slider-010-1024x683.jpg 1024w, https:\/\/www.kunstfuerangeln.de\/wp-content\/uploads\/2023\/10\/MONDWALD-slider-010-300x200.jpg 300w, https:\/\/www.kunstfuerangeln.de\/wp-content\/uploads\/2023\/10\/MONDWALD-slider-010-768x512.jpg 768w, https:\/\/www.kunstfuerangeln.de\/wp-content\/uploads\/2023\/10\/MONDWALD-slider-010-1536x1024.jpg 1536w, https:\/\/www.kunstfuerangeln.de\/wp-content\/uploads\/2023\/10\/MONDWALD-slider-010.jpg 1800w\" sizes=\"auto, (max-width: 1024px) 100vw, 1024px\" \/><\/figure>\n\n<\/div>\n\n\n\n <div id=\"slide-block_3745c1606fca80142db50e83f0d71ff5\" class=\"swiper-slide slide\">\n    \n\n<figure class=\"wp-block-image size-large\"><img loading=\"lazy\" decoding=\"async\" width=\"1024\" height=\"683\" src=\"https:\/\/www.kunstfuerangeln.de\/wp-content\/uploads\/2023\/10\/MONDWALD-slider-007-1024x683.jpg\" alt=\"\" class=\"wp-image-5301\" srcset=\"https:\/\/www.kunstfuerangeln.de\/wp-content\/uploads\/2023\/10\/MONDWALD-slider-007-1024x683.jpg 1024w, https:\/\/www.kunstfuerangeln.de\/wp-content\/uploads\/2023\/10\/MONDWALD-slider-007-300x200.jpg 300w, https:\/\/www.kunstfuerangeln.de\/wp-content\/uploads\/2023\/10\/MONDWALD-slider-007-768x512.jpg 768w, https:\/\/www.kunstfuerangeln.de\/wp-content\/uploads\/2023\/10\/MONDWALD-slider-007-1536x1024.jpg 1536w, https:\/\/www.kunstfuerangeln.de\/wp-content\/uploads\/2023\/10\/MONDWALD-slider-007.jpg 1800w\" sizes=\"auto, (max-width: 1024px) 100vw, 1024px\" \/><\/figure>\n\n<\/div>\n\n\n\n <div id=\"slide-block_3745c1606fca80142db50e83f0d71ff5\" class=\"swiper-slide slide\">\n    \n\n<figure class=\"wp-block-image size-large\"><img loading=\"lazy\" decoding=\"async\" width=\"1024\" height=\"683\" src=\"https:\/\/www.kunstfuerangeln.de\/wp-content\/uploads\/2023\/10\/MONDWALD-slider-006-1024x683.jpg\" alt=\"\" class=\"wp-image-5303\" srcset=\"https:\/\/www.kunstfuerangeln.de\/wp-content\/uploads\/2023\/10\/MONDWALD-slider-006-1024x683.jpg 1024w, https:\/\/www.kunstfuerangeln.de\/wp-content\/uploads\/2023\/10\/MONDWALD-slider-006-300x200.jpg 300w, https:\/\/www.kunstfuerangeln.de\/wp-content\/uploads\/2023\/10\/MONDWALD-slider-006-768x512.jpg 768w, https:\/\/www.kunstfuerangeln.de\/wp-content\/uploads\/2023\/10\/MONDWALD-slider-006-1536x1024.jpg 1536w, https:\/\/www.kunstfuerangeln.de\/wp-content\/uploads\/2023\/10\/MONDWALD-slider-006.jpg 1800w\" sizes=\"auto, (max-width: 1024px) 100vw, 1024px\" \/><\/figure>\n\n<\/div>\n\n\n\n <div id=\"slide-block_3745c1606fca80142db50e83f0d71ff5\" class=\"swiper-slide slide\">\n    \n\n<figure class=\"wp-block-image size-large\"><img loading=\"lazy\" decoding=\"async\" width=\"1024\" height=\"683\" src=\"https:\/\/www.kunstfuerangeln.de\/wp-content\/uploads\/2023\/10\/MONDWALD-slider-008-1024x683.jpg\" alt=\"\" class=\"wp-image-5305\" srcset=\"https:\/\/www.kunstfuerangeln.de\/wp-content\/uploads\/2023\/10\/MONDWALD-slider-008-1024x683.jpg 1024w, https:\/\/www.kunstfuerangeln.de\/wp-content\/uploads\/2023\/10\/MONDWALD-slider-008-300x200.jpg 300w, https:\/\/www.kunstfuerangeln.de\/wp-content\/uploads\/2023\/10\/MONDWALD-slider-008-768x512.jpg 768w, https:\/\/www.kunstfuerangeln.de\/wp-content\/uploads\/2023\/10\/MONDWALD-slider-008-1536x1024.jpg 1536w, https:\/\/www.kunstfuerangeln.de\/wp-content\/uploads\/2023\/10\/MONDWALD-slider-008.jpg 1800w\" sizes=\"auto, (max-width: 1024px) 100vw, 1024px\" \/><\/figure>\n\n<\/div>\n\n\n\n <div id=\"slide-block_3745c1606fca80142db50e83f0d71ff5\" class=\"swiper-slide slide\">\n    \n\n<figure class=\"wp-block-image size-large\"><img loading=\"lazy\" decoding=\"async\" width=\"1024\" height=\"683\" src=\"https:\/\/www.kunstfuerangeln.de\/wp-content\/uploads\/2023\/10\/MONDWALD-slider-009-1024x683.jpg\" alt=\"\" class=\"wp-image-5307\" srcset=\"https:\/\/www.kunstfuerangeln.de\/wp-content\/uploads\/2023\/10\/MONDWALD-slider-009-1024x683.jpg 1024w, https:\/\/www.kunstfuerangeln.de\/wp-content\/uploads\/2023\/10\/MONDWALD-slider-009-300x200.jpg 300w, https:\/\/www.kunstfuerangeln.de\/wp-content\/uploads\/2023\/10\/MONDWALD-slider-009-768x512.jpg 768w, https:\/\/www.kunstfuerangeln.de\/wp-content\/uploads\/2023\/10\/MONDWALD-slider-009-1536x1024.jpg 1536w, https:\/\/www.kunstfuerangeln.de\/wp-content\/uploads\/2023\/10\/MONDWALD-slider-009.jpg 1800w\" sizes=\"auto, (max-width: 1024px) 100vw, 1024px\" \/><\/figure>\n\n<\/div>\n\n    <\/div>\n<\/div>\n  <div class=\"swiper-pagination\"><\/div>\n  <div class=\"swiper-button-prev\"><\/div>\n  <div class=\"swiper-button-next\"><\/div>\n<\/div>\n\n<script>\n\n<\/script>\n\n<p><a href=\"https:\/\/www.kunstfuerangeln.de\/wp-content\/uploads\/2023\/09\/17.9.23-PM_Roosen-Trinks_Mondwald-und-der-unglaubliche-Mai.pdf\" target=\"_blank\" rel=\"noreferrer noopener\">PRESSEMEDDELELSE<\/a><\/p>\n\n<hr class=\"wp-block-separator has-alpha-channel-opacity\"\/>\n\n<h2 class=\"wp-block-heading\">KUNSTNERE:<\/h2>\n\n<div class=\"wp-block-columns is-layout-flex wp-container-core-columns-is-layout-9d6595d7 wp-block-columns-is-layout-flex\">\n<div class=\"wp-block-column is-layout-flow wp-block-column-is-layout-flow\">\n<p>Frederik Albrecht<br \/>Brian Alfred<br \/>allu.studio<br \/>Stefan Balkenhol<br \/>Henrik Becker<br \/>Tjorg Douglas Beer<br \/>Julius von Bismarck<br \/>Gunnar Bundgaard<br \/>Stephen Craig<br \/>Bj\u00f8rn Dahlem<br \/>Jakob Dahlgren<br \/>Henrik Eiben<br \/>Eva og Adele<br \/>Cerith Wyn Evans<br \/>Berta Fischer<br \/>Max Friesinger<br \/>Thomas Glassford<br \/>Greg Gorman<br \/>Lennart gr\u00e5<br \/>W. Grimes<br \/>Beate G\u00fctschow<br \/>Thomas Herbst<br \/>Jane Hilton<br \/>Stefan Hirsig<br \/><\/p>\n<\/div>\n\n\n\n<div class=\"wp-block-column is-layout-flow wp-block-column-is-layout-flow\">\n<p>Nicole Hollmann<br \/>Dennis Hopper<br \/>Atsushi Kaga<br \/>Dieter Kressel<br \/>Jesper Kristiansen<br \/>Alexandra Kurtz<br \/>Tine Bay L\u00fchrssen<br \/>Thomas Lunau<br \/>Jonathan Meese<br \/>Bj\u00f8rn Melhus<br \/>Matt Merkel Hess<br \/>Gerold Miller<br \/>Sofie Bird M\u00f8ller<br \/>Takashi Murakami<br \/>Andreas M\u00fche<br \/>Yoshimoto Nara<br \/>Pablo Picasso<br \/>Maria og Natalia Petschatnikov<br \/>Peter Pewas<br \/>Elizabeth Peyton<br \/>Daniel Pflumm<br \/>Daniel Richter<br \/>Gerwald Rockenschaub<br \/>Ingrid Roosen-Trinks<br \/><\/p>\n<\/div>\n\n\n\n<div class=\"wp-block-column is-layout-flow wp-block-column-is-layout-flow\">\n<p>Frank Roeseler<br \/>Thomas Ruff<br \/>Tom Sachs<br \/>Maike Sander<br \/>Gitte Sch\u00e4fer<br \/>Max Scheler<br \/>Markus Sixay<br \/>Andreas Slominski<br \/>Berndnaut Smilde<br \/>Lucy Sparrow<br \/>Maria Thurn und Taxis<br \/>Gregor Toerzs<br \/>Malte Urbschat<br \/>Jorinde Voigt<\/p>\n\n\n\n<p>Salon Priv\u00e9:<\/p>\n\n\n\n<p>Thore Bernstein<br \/>Rasmus Bj\u00f8rn<br \/>Thorsten Brinkmann<br \/>Thomas Herbst<br \/>Katrin Kampmann<br \/>Oliver Mark<br \/>Rupprecht Matthies et al.<\/p>\n<\/div>\n<\/div>\n","protected":false},"excerpt":{"rendered":"<p>MONDWALD UND DER UNGLAUBLICHE MAI50 \u00e5r med Roosen-Trinks-samlingen Foreningen KUNST F\u00dcR ANGELN e.V. fejrede 50-\u00e5rs jubil\u00e6et for ROOSEN-TRINKS-SAMLINGEN med over 100 samtidskunstv\u00e6rker i en omfattende udstilling.Kurator: Thorsten Brinkmann Fra 17. september til 15. oktober 2023 har kunstsamleren Ingrid Roosen-Trinks igen inviteret bes\u00f8gende til at g\u00e5 p\u00e5 opdagelse i v\u00e6rker fra sin samling p\u00e5 Wittkielhof. Hun [&hellip;]<\/p>\n","protected":false},"author":7,"featured_media":0,"parent":0,"menu_order":0,"comment_status":"closed","ping_status":"closed","template":"","meta":{"_acf_changed":false,"footnotes":""},"class_list":["post-11180","page","type-page","status-publish","hentry"],"acf":[],"_links":{"self":[{"href":"https:\/\/www.kunstfuerangeln.de\/da\/wp-json\/wp\/v2\/pages\/11180","targetHints":{"allow":["GET"]}}],"collection":[{"href":"https:\/\/www.kunstfuerangeln.de\/da\/wp-json\/wp\/v2\/pages"}],"about":[{"href":"https:\/\/www.kunstfuerangeln.de\/da\/wp-json\/wp\/v2\/types\/page"}],"author":[{"embeddable":true,"href":"https:\/\/www.kunstfuerangeln.de\/da\/wp-json\/wp\/v2\/users\/7"}],"replies":[{"embeddable":true,"href":"https:\/\/www.kunstfuerangeln.de\/da\/wp-json\/wp\/v2\/comments?post=11180"}],"version-history":[{"count":1,"href":"https:\/\/www.kunstfuerangeln.de\/da\/wp-json\/wp\/v2\/pages\/11180\/revisions"}],"predecessor-version":[{"id":11272,"href":"https:\/\/www.kunstfuerangeln.de\/da\/wp-json\/wp\/v2\/pages\/11180\/revisions\/11272"}],"wp:attachment":[{"href":"https:\/\/www.kunstfuerangeln.de\/da\/wp-json\/wp\/v2\/media?parent=11180"}],"curies":[{"name":"wp","href":"https:\/\/api.w.org\/{rel}","templated":true}]}}