{"id":11475,"date":"2022-03-08T15:08:05","date_gmt":"2022-03-08T14:08:05","guid":{"rendered":"https:\/\/www.kunstfuerangeln.de\/besoeg"},"modified":"2026-03-25T18:54:24","modified_gmt":"2026-03-25T17:54:24","slug":"besoeg","status":"publish","type":"page","link":"https:\/\/www.kunstfuerangeln.de\/da\/besoeg","title":{"rendered":"Bes\u00f8g"},"content":{"rendered":"\n<h1 class=\"wp-block-heading\">BES\u00d8G<\/h1>\n\n\n\n<div style=\"height:26px\" aria-hidden=\"true\" class=\"wp-block-spacer\"><\/div>\n\n\n\n<div class=\"wp-block-cover alignfull\"><img loading=\"lazy\" decoding=\"async\" width=\"2560\" height=\"1440\" class=\"wp-block-cover__image-background wp-image-177\" alt=\"\" src=\"https:\/\/www.kunstfuerangeln.de\/wp-content\/uploads\/2022\/03\/IMG_20190622_174819-scaled.jpg\" data-object-fit=\"cover\" srcset=\"https:\/\/www.kunstfuerangeln.de\/wp-content\/uploads\/2022\/03\/IMG_20190622_174819-scaled.jpg 2560w, https:\/\/www.kunstfuerangeln.de\/wp-content\/uploads\/2022\/03\/IMG_20190622_174819-300x169.jpg 300w, https:\/\/www.kunstfuerangeln.de\/wp-content\/uploads\/2022\/03\/IMG_20190622_174819-1024x576.jpg 1024w, https:\/\/www.kunstfuerangeln.de\/wp-content\/uploads\/2022\/03\/IMG_20190622_174819-768x432.jpg 768w, https:\/\/www.kunstfuerangeln.de\/wp-content\/uploads\/2022\/03\/IMG_20190622_174819-1536x864.jpg 1536w, https:\/\/www.kunstfuerangeln.de\/wp-content\/uploads\/2022\/03\/IMG_20190622_174819-2048x1152.jpg 2048w\" sizes=\"auto, (max-width: 2560px) 100vw, 2560px\" \/><span aria-hidden=\"true\" class=\"wp-block-cover__background has-background-dim-20 has-background-dim\"><\/span><div class=\"wp-block-cover__inner-container is-layout-flow wp-block-cover-is-layout-flow\">\n<h1 class=\"wp-block-heading alignwide\">BES\u00d8G OG<br \/>INFORMATION<\/h1>\n<\/div><\/div>\n\n\n\n<div class=\"wp-block-columns is-layout-flex wp-container-core-columns-is-layout-9d6595d7 wp-block-columns-is-layout-flex\"><\/div>\n\n\n\n<hr class=\"wp-block-separator has-css-opacity\"\/>\n\n\n\n<div class=\"wp-block-columns is-layout-flex wp-container-core-columns-is-layout-9d6595d7 wp-block-columns-is-layout-flex\">\n<div class=\"wp-block-column is-layout-flow wp-block-column-is-layout-flow\" style=\"flex-basis:66.66%\">\n<h2 class=\"wp-block-heading has-large-font-size\" id=\"oeffnungszeiten\">DATOER<\/h2>\n<\/div>\n\n\n\n<div class=\"wp-block-column is-layout-flow wp-block-column-is-layout-flow\" style=\"flex-basis:33.33%\">\n<p>KUNST F\u00dcR ANGELN tilbyder gratis omvisninger i udstillingerne. B\u00e5de for enkeltpersoner og grupper (op til 50 personer). Der er derfor ingen generelle \u00e5bningstider. Vi tager dig gerne med (alene eller sammen med venner) p\u00e5 guidede ture i udstillingerne i hele deres varighed: dagligt undtagen l\u00f8rdage efter individuel aftale. Vi ser frem til din registrering p\u00e5:      <br \/><a href=\"mailto:visit@kunstfuerangeln.de\">visit@kunstfuerangeln.de<\/a><\/p>\n<\/div>\n<\/div>\n\n\n\n<hr class=\"wp-block-separator has-css-opacity\"\/>\n\n\n\n<div class=\"wp-block-columns is-layout-flex wp-container-core-columns-is-layout-9d6595d7 wp-block-columns-is-layout-flex\">\n<div class=\"wp-block-column is-layout-flow wp-block-column-is-layout-flow\" style=\"flex-basis:66.66%\">\n<h2 class=\"wp-block-heading has-large-font-size\">Optagelse<\/h2>\n<\/div>\n\n\n\n<div class=\"wp-block-column is-layout-flow wp-block-column-is-layout-flow\" style=\"flex-basis:33.33%\">\n<p>Der er gratis adgang for alle. Men du bedes registrere dig p\u00e5 forh\u00e5nd: <\/p>\n\n\n\n<div class=\"wp-block-buttons is-layout-flex wp-block-buttons-is-layout-flex\">\n<div class=\"wp-block-button is-style-outline is-style-outline--1\"><a class=\"wp-block-button__link wp-element-button\" href=\"mailto:visit@kunstfuerangeln.de\">TILMELDING<\/a><\/div>\n<\/div>\n<\/div>\n<\/div>\n\n\n\n<hr class=\"wp-block-separator has-css-opacity\"\/>\n\n\n\n<div class=\"wp-block-columns is-layout-flex wp-container-core-columns-is-layout-9d6595d7 wp-block-columns-is-layout-flex\">\n<div class=\"wp-block-column is-layout-flow wp-block-column-is-layout-flow\" style=\"flex-basis:66.66%\">\n<h2 class=\"wp-block-heading has-large-font-size\" id=\"anfahrtdk\">K\u00d8RSEL<\/h2>\n\n\n\n<figure class=\"wp-block-image size-large\"><img loading=\"lazy\" decoding=\"async\" width=\"1024\" height=\"512\" src=\"https:\/\/www.kunstfuerangeln.de\/wp-content\/uploads\/2022\/04\/Deutschlandkarte_Hofansicht_Zeichenfla\u0308che-1-1-1024x512.png\" alt=\"\" class=\"wp-image-380\" srcset=\"https:\/\/www.kunstfuerangeln.de\/wp-content\/uploads\/2022\/04\/Deutschlandkarte_Hofansicht_Zeichenfla\u0308che-1-1-1024x512.png 1024w, https:\/\/www.kunstfuerangeln.de\/wp-content\/uploads\/2022\/04\/Deutschlandkarte_Hofansicht_Zeichenfla\u0308che-1-1-300x150.png 300w, https:\/\/www.kunstfuerangeln.de\/wp-content\/uploads\/2022\/04\/Deutschlandkarte_Hofansicht_Zeichenfla\u0308che-1-1-768x384.png 768w, https:\/\/www.kunstfuerangeln.de\/wp-content\/uploads\/2022\/04\/Deutschlandkarte_Hofansicht_Zeichenfla\u0308che-1-1.png 1182w\" sizes=\"auto, (max-width: 1024px) 100vw, 1024px\" \/><\/figure>\n<\/div>\n\n\n\n<div class=\"wp-block-column is-layout-flow wp-block-column-is-layout-flow\" style=\"flex-basis:33.33%\">\n<p><strong>KUNST f\u00fcr ANGELN e.V.\/<br \/>SAMMLUNG ROOSEN-TRINKS<\/strong><br \/>Wittkielhof<br \/>24409 Wittkiel<\/p>\n\n\n\n<p>Der er gratis parkering p\u00e5 stedet.<\/p>\n\n\n\n<p>Udstillingsstedet er barrierefrit.<\/p>\n\n\n\n<div class=\"wp-block-buttons is-layout-flex wp-block-buttons-is-layout-flex\">\n<div class=\"wp-block-button is-style-outline is-style-outline--2\"><a class=\"wp-block-button__link wp-element-button\" href=\"https:\/\/goo.gl\/maps\/KrSH9MNaGm9DHdSC8\" target=\"_blank\" rel=\"noreferrer noopener\">Planl\u00e6g rute<\/a><\/div>\n<\/div>\n<\/div>\n<\/div>\n\n\n\n<hr class=\"wp-block-separator has-css-opacity\"\/>\n\n\n\n<div class=\"wp-block-columns is-layout-flex wp-container-core-columns-is-layout-9d6595d7 wp-block-columns-is-layout-flex\">\n<div class=\"wp-block-column is-layout-flow wp-block-column-is-layout-flow\" style=\"flex-basis:66.66%\">\n<h2 class=\"wp-block-heading has-large-font-size\" id=\"umgebung\">Caf\u00e9er og restauranter<\/h2>\n\n\n\n<figure class=\"wp-block-image size-large\"><img loading=\"lazy\" decoding=\"async\" width=\"1024\" height=\"512\" src=\"https:\/\/www.kunstfuerangeln.de\/wp-content\/uploads\/2022\/04\/RestaurantKarte_Zeichenfla\u0308che-1-4-1024x512.png\" alt=\"\" class=\"wp-image-377\" srcset=\"https:\/\/www.kunstfuerangeln.de\/wp-content\/uploads\/2022\/04\/RestaurantKarte_Zeichenfla\u0308che-1-4-1024x512.png 1024w, https:\/\/www.kunstfuerangeln.de\/wp-content\/uploads\/2022\/04\/RestaurantKarte_Zeichenfla\u0308che-1-4-300x150.png 300w, https:\/\/www.kunstfuerangeln.de\/wp-content\/uploads\/2022\/04\/RestaurantKarte_Zeichenfla\u0308che-1-4-768x384.png 768w, https:\/\/www.kunstfuerangeln.de\/wp-content\/uploads\/2022\/04\/RestaurantKarte_Zeichenfla\u0308che-1-4.png 1182w\" sizes=\"auto, (max-width: 1024px) 100vw, 1024px\" \/><\/figure>\n<\/div>\n\n\n\n<div class=\"wp-block-column is-layout-flow wp-block-column-is-layout-flow\" style=\"flex-basis:33.33%\">\n<p><strong>Restaurant &amp; Apartments Meerestochter<\/strong><br \/>Dehnthof 36<br \/>24376 Kappeln<\/p>\n\n\n\n<p><strong>Restaurant Tauwerk ASC<\/strong><br \/>Am S\u00fcdhafen 4<br \/>24376 Kappeln<\/p>\n\n\n\n<p><strong>Hotel og Restaurant Pierspeicher<\/strong> Am Hafen 19c<br \/>24376 Kappeln<\/p>\n\n\n\n<p><strong>Caf\u00e9 Alte Schmiede<\/strong> Schmiedestrasse 4<br \/>24376 Kappeln<\/p>\n\n\n\n\n<\/div>\n<\/div>\n","protected":false},"excerpt":{"rendered":"<p>BES\u00d8G DATOER KUNST F\u00dcR ANGELN tilbyder gratis omvisninger i udstillingerne. B\u00e5de for enkeltpersoner og grupper (op til 50 personer). Der er derfor ingen generelle \u00e5bningstider. Vi tager dig gerne med (alene eller sammen med venner) p\u00e5 guidede ture i udstillingerne i hele deres varighed: dagligt undtagen l\u00f8rdage efter individuel aftale. Vi ser frem til din [&hellip;]<\/p>\n","protected":false},"author":1,"featured_media":0,"parent":0,"menu_order":4,"comment_status":"closed","ping_status":"closed","template":"","meta":{"_acf_changed":false,"footnotes":""},"class_list":["post-11475","page","type-page","status-publish","hentry"],"acf":[],"_links":{"self":[{"href":"https:\/\/www.kunstfuerangeln.de\/da\/wp-json\/wp\/v2\/pages\/11475","targetHints":{"allow":["GET"]}}],"collection":[{"href":"https:\/\/www.kunstfuerangeln.de\/da\/wp-json\/wp\/v2\/pages"}],"about":[{"href":"https:\/\/www.kunstfuerangeln.de\/da\/wp-json\/wp\/v2\/types\/page"}],"author":[{"embeddable":true,"href":"https:\/\/www.kunstfuerangeln.de\/da\/wp-json\/wp\/v2\/users\/1"}],"replies":[{"embeddable":true,"href":"https:\/\/www.kunstfuerangeln.de\/da\/wp-json\/wp\/v2\/comments?post=11475"}],"version-history":[{"count":4,"href":"https:\/\/www.kunstfuerangeln.de\/da\/wp-json\/wp\/v2\/pages\/11475\/revisions"}],"predecessor-version":[{"id":11672,"href":"https:\/\/www.kunstfuerangeln.de\/da\/wp-json\/wp\/v2\/pages\/11475\/revisions\/11672"}],"wp:attachment":[{"href":"https:\/\/www.kunstfuerangeln.de\/da\/wp-json\/wp\/v2\/media?parent=11475"}],"curies":[{"name":"wp","href":"https:\/\/api.w.org\/{rel}","templated":true}]}}