{"id":11479,"date":"2022-03-08T15:07:05","date_gmt":"2022-03-08T14:07:05","guid":{"rendered":"https:\/\/www.kunstfuerangeln.de\/kontakt-os\/paatryk"},"modified":"2026-03-14T12:01:45","modified_gmt":"2026-03-14T11:01:45","slug":"paatryk","status":"publish","type":"page","link":"https:\/\/www.kunstfuerangeln.de\/da\/kontakt-os\/paatryk","title":{"rendered":"P\u00e5tryk"},"content":{"rendered":"\n<h1 class=\"wp-block-heading\">P\u00e5tryk<\/h1>\n\n<p><strong>Kunst f\u00fcr Angeln e.V.<\/strong><br \/>Dorfstra\u00dfe 2<br \/>24996 Ahneby<\/p>\n\n<p>E-mail: <a href=\"mailto:visit@kunstfuerangeln.de\">visit@kunstfuerangeln.de<\/a><br \/>Telefon: 0172 \/ 2022979<\/p>\n\n<p>Registerdomstol: Amtsgericht Flensburg<br \/>Foreningens registernummer: 3337<br \/>Fuldm\u00e6gtig: Ingrid Roosen Trinks<\/p>\n\n<p>Alle rettigheder forbeholdes, is\u00e6r retten til reproduktion, distribution og overs\u00e6ttelse. Ingen af illustrationerne m\u00e5 reproduceres eller bearbejdes, kopieres eller distribueres ved hj\u00e6lp af elektroniske systemer uden tilladelse fra den respektive kunstner.<\/p>\n\n<p>Ansvarsmeddelelse: &#8220;Den regionale domstol (LG) i Hamborg har i en dom af 12. maj 1998 (Ref.: 312 O 85\/98) fastsl\u00e5et, at inds\u00e6ttelse af et link kan f\u00f8re til, at den part, der linker, er medansvarlig for indholdet af den side, der linkes til. Dette kan kun forhindres ved udtrykkeligt at tage afstand fra dette indhold.<br \/>Dette er pr\u00e6cis, hvad vi hermed g\u00f8r: &#8220;Kunst f\u00fcr Angeln e.V.&#8221; er ikke ansvarlig for indholdet af de sider, der linkes til, og g\u00f8r sig ikke deres indhold til sit eget. Denne erkl\u00e6ring g\u00e6lder for alle links.<\/p>\n","protected":false},"excerpt":{"rendered":"<p>P\u00e5tryk Kunst f\u00fcr Angeln e.V.Dorfstra\u00dfe 224996 Ahneby E-mail: visit@kunstfuerangeln.deTelefon: 0172 \/ 2022979 Registerdomstol: Amtsgericht FlensburgForeningens registernummer: 3337Fuldm\u00e6gtig: Ingrid Roosen Trinks Alle rettigheder forbeholdes, is\u00e6r retten til reproduktion, distribution og overs\u00e6ttelse. Ingen af illustrationerne m\u00e5 reproduceres eller bearbejdes, kopieres eller distribueres ved hj\u00e6lp af elektroniske systemer uden tilladelse fra den respektive kunstner. Ansvarsmeddelelse: &#8220;Den regionale domstol [&hellip;]<\/p>\n","protected":false},"author":1,"featured_media":0,"parent":10798,"menu_order":2,"comment_status":"closed","ping_status":"closed","template":"","meta":{"_acf_changed":false,"footnotes":""},"class_list":["post-11479","page","type-page","status-publish","hentry"],"acf":[],"_links":{"self":[{"href":"https:\/\/www.kunstfuerangeln.de\/da\/wp-json\/wp\/v2\/pages\/11479","targetHints":{"allow":["GET"]}}],"collection":[{"href":"https:\/\/www.kunstfuerangeln.de\/da\/wp-json\/wp\/v2\/pages"}],"about":[{"href":"https:\/\/www.kunstfuerangeln.de\/da\/wp-json\/wp\/v2\/types\/page"}],"author":[{"embeddable":true,"href":"https:\/\/www.kunstfuerangeln.de\/da\/wp-json\/wp\/v2\/users\/1"}],"replies":[{"embeddable":true,"href":"https:\/\/www.kunstfuerangeln.de\/da\/wp-json\/wp\/v2\/comments?post=11479"}],"version-history":[{"count":1,"href":"https:\/\/www.kunstfuerangeln.de\/da\/wp-json\/wp\/v2\/pages\/11479\/revisions"}],"predecessor-version":[{"id":11480,"href":"https:\/\/www.kunstfuerangeln.de\/da\/wp-json\/wp\/v2\/pages\/11479\/revisions\/11480"}],"up":[{"embeddable":true,"href":"https:\/\/www.kunstfuerangeln.de\/da\/wp-json\/wp\/v2\/pages\/10798"}],"wp:attachment":[{"href":"https:\/\/www.kunstfuerangeln.de\/da\/wp-json\/wp\/v2\/media?parent=11479"}],"curies":[{"name":"wp","href":"https:\/\/api.w.org\/{rel}","templated":true}]}}