{"id":1590,"date":"2022-03-31T12:19:54","date_gmt":"2022-03-31T10:19:54","guid":{"rendered":"https:\/\/www.kunstfuerangeln.de\/?page_id=1590"},"modified":"2023-07-06T18:06:48","modified_gmt":"2023-07-06T16:06:48","slug":"artists","status":"publish","type":"page","link":"https:\/\/www.kunstfuerangeln.de\/en\/collection\/artists","title":{"rendered":"Artists"},"content":{"rendered":"\n<h1 class=\"wp-block-heading\">ARTISTS<\/h1>\n\n\n\n<div style=\"height:26px\" aria-hidden=\"true\" class=\"wp-block-spacer\"><\/div>\n\n\n\n<h2 class=\"wp-block-heading\">The collection includes works by the following artists:<\/h2>\n\n\n\n<div class=\"wp-block-columns is-layout-flex wp-container-core-columns-is-layout-9d6595d7 wp-block-columns-is-layout-flex\">\n<div class=\"wp-block-column is-layout-flow wp-block-column-is-layout-flow\">\n<p>Slim Aarons<\/p>\n\n\n\n<p>Ansel Adams<\/p>\n\n\n\n<p>Brian Alfred<\/p>\n\n\n\n<p>Frederik Albrecht <\/p>\n\n\n\n<p>Nina Backman<\/p>\n\n\n\n<p>Eduard Bagheer<\/p>\n\n\n\n<p>Stefan Balkenhol<\/p>\n\n\n\n<p>Heike Kati Barath<\/p>\n\n\n\n<p>Tine Bay L\u00fchrssen<\/p>\n\n\n\n<p>Tj\u00f8rg Douglas Beer<\/p>\n\n\n\n<p>Henrik Becker<\/p>\n\n\n\n<p>Maria Berking<\/p>\n\n\n\n<p>Thore Bernstein<\/p>\n\n\n\n<p>Julius von Bismarck<\/p>\n\n\n\n<p>Viktoria Binschtok<\/p>\n\n\n\n<p>Sofie Bird M\u00f8ller<\/p>\n\n\n\n<p>Rasmus Bj\u00f8rn<\/p>\n\n\n\n<p>Emmanuel Bornstein<\/p>\n\n\n\n<p>Brian Bress<\/p>\n\n\n\n<p>Thorsten Brinkmann<\/p>\n\n\n\n<p>Margarita Broich<\/p>\n\n\n\n<p>Antje Bromma<\/p>\n\n\n\n<p>Marcel B\u00fchler<\/p>\n\n\n\n<p>Justin Cooper<\/p>\n\n\n\n<p>Sebastian Copeland<\/p>\n\n\n\n<p>Stephen Craig<\/p>\n\n\n\n<p>Julius Deutschbauer<\/p>\n\n\n\n<p>Tobias Duwe<\/p>\n\n\n\n<p>Eva &amp; Adele<\/p>\n\n\n\n<p>Ernst Eitner<\/p>\n\n\n\n<p>Walker Evans<\/p>\n\n\n\n<p>Hans Feldmann<\/p>\n\n\n\n<p>Arthur Fischer<\/p>\n\n\n\n<p>Charles Fr\u00e9ger<\/p>\n\n\n\n<p>Klaus Fu\u00dfmann<\/p>\n\n\n\n<p>Ramiro Gomez<\/p>\n\n\n\n<p>Greg Gorman<\/p>\n\n\n\n<p>Anthony Gormley<\/p>\n\n\n\n<p>T.M. Glass<\/p>\n\n\n\n<p>Thomas Glassford<\/p>\n\n\n\n<p>Beate G\u00fctschow<\/p>\n\n\n\n<p>Lennart Grau<\/p>\n\n\n\n<p>Willem Grimm<\/p>\n<\/div>\n\n\n\n<div class=\"wp-block-column is-layout-flow wp-block-column-is-layout-flow\">\n<p>Roswitha Hecke<\/p>\n\n\n\n<p>Matt Hennek<\/p>\n\n\n\n<p>Thomas Herbst<\/p>\n\n\n\n<p>Matt Merkel Hess<\/p>\n\n\n\n<p>Jane Hilton<\/p>\n\n\n\n<p>Stefan Hirsig<\/p>\n\n\n\n<p>Carsten H\u00f6ller<\/p>\n\n\n\n<p>Nicole Hollmann<\/p>\n\n\n\n<p>Dennis Hopper<\/p>\n\n\n\n<p>Stefan Huber<\/p>\n\n\n\n<p>Elmar Jacob<\/p>\n\n\n\n<p>Katrin Kampmann<\/p>\n\n\n\n<p>Jesper Kristiansen<\/p>\n\n\n\n<p>Alexandra K\u00fcrtz<\/p>\n\n\n\n<p>Daniel Lergon<\/p>\n\n\n\n<p>Via Lewandowski<\/p>\n\n\n\n<p>Herbert List<\/p>\n\n\n\n<p>Robert Lucander<\/p>\n\n\n\n<p>Thomas Lunau<\/p>\n\n\n\n<p>Rupprecht Matthies<\/p>\n\n\n\n<p>Oliver Mark<\/p>\n\n\n\n<p>Bj\u00f8rn Melhus<\/p>\n\n\n\n<p>Jes Mogensen<\/p>\n\n\n\n<p>Daniel Mohr<\/p>\n\n\n\n<p>Lazl\u00f3 Moholy-Nagy<\/p>\n\n\n\n<p>Sofie Bird M\u00f8ller<\/p>\n\n\n\n<p>Jonathan Monk<\/p>\n\n\n\n<p>Andreas M\u00fche<\/p>\n\n\n\n<p>Takashi Murakami<\/p>\n\n\n\n<p>Yoshimoto Nara&nbsp;<\/p>\n\n\n\n<p>Jennie Ottinger<\/p>\n\n\n\n<p>Gustav Peichl<\/p>\n\n\n\n<p>Maria und Natalia Petschatnikov<\/p>\n\n\n\n<p>Peter Pewas<\/p>\n\n\n\n<p>Richard Phillips<\/p>\n\n\n\n<p>Peter Piller<\/p>\n\n\n\n<p>Lisl Ponger<\/p>\n\n\n\n<p>Frank Roeseler<\/p>\n\n\n\n<p>Gideon Rubin<\/p>\n\n\n\n<p>Christoph Ruckh\u00e4berle<\/p>\n\n\n\n<p>Thomas Ruff<\/p>\n\n\n\n<p>Tom Sachs<\/p>\n\n\n\n<p>Max Scheler<\/p>\n<\/div>\n\n\n\n<div class=\"wp-block-column is-layout-flow wp-block-column-is-layout-flow\">\n<p>Christian Schmidt-Rasmussen<\/p>\n\n\n\n<p>Georg Schulz<\/p>\n\n\n\n<p>Alfred Seiland<\/p>\n\n\n\n<p>Wiebke Siem<\/p>\n\n\n\n<p>Andreas Slominski<\/p>\n\n\n\n<p>Berndnaut Smilde<\/p>\n\n\n\n<p>Kate Sparrow<\/p>\n\n\n\n<p>Daniel Spoerri<\/p>\n\n\n\n<p>Frank Suplie<\/p>\n\n\n\n<p>Christopher Thomas<\/p>\n\n\n\n<p>Dan Thuesen<\/p>\n\n\n\n<p>Maria Thurn und Taxis<\/p>\n\n\n\n<p>Malte Urbschat<\/p>\n\n\n\n<p>Carol Wates<\/p>\n\n\n\n<p>Cerith Wyn Evans<\/p>\n\n\n\n<p>Athena Vida (geboren als \/ formerly known as Gitte Sch\u00e4fer)<\/p>\n\n\n\n<p>Robert Voit<\/p>\n\n\n\n<p>Sahar Zukerman<\/p>\n\n\n\n<p>(\u2026)<\/p>\n<\/div>\n<\/div>\n","protected":false},"excerpt":{"rendered":"<p>ARTISTS The collection includes works by the following artists: Slim Aarons Ansel Adams Brian Alfred Frederik Albrecht Nina Backman Eduard Bagheer Stefan Balkenhol Heike Kati Barath Tine Bay L\u00fchrssen Tj\u00f8rg Douglas Beer Henrik Becker Maria Berking Thore Bernstein Julius von Bismarck Viktoria Binschtok Sofie Bird M\u00f8ller Rasmus Bj\u00f8rn Emmanuel Bornstein Brian Bress Thorsten Brinkmann Margarita [&hellip;]<\/p>\n","protected":false},"author":1,"featured_media":0,"parent":1568,"menu_order":0,"comment_status":"closed","ping_status":"closed","template":"","meta":{"_acf_changed":false,"footnotes":""},"class_list":["post-1590","page","type-page","status-publish","hentry"],"acf":[],"_links":{"self":[{"href":"https:\/\/www.kunstfuerangeln.de\/en\/wp-json\/wp\/v2\/pages\/1590","targetHints":{"allow":["GET"]}}],"collection":[{"href":"https:\/\/www.kunstfuerangeln.de\/en\/wp-json\/wp\/v2\/pages"}],"about":[{"href":"https:\/\/www.kunstfuerangeln.de\/en\/wp-json\/wp\/v2\/types\/page"}],"author":[{"embeddable":true,"href":"https:\/\/www.kunstfuerangeln.de\/en\/wp-json\/wp\/v2\/users\/1"}],"replies":[{"embeddable":true,"href":"https:\/\/www.kunstfuerangeln.de\/en\/wp-json\/wp\/v2\/comments?post=1590"}],"version-history":[{"count":5,"href":"https:\/\/www.kunstfuerangeln.de\/en\/wp-json\/wp\/v2\/pages\/1590\/revisions"}],"predecessor-version":[{"id":4333,"href":"https:\/\/www.kunstfuerangeln.de\/en\/wp-json\/wp\/v2\/pages\/1590\/revisions\/4333"}],"up":[{"embeddable":true,"href":"https:\/\/www.kunstfuerangeln.de\/en\/wp-json\/wp\/v2\/pages\/1568"}],"wp:attachment":[{"href":"https:\/\/www.kunstfuerangeln.de\/en\/wp-json\/wp\/v2\/media?parent=1590"}],"curies":[{"name":"wp","href":"https:\/\/api.w.org\/{rel}","templated":true}]}}