{"id":1624,"date":"2022-07-14T17:03:35","date_gmt":"2022-07-14T15:03:35","guid":{"rendered":"https:\/\/www.kunstfuerangeln.de\/?page_id=1624"},"modified":"2026-03-04T17:46:53","modified_gmt":"2026-03-04T16:46:53","slug":"in-the-media","status":"publish","type":"page","link":"https:\/\/www.kunstfuerangeln.de\/en\/about-us\/in-the-media","title":{"rendered":"In the Media"},"content":{"rendered":"\n<h1 class=\"wp-block-heading\">IN THE MEDIA<\/h1>\n\n\n\n<h2 class=\"wp-block-heading\">TV<\/h2>\n\n\n\n<hr class=\"wp-block-separator has-alpha-channel-opacity\"\/>\n\n\n\n<p style=\"font-size:16px\"><a href=\"https:\/\/www.ndr.de\/fernsehen\/sendungen\/schleswig-holstein_magazin\/deutschlands-groesste-kinderkunst-ausstellung-eroeffnet-in-wittkiel,shmag-3184.html\" target=\"_blank\" rel=\"noreferrer noopener\">&#8220;<em>Deutschlands gr\u00f6\u00dfte Kinderkunst-Ausstellung er\u00f6ffnet in Wittkiel'&#8221;<\/em><\/a><br \/>NDR-Schleswig-Holstein Magazin,<br \/>September 27, 2025<\/p>\n\n\n\n<p style=\"font-size:16px\"><a href=\"https:\/\/www.ardmediathek.de\/video\/Y3JpZDovL25kci5kZS83ZTAzZmI0Zi1jNjQzLTRkMDAtYjg5NC1hOWEyNDg3N2Y4NTM\/\" target=\"_blank\" rel=\"noreferrer noopener\">&#8220;<em>Von Sinatra bis Ali: Ausstellung zeigt &#8216;Ikonen der Photokunst'&#8221;<\/em><\/a><br \/>NDR-Schleswig-Holstein Magazin,<br \/>October 20, 2024<\/p>\n\n\n\n<p><a href=\"https:\/\/www.kunstfuerangeln.de\/wp-content\/uploads\/2025\/10\/KUNST-IM-SCHLOSS.m4v\" target=\"_blank\" rel=\"noreferrer noopener\">&#8220;<em>Kunst im Schloss<\/em>&#8221; <\/a><br \/>NDR Schleswig-Holstein Magazin, <br \/>September 30, 2023<\/p>\n\n\n\n<p><a href=\"https:\/\/www.kunstfuerangeln.de\/wp-content\/uploads\/2025\/10\/IRT-zeigt-Teile-ihrer-Sammlung.m4v\" target=\"_blank\" rel=\"noreferrer noopener\">&#8220;<em>Wittkielhof: Sammlerin zeigt Teile ihrer Sammlung<\/em>&#8220;<\/a><br \/>NDR Schleswig-Holstein Magazin, <br \/>September 20, 2023<\/p>\n\n\n\n<p><a href=\"https:\/\/www.ndr.de\/fernsehen\/sendungen\/schleswig-holstein_magazin\/Grenzueberschreitende-Kunst-in-Wittkielhof,shmag103838.html\">&#8220;<\/a><em><a href=\"https:\/\/www.kunstfuerangeln.de\/wp-content\/uploads\/2025\/05\/Grenzueberschreitende-Kunst_1.mp4\" data-type=\"link\" data-id=\"https:\/\/www.kunstfuerangeln.de\/wp-content\/uploads\/2025\/05\/Grenzueberschreitende-Kunst_1.mp4\" target=\"_blank\" rel=\"noreferrer noopener\">Grenz\u00fcberschreitende Kunst<\/a><\/em><a href=\"https:\/\/www.kunstfuerangeln.de\/wp-content\/uploads\/2025\/05\/Grenzueberschreitende-Kunst_1.mp4\"><em> in Wittkielhof<\/em>&#8220;<\/a><br \/>NDR Schleswig-Holstein Magazin,<br \/>April 16, 2023<\/p>\n\n\n\n\n\n\n\n<h2 class=\"wp-block-heading\">PRINT<\/h2>\n\n\n\n<hr class=\"wp-block-separator has-alpha-channel-opacity\"\/>\n\n\n\n<p style=\"font-size:16px\">&#8220;<a href=\"https:\/\/www.kunstfuerangeln.de\/wp-content\/uploads\/2026\/03\/wirklich_Ausgabe-142.jpg\" target=\"_blank\" rel=\"noreferrer noopener\"><em><strong><em>Vom Podcast in den Kunstraum<\/em>&#8220;<\/strong><\/em> <\/a><br \/>>> | wirklich, Issue 142, \u2028<br \/>March 2026<\/p>\n\n\n\n<p style=\"font-size:16px\"><a href=\"https:\/\/www.kunstfuerangeln.de\/wp-content\/uploads\/2025\/10\/BUNT250040_ART-NEW_Claus-Spalte_39836872_19_View.pdf\" target=\"_blank\" rel=\"noreferrer noopener\"><em>&#8220;<\/em><em>Idee des Monats<\/em>&#8220; <\/a><br \/>Bunte &#8211; Nr. 40, \u2028<br \/>September 2025<br \/><br \/><a href=\"https:\/\/www.kunstfuerangeln.de\/wp-content\/uploads\/2025\/10\/BB_4025_Kinderkunst.pdf\" target=\"_blank\" rel=\"noreferrer noopener\"><em>&#8220;<\/em><em>The Kids are the Stars<\/em>&#8220; <\/a><br \/>Bauernblatt, <br \/>October 4, 2025<\/p>\n\n\n\n<p style=\"font-size:16px\"><a href=\"https:\/\/www.kunstfuerangeln.de\/wp-content\/uploads\/2025\/10\/SCHLEI-BOTE-KIDS-scaled.jpg\" target=\"_blank\" rel=\"noreferrer noopener\"><em>&#8220;<\/em><em>Wenn Kinder Kunst neu denken<\/em>&#8220; <\/a><br \/>Schlei Bote, <br \/>September 26, 2025<\/p>\n\n\n\n<p style=\"font-size:16px\"><em>&#8220;<a href=\"https:\/\/www.kunstfuerangeln.de\/wp-content\/uploads\/2025\/10\/wirklic-kids-scaled.jpg\" target=\"_blank\" rel=\"noreferrer noopener\">Gr\u00f6\u00dfte Kinderkunstausstellung \u00f6ffnet auf dem Wittkielhof<\/a>&#8221; <\/em><br \/>&gt;&gt; | wirklich,<br \/>September 28, 2025<br \/><br \/><a href=\"https:\/\/www.kunstfuerangeln.de\/wp-content\/uploads\/2025\/01\/REETDORF.pdf\" target=\"_blank\" rel=\"noreferrer noopener\"><em>&#8220;Kunst verbindet&#8221;<\/em> <\/a><br \/>G\u00e4stemagazin Reetdorf, <br \/>January 15, 2025<\/p>\n\n\n\n<p style=\"font-size:16px\"><a href=\"https:\/\/www.kunstfuerangeln.de\/wp-content\/uploads\/2025\/01\/Ausgabe-15_KW2_Interview_Roosen-Trinks.pdf\" target=\"_blank\" rel=\"noreferrer noopener\"><em>&#8220;Interview mit Ingrid<\/em> <em>Roosen-Trinks, Gr\u00fcnderin des Vereins Kunst f\u00fcr Angeln&#8221; <\/em><\/a><br \/>&gt;&gt; | wirklich,<br \/>January 10, 2025<\/p>\n\n\n\n<p style=\"font-size:16px\"><a href=\"https:\/\/www.kulturkanal.sh\/2024\/12\/29\/mehr-angebote-fuer-kita-und-schulkinder-ingrid-roosen-trinks\/\" target=\"_blank\" rel=\"noreferrer noopener\"><em>&#8220;Mehr Angebote f\u00fcr Kita- und Schulkinder: Ingrid Roosen-Trinks&#8221;<\/em> <\/a><br \/>kulturkanal sh, <br \/>January 2025<\/p>\n\n\n\n<p style=\"font-size:16px\"><a href=\"https:\/\/www.kunstfuerangeln.de\/wp-content\/uploads\/2024\/09\/SCHLEI-BOTE-239.jpg\" target=\"_blank\" rel=\"noreferrer noopener\"><em>&#8220;<\/em><em>Mehr als 100 Meisterwerke der Fotografie<\/em>&#8220; <\/a><br \/>Schlei Bote, September 24, 2024<\/p>\n\n\n\n<p style=\"font-size:16px\"><a href=\"https:\/\/www.shz.de\/lokales\/gluecksburg-angeln\/artikel\/ikonen-der-fotokunst-ausstellung-auf-wittkielhof-47775802\" target=\"_blank\" rel=\"noreferrer noopener\"><em>&#8220;Ikonen der Fotokunst: Weltber\u00fchmte Werke von Richard Avedon, Henri Cartier-Bresson bis zu Dennis Hopper<\/em>&#8220;<\/a><br \/>SHZ, <br \/>September 23, 2024<br \/><a href=\"https:\/\/www.kunstfuerangeln.de\/wp-content\/uploads\/2025\/01\/Ikonen-der-Fotokunst_-Ausstellung-auf-Wittkielhof-_-SHZ_24092024.pdf\" target=\"_blank\" rel=\"noreferrer noopener\">PDF<\/a><\/p>\n\n\n\n<p style=\"font-size:16px\"><a href=\"https:\/\/www.kunstfuerangeln.de\/wp-content\/uploads\/2025\/06\/wirklich-April-2025.pdf\" target=\"_blank\" rel=\"noreferrer noopener\">&#8220;<em>Full House beim Verein Kunst f\u00fcr Angeln'&#8221;<\/em><\/a><br \/>&gt;&gt; | wirklich,<br \/>April, 2024<\/p>\n\n\n\n<p style=\"font-size:16px\"><em><a href=\"https:\/\/www.weltkunst.de\/kunstwissen\/2024\/04\/ingrid-roosen-trinks-kunst-fuer-angeln\" target=\"_blank\" rel=\"noreferrer noopener\">&#8220;9 Fragen an Ingrid Roosen-Trinks&#8221;<\/a><\/em><br \/>Weltkunst &#8211; Die Kunstcomunity der ZEIT, <br \/>April 12, 2024<\/p>\n\n\n\n<p style=\"font-size:16px\"><a href=\"https:\/\/www.kunstfuerangeln.de\/wp-content\/uploads\/2024\/04\/Alethea-Magazin-Story.pdf\" target=\"_blank\" rel=\"noreferrer noopener\"><em>Interview mit Ingrid Roosen-Trinks<\/em><\/a><br \/>Alethea-Magazin, <br \/>March 21, 2024<\/p>\n\n\n\n<p><a href=\"https:\/\/www.kunstfuerangeln.de\/wp-content\/uploads\/2024\/04\/flensburger.jpeg\" target=\"_blank\" rel=\"noreferrer noopener\"><em>&#8220;<\/em><em>Insta Me, Baby!<\/em> &#8211; <em>Ausstellung in Stolteb\u00fcll zeigt, wie digitale Welten auf die Kunstszene wirken<\/em>&#8220;<\/a><br \/>Flensburger Tageblatt, <br \/>March 15, 2024<\/p>\n\n\n\n<p style=\"font-size:16px\"><em><a href=\"https:\/\/www.kunstfuerangeln.de\/wp-content\/uploads\/2024\/01\/230911_Flensborg-Avis.pdf\" target=\"_blank\" rel=\"noreferrer noopener\">&#8220;Musik in Wittkiel&#8221;<\/a><\/em><br \/>Flensborg Avis, <br \/>September 11, 2023<\/p>\n\n\n\n<p style=\"font-size:16px\"><a href=\"https:\/\/www.kunstfuerangeln.de\/wp-content\/uploads\/2023\/05\/einsam-FLT.jpg\" target=\"_blank\" rel=\"noreferrer noopener\">&#8220;<em>Mit Kunst gegen die Einsamkeit<\/em>&#8220;<\/a><br \/>Flensburger Tageblatt and Schleibote, <br \/>May 8, 2023<\/p>\n\n\n\n<p style=\"font-size:16px\"><a href=\"https:\/\/www.kunstfuerangeln.de\/wp-content\/uploads\/2023\/04\/KunstEinsamkeit.jpg\" target=\"_blank\" rel=\"noreferrer noopener\">&#8220;<em>An der Schlei: Kunstprojekt<\/em> <em>gegen Einsamkeit<\/em>&#8220;<\/a><br \/>Hamburger Abendblatt, <br \/>April 17, 2023<\/p>\n\n\n\n<p style=\"font-size:16px\"><a href=\"https:\/\/www.kunstfuerangeln.de\/wp-content\/uploads\/2023\/04\/schleibote-scaled.jpg\" target=\"_blank\" rel=\"noreferrer noopener\">&#8220;<em>Kunst kann Grenzen \u00fcberwinden und aufl\u00f6sen<\/em>&#8220;<\/a><br \/>Schleibote, <br \/>April 15, 2023<\/p>\n\n\n\n<p style=\"font-size:16px\"><a href=\"https:\/\/www.kunstfuerangeln.de\/wp-content\/uploads\/2023\/09\/fle-tag.jpg\" target=\"_blank\" rel=\"noreferrer noopener\">&#8220;<em>Moderne Kunst in historischen R\u00e4umen<\/em>&#8220;<\/a><br \/>Flensburger Tageblatt, <br \/>September 25, 2023<\/p>\n\n\n\n<p style=\"font-size:16px\"><em><a href=\"https:\/\/www.kunstfuerangeln.de\/wp-content\/uploads\/2023\/10\/schleibt161023.jpg\" target=\"_blank\" rel=\"noreferrer noopener\">&#8220;Gro\u00dfe Kunst von kleinen K\u00fcnstlern&#8221;<\/a><\/em><br \/>Schleibote, <br \/>October 17, 2023<\/p>\n\n\n\n<p style=\"font-size:16px\"><a href=\"https:\/\/www.kunstfuerangeln.de\/wp-content\/uploads\/2023\/04\/Kunstsammlerin-plant-grosse-Ausstellung-150--scaled.jpg\" target=\"_blank\" rel=\"noreferrer noopener\"><em>&#8220;Hamburger Kunstsammlerin plant Ausstellung an der Schlei<\/em>&#8220;<\/a><br \/>Hamburger Abendblatt, <br \/>April 10, 2023<\/p>\n\n\n\n<p style=\"font-size:16px\"><a href=\"https:\/\/www.kunstfuerangeln.de\/wp-content\/uploads\/2023\/01\/HH-Abendblatt-11-1-2023.jpg\" target=\"_blank\" rel=\"noreferrer noopener\">&#8220;<em>Kunst in der Grundschule<\/em>&#8220;<\/a><br \/>Hamburger Abendblatt, <br \/>January 11, 2023<\/p>\n\n\n\n<p style=\"font-size:16px\"><a href=\"https:\/\/www.kunstfuerangeln.de\/wp-content\/uploads\/2024\/12\/221119_HamburgerAbendblatt.pdf\" target=\"_blank\" rel=\"noreferrer noopener\"><em>&#8220;Jetzt gibt es auch<\/em> <em>Kunst an der Schlei<\/em>&#8220;<\/a><br \/>Hamburger Abendblatt,<br \/>November 19, 2022<\/p>\n\n\n\n<p style=\"font-size:16px\"><a href=\"https:\/\/www.kunstfuerangeln.de\/wp-content\/uploads\/2022\/11\/Tagesspiegel-19-Nov-22-899x2048.jpg\" target=\"_blank\" rel=\"noreferrer noopener\">&#8220;<em>Die Idylle tr\u00fcgt<\/em>&#8220;<\/a><br \/>Tagesspiegel, <br \/>November 19, 2022<\/p>\n\n\n\n<p style=\"font-size:16px\"><a href=\"https:\/\/www.kunstfuerangeln.de\/wp-content\/uploads\/2022\/11\/TANGO-NOV-2022.pdf\" target=\"_blank\" rel=\"noreferrer noopener\">&#8220;<em>STADT \u2013 LAND \u2013 VERNETZUNG<\/em>&#8220;<\/a><br \/>TANGO &#8211; Das Magazin<br \/>November 2022<\/p>\n\n\n\n\n\n\n\n<h2 class=\"wp-block-heading\">PODCAST<\/h2>\n\n\n\n<hr class=\"wp-block-separator has-alpha-channel-opacity\"\/>\n\n\n\n<p><a href=\"https:\/\/www.kunstpodcast.com\/1892588\/episodes\/13786218-ich-spreche-mit-der-sammlerin-ingrid-roosen-trinks\" target=\"_blank\" rel=\"noreferrer noopener\">&#8220;Interview mit Ingrid Roosen-Trinks&#8221;<\/a><br \/>Wie tickt die Kunstszene?<br \/>\u2028Der Kunstpodcast<br \/>October 16, 2023<\/p>\n\n\n\n\n\n\n\n<h2 class=\"wp-block-heading\">ONLINE<\/h2>\n\n\n\n<hr class=\"wp-block-separator has-alpha-channel-opacity\"\/>\n\n\n\n<p><em><a href=\"https:\/\/conscious-collector.com\/2024\/01\/26\/sammlung-roosen-trinks-april-2024\/\" target=\"_blank\" rel=\"noreferrer noopener\">SAMMLUNG ROOSEN-TRINKS l\u00e4dt zu \u201eINSTA ME, BABY!&#8221;<\/a><\/em><br \/>dedicated conscious collectors,<br \/>January 26, 2024<\/p>\n\n\n\n<p><a href=\"https:\/\/www.shz.de\/lokales\/gluecksburg-angeln\/artikel\/nordlichtschule-suederbrarup-kunstausstellung-in-der-grundschule-43938065\" target=\"_blank\" rel=\"noreferrer noopener\"><em>Eine Grundschule<\/em> <em>wird zum Museum<\/em>&#8220;<\/a><br \/>Schleswig Holstein Zeitung, <br \/>January 14, 2023<\/p>\n\n\n\n<p><em><a href=\"https:\/\/www.artrabbit.com\/events\/art-music-overcome-boundaries-2023\" target=\"_blank\" rel=\"noreferrer noopener\">&#8220;Art &amp; Music overcome boundaries&#8221;<\/a><\/em><br \/>Art Rabbit, <br \/>October 2023<\/p>\n\n\n\n<p>&#8220;<em><a href=\"https:\/\/www.nordschleswiger.dk\/de\/nordschleswig-tondern-kultur\/musik-und-kunstfest-schloss-schackenburg\" target=\"_blank\" rel=\"noreferrer noopener\">Musik- und Kunstfest auf Schloss Schackenburg\u201c<\/a><\/em><br \/>Der Nordschleswiger, <br \/>August 12, 2023<\/p>\n\n\n\n<p><a href=\"https:\/\/www.kunstfuerangeln.de\/en\/n-tv-interview\">&#8220;<em>Kunst endet nicht an den Grenzen<\/em>&#8220;<\/a><br \/>Interview with Ingrid Roosen Trinks, <br \/>n-tv,<br \/>May 5, 2023<\/p>\n\n\n\n<p><a href=\"https:\/\/www.bauernblatt.com\/mit-kunst-grenzen-ueberwinden\/\" target=\"_blank\" rel=\"noreferrer noopener\">&#8220;<em>Mit Kunst Grenzen \u00fcberwinden<\/em>&#8220;<\/a><br \/>Bauernblatt, <br \/>April 20, 2023<\/p>\n\n\n\n<p><a href=\"https:\/\/www.fla.de\/kultur\/kunst\/56070\/udstilling-angel-skal-bindes-taettere-pa-danmark\" target=\"_blank\" rel=\"noreferrer noopener\">&#8220;<em>Ausstellung: Angeln soll n\u00e4her an D\u00e4nemark gebunden werden<\/em>&#8220;<\/a><br \/>Flensborg Avis online, <br \/>March 25, 2023 (Danish)<\/p>\n\n\n\n<p><a href=\"https:\/\/www.abendblatt.de\/region\/schleswig-holstein\/article236943403\/kunst-auf-dem-land-500-werke-sind-an-die-schlei-gezogen-norden-kunst-ostsee.html\" target=\"_blank\" rel=\"noreferrer noopener\">&#8220;<em>Kunst auf dem Land: 500 Werke sind an die Schlei gezogen<\/em>&#8220;<\/a><br \/>Hamburger Abendblatt, <br \/>November 19, 2022<\/p>\n\n\n\n<p><a href=\"https:\/\/www.shz.de\/lokales\/kappeln\/artikel\/ingrid-roosen-trinks-laedt-zur-zweiten-ausstellung-auf-wittkielhof-43327404\" target=\"_blank\" rel=\"noreferrer noopener\">&#8220;<em>Ausstellung mit zeitgen\u00f6ssischer Kunst auf dem Wittkielhof in Stolteb\u00fcll<\/em>&#8220;<\/a><br \/>SHZ, <br \/>October 7, 2022<\/p>\n\n\n\n<p><a href=\"https:\/\/opendoer.de\/kunstausstellung-masken-portraits-verhuellungen-ingrid-roosen-trinks\/\" target=\"_blank\" rel=\"noreferrer noopener\"><em>&#8220;Fahrradtour mit pers\u00f6nlicher Kunstf\u00fchrung von Ingrid Roosen-Trinks&#8221;<\/em><\/a><br \/>OPEN D\u00d6R,<br \/>May, 2022<\/p>\n\n\n\n<p><a href=\"https:\/\/www.handelsblatt.com\/arts_und_style\/kunstmarkt\/privatsammlung-sammlerin-mit-mission-unverkrampft-der-kunst-begegnen\/28599976.html\" target=\"_blank\" rel=\"noreferrer noopener\">&#8220;<em>Sammlerin mit Mission: Unverkrampft der Kunst begegnen<\/em>&#8220;<\/a><br \/>Handelsblatt, <br \/>August 14, 2022<\/p>\n\n\n\n<p><a href=\"https:\/\/polis-magazin.com\/events\/event\/stadt-land-vernetzung\/\" target=\"_blank\" rel=\"noreferrer noopener\">&#8220;<em>STADT \u2013 LAND \u2013 VERNETZUNG<\/em>&#8220;<\/a><br \/>Polis-Magazin, <br \/>June, 2022<\/p>\n\n\n\n<p><a href=\"https:\/\/schleswig-szene.de\/die-sammlung-roosen-trinks-zieht-in-den-norden-schleswig-holsteins-nach-wittkiel.html\" target=\"_blank\" rel=\"noreferrer noopener\"><em>&#8220;Die SAMMLUNG ROOSEN-TRINKS zieht in den Norden Schleswig-Holsteins nach Wittkiel&#8221;<\/em><\/a><br \/>Schleswig Szene,<br \/>April 22, 2022<\/p>\n\n\n\n\n\n\n\n<h2 class=\"wp-block-heading\">RADIO<\/h2>\n\n\n\n<hr class=\"wp-block-separator has-alpha-channel-opacity\"\/>\n\n\n\n<p><em><a href=\"https:\/\/www.kunstfuerangeln.de\/wp-content\/uploads\/2024\/05\/NDR1-29-4-24.mp3\" target=\"_blank\" rel=\"noreferrer noopener\">&#8220;INSTA ME, BABY&#8221;<\/a><\/em><br \/>NDR 1 regional news (Excerpt),<br \/>April 29, 2024<\/p>\n","protected":false},"excerpt":{"rendered":"<p>IN THE MEDIA TV &#8220;Deutschlands gr\u00f6\u00dfte Kinderkunst-Ausstellung er\u00f6ffnet in Wittkiel&#8217;&#8221;NDR-Schleswig-Holstein Magazin,September 27, 2025 &#8220;Von Sinatra bis Ali: Ausstellung zeigt &#8216;Ikonen der Photokunst&#8217;&#8221;NDR-Schleswig-Holstein Magazin,October 20, 2024 &#8220;Kunst im Schloss&#8221; NDR Schleswig-Holstein Magazin, September 30, 2023 &#8220;Wittkielhof: Sammlerin zeigt Teile ihrer Sammlung&#8220;NDR Schleswig-Holstein Magazin, September 20, 2023 &#8220;Grenz\u00fcberschreitende Kunst in Wittkielhof&#8220;NDR Schleswig-Holstein Magazin,April 16, 2023 PRINT &#8220;Vom [&hellip;]<\/p>\n","protected":false},"author":1,"featured_media":0,"parent":1557,"menu_order":0,"comment_status":"closed","ping_status":"closed","template":"","meta":{"_acf_changed":false,"footnotes":""},"class_list":["post-1624","page","type-page","status-publish","hentry"],"acf":[],"_links":{"self":[{"href":"https:\/\/www.kunstfuerangeln.de\/en\/wp-json\/wp\/v2\/pages\/1624","targetHints":{"allow":["GET"]}}],"collection":[{"href":"https:\/\/www.kunstfuerangeln.de\/en\/wp-json\/wp\/v2\/pages"}],"about":[{"href":"https:\/\/www.kunstfuerangeln.de\/en\/wp-json\/wp\/v2\/types\/page"}],"author":[{"embeddable":true,"href":"https:\/\/www.kunstfuerangeln.de\/en\/wp-json\/wp\/v2\/users\/1"}],"replies":[{"embeddable":true,"href":"https:\/\/www.kunstfuerangeln.de\/en\/wp-json\/wp\/v2\/comments?post=1624"}],"version-history":[{"count":10,"href":"https:\/\/www.kunstfuerangeln.de\/en\/wp-json\/wp\/v2\/pages\/1624\/revisions"}],"predecessor-version":[{"id":10571,"href":"https:\/\/www.kunstfuerangeln.de\/en\/wp-json\/wp\/v2\/pages\/1624\/revisions\/10571"}],"up":[{"embeddable":true,"href":"https:\/\/www.kunstfuerangeln.de\/en\/wp-json\/wp\/v2\/pages\/1557"}],"wp:attachment":[{"href":"https:\/\/www.kunstfuerangeln.de\/en\/wp-json\/wp\/v2\/media?parent=1624"}],"curies":[{"name":"wp","href":"https:\/\/api.w.org\/{rel}","templated":true}]}}