{"id":3456,"date":"2023-03-24T16:42:09","date_gmt":"2023-03-24T15:42:09","guid":{"rendered":"https:\/\/www.kunstfuerangeln.de\/news"},"modified":"2026-03-30T14:07:48","modified_gmt":"2026-03-30T12:07:48","slug":"miscellaneous","status":"publish","type":"page","link":"https:\/\/www.kunstfuerangeln.de\/en\/miscellaneous","title":{"rendered":"NEWS"},"content":{"rendered":"\n<h1 class=\"wp-block-heading\">MISCELLANEOUS<\/h1>\n\n\n\n<div class=\"wp-block-columns is-layout-flex wp-container-core-columns-is-layout-9d6595d7 wp-block-columns-is-layout-flex\">\n<div class=\"wp-block-column is-layout-flow wp-block-column-is-layout-flow\">\n<p>\u201cI will walk the Camino de Santiago.\u201d This announcement by <strong>Volker Masuhr<\/strong> caused head-shaking and bewilderment: what\u2019s that supposed to mean? It quickly becomes clear that the 800 km march will be a challenge\u2014physically, mentally, and socially. For weeks, traveling with nothing more than what he carries on his body will be an entirely new experience for the school principal from Flensburg. But the most surprising thing will be what the journey does to the pilgrim\u2026<\/p>\n\n\n\n<p>Volker Masuhr will talk about this in his illustrated lecture as part of the exhibition opening \u201cI am a Drinnie\u201d on April 19 at 3:00 p.m. Visitors can look forward to it!<\/p>\n<\/div>\n\n\n\n<div class=\"wp-block-column is-layout-flow wp-block-column-is-layout-flow\">\n<figure class=\"wp-block-image size-full\"><img loading=\"lazy\" decoding=\"async\" width=\"510\" height=\"846\" src=\"https:\/\/www.kunstfuerangeln.de\/wp-content\/uploads\/2026\/03\/zweiter-rucksack.png\" alt=\"\" class=\"wp-image-11699\" srcset=\"https:\/\/www.kunstfuerangeln.de\/wp-content\/uploads\/2026\/03\/zweiter-rucksack.png 510w, https:\/\/www.kunstfuerangeln.de\/wp-content\/uploads\/2026\/03\/zweiter-rucksack-181x300.png 181w\" sizes=\"auto, (max-width: 510px) 100vw, 510px\" \/><\/figure>\n<\/div>\n<\/div>\n\n\n\n<hr class=\"wp-block-separator has-alpha-channel-opacity\"\/>\n\n\n\n<div class=\"wp-block-columns is-layout-flex wp-container-core-columns-is-layout-9d6595d7 wp-block-columns-is-layout-flex\">\n<div class=\"wp-block-column is-layout-flow wp-block-column-is-layout-flow\">\n<h2 class=\"wp-block-heading\" style=\"font-style:normal;font-weight:800\">THOMAS LUNAU CURATOR<\/h2>\n\n\n\n<figure class=\"wp-block-image size-large\"><img loading=\"lazy\" decoding=\"async\" width=\"863\" height=\"1024\" src=\"https:\/\/www.kunstfuerangeln.de\/wp-content\/uploads\/2025\/01\/THLunau-863x1024.jpg\" alt=\"\" class=\"wp-image-8087\" srcset=\"https:\/\/www.kunstfuerangeln.de\/wp-content\/uploads\/2025\/01\/THLunau-863x1024.jpg 863w, https:\/\/www.kunstfuerangeln.de\/wp-content\/uploads\/2025\/01\/THLunau-253x300.jpg 253w, https:\/\/www.kunstfuerangeln.de\/wp-content\/uploads\/2025\/01\/THLunau-768x911.jpg 768w, https:\/\/www.kunstfuerangeln.de\/wp-content\/uploads\/2025\/01\/THLunau.jpg 1179w\" sizes=\"auto, (max-width: 863px) 100vw, 863px\" \/><\/figure>\n<\/div>\n\n\n\n<div class=\"wp-block-column is-layout-flow wp-block-column-is-layout-flow\">\n<p>KUNST F\u00dcR ANGELN e.V. was pleased to once again have the artist and director of the S\u00f8nderjyllands Art School in S\u00f8nderborg, THOMAS LUNAU, as the curator for our German-Danish art project in 2025. The results were on display at Wittkielhof from May to April 2025.<\/p>\n<\/div>\n<\/div>\n\n\n\n<hr class=\"wp-block-separator has-alpha-channel-opacity\"\/>\n\n\n\n<div class=\"wp-block-columns is-layout-flex wp-container-core-columns-is-layout-9d6595d7 wp-block-columns-is-layout-flex\">\n<div class=\"wp-block-column is-layout-flow wp-block-column-is-layout-flow\">\n<h2 class=\"wp-block-heading\" id=\"block-761f68a2-f842-403c-9e13-7bde634801cc\" style=\"font-style:normal;font-weight:800\">FROM THE COLLECTION<\/h2>\n\n\n\n<p>New entry February 2023:<br \/><\/p>\n\n\n\n<figure class=\"wp-block-image size-large\"><img loading=\"lazy\" decoding=\"async\" width=\"1024\" height=\"802\" src=\"https:\/\/www.kunstfuerangeln.de\/wp-content\/uploads\/2023\/02\/Eisbaer-1024x802.jpg\" alt=\"\" class=\"wp-image-3203\" srcset=\"https:\/\/www.kunstfuerangeln.de\/wp-content\/uploads\/2023\/02\/Eisbaer-1024x802.jpg 1024w, https:\/\/www.kunstfuerangeln.de\/wp-content\/uploads\/2023\/02\/Eisbaer-300x235.jpg 300w, https:\/\/www.kunstfuerangeln.de\/wp-content\/uploads\/2023\/02\/Eisbaer-768x602.jpg 768w, https:\/\/www.kunstfuerangeln.de\/wp-content\/uploads\/2023\/02\/Eisbaer.jpg 1225w\" sizes=\"auto, (max-width: 1024px) 100vw, 1024px\" \/><figcaption class=\"wp-element-caption\"><br \/>Anne Lass, Untitled, Chicago, 2005 (Polar Bear), Archival Pigment Print, Diasec, 60 x 75 cm, Courtesy of Anne Lass \u00a9 Anne Lass\/VG Bild-Kunst, Bonn 2023<\/figcaption><\/figure>\n<\/div>\n\n\n\n<div class=\"wp-block-column is-layout-flow wp-block-column-is-layout-flow\">\n<h2 class=\"wp-block-heading\" id=\"block-761f68a2-f842-403c-9e13-7bde634801cc\" style=\"font-style:normal;font-weight:800\">ABOUT THE ARTISTS,<br \/>FROM THE ARTISTS<\/h2>\n\n\n\n<p>Sofie Bird M\u00f8ller talks about <strong>Rolling<\/strong> <strong>Berlin \u2013 an homage to Berlin<\/strong>. The artwork was exposed with other of her works in the exhibition <a href=\"https:\/\/www.kunstfuerangeln.de\/en\/art-overcomes-boundaries\">ART <\/a><a href=\"https:\/\/www.kunstfuerangeln.de\/en\/current-exibition\">OVERCOMES BOUNDARIES<\/a>. It has been also her contribution to the exhibition <a href=\"https:\/\/www.kunstfuerangeln.de\/en\/city-country-connectivity\">\u201cCity \u2013 Country \u2013 Connectivity\u201d<\/a>, the second exhibition at the Wittkielhof, October-November, 2022.<\/p>\n\n\n\n<div class=\"wp-block-columns is-layout-flex wp-container-core-columns-is-layout-9d6595d7 wp-block-columns-is-layout-flex\">\n<div class=\"wp-block-column is-layout-flow wp-block-column-is-layout-flow\">\n<figure class=\"wp-block-video\"><video height=\"352\" style=\"aspect-ratio: 640 \/ 352;\" width=\"640\" controls src=\"https:\/\/www.kunstfuerangeln.de\/wp-content\/uploads\/2023\/01\/Rollin-Berlin-Sophie-Bird-MUeller.mp4\"><\/video><\/figure>\n<\/div>\n\n\n\n<div class=\"wp-block-column is-layout-flow wp-block-column-is-layout-flow\">\n<figure class=\"wp-block-image size-large\"><img loading=\"lazy\" decoding=\"async\" width=\"1024\" height=\"805\" src=\"https:\/\/www.kunstfuerangeln.de\/wp-content\/uploads\/2023\/01\/rollinBer-886-1024x805.jpg\" alt=\"\" class=\"wp-image-2847\" srcset=\"https:\/\/www.kunstfuerangeln.de\/wp-content\/uploads\/2023\/01\/rollinBer-886-1024x805.jpg 1024w, https:\/\/www.kunstfuerangeln.de\/wp-content\/uploads\/2023\/01\/rollinBer-886-300x236.jpg 300w, https:\/\/www.kunstfuerangeln.de\/wp-content\/uploads\/2023\/01\/rollinBer-886-768x604.jpg 768w, https:\/\/www.kunstfuerangeln.de\/wp-content\/uploads\/2023\/01\/rollinBer-886.jpg 1513w\" sizes=\"auto, (max-width: 1024px) 100vw, 1024px\" \/><\/figure>\n\n\n\n<p class=\"has-small-font-size\"><em>Sofie Bird M\u00f8ller, Rolling Berlin &#8211; an homage to Berlin, Acrylic on postcard, 2022<\/em><\/p>\n<\/div>\n<\/div>\n<\/div>\n<\/div>\n\n\n\n<hr class=\"wp-block-separator has-alpha-channel-opacity\"\/>\n\n\n\n<div class=\"wp-block-columns is-layout-flex wp-container-core-columns-is-layout-9d6595d7 wp-block-columns-is-layout-flex\">\n<div class=\"wp-block-column is-layout-flow wp-block-column-is-layout-flow\">\n<h2 class=\"wp-block-heading\" style=\"font-style:normal;font-weight:800\">KUNST F\u00dcR ANGELN IS HAPPY ABOUT: <br \/>ART IN ANGELN!<\/h2>\n\n\n\n<p>&#8220;Curated Disaster&#8221; by Studio C.A.R.E.Rotterdam, the slightly different &#8220;Demolition Party&#8221;, implemented in the heart of Angeln, at Paddy Boehme in Sterup!<\/p>\n\n\n\n<p>A program by the NDR<\/p>\n<\/div>\n\n\n\n<div class=\"wp-block-column is-layout-flow wp-block-column-is-layout-flow\">\n<figure class=\"wp-block-image size-large\"><a href=\"https:\/\/www.ardmediathek.de\/video\/Y3JpZDovL25kci5kZS9wcm9wbGFuXzE5NjM0ODYyM19nYW56ZVNlbmR1bmc\" target=\"_blank\" rel=\"noreferrer noopener\"><img loading=\"lazy\" decoding=\"async\" width=\"1024\" height=\"721\" src=\"https:\/\/www.kunstfuerangeln.de\/wp-content\/uploads\/2023\/09\/abrisssparty-1-1024x721.jpg\" alt=\"\" class=\"wp-image-4744\" srcset=\"https:\/\/www.kunstfuerangeln.de\/wp-content\/uploads\/2023\/09\/abrisssparty-1-1024x721.jpg 1024w, https:\/\/www.kunstfuerangeln.de\/wp-content\/uploads\/2023\/09\/abrisssparty-1-300x211.jpg 300w, https:\/\/www.kunstfuerangeln.de\/wp-content\/uploads\/2023\/09\/abrisssparty-1-768x541.jpg 768w, https:\/\/www.kunstfuerangeln.de\/wp-content\/uploads\/2023\/09\/abrisssparty-1-1536x1081.jpg 1536w, https:\/\/www.kunstfuerangeln.de\/wp-content\/uploads\/2023\/09\/abrisssparty-1-2048x1442.jpg 2048w\" sizes=\"auto, (max-width: 1024px) 100vw, 1024px\" \/><\/a><\/figure>\n<\/div>\n<\/div>\n\n\n\n<div class=\"wp-block-buttons is-content-justification-center is-layout-flex wp-container-core-buttons-is-layout-16018d1d wp-block-buttons-is-layout-flex\"><\/div>\n\n\n\n\n","protected":false},"excerpt":{"rendered":"<p>MISCELLANEOUS \u201cI will walk the Camino de Santiago.\u201d This announcement by Volker Masuhr caused head-shaking and bewilderment: what\u2019s that supposed to mean? It quickly becomes clear that the 800 km march will be a challenge\u2014physically, mentally, and socially. For weeks, traveling with nothing more than what he carries on his body will be an entirely [&hellip;]<\/p>\n","protected":false},"author":7,"featured_media":0,"parent":0,"menu_order":0,"comment_status":"closed","ping_status":"closed","template":"","meta":{"_acf_changed":false,"footnotes":""},"class_list":["post-3456","page","type-page","status-publish","hentry"],"acf":[],"_links":{"self":[{"href":"https:\/\/www.kunstfuerangeln.de\/en\/wp-json\/wp\/v2\/pages\/3456","targetHints":{"allow":["GET"]}}],"collection":[{"href":"https:\/\/www.kunstfuerangeln.de\/en\/wp-json\/wp\/v2\/pages"}],"about":[{"href":"https:\/\/www.kunstfuerangeln.de\/en\/wp-json\/wp\/v2\/types\/page"}],"author":[{"embeddable":true,"href":"https:\/\/www.kunstfuerangeln.de\/en\/wp-json\/wp\/v2\/users\/7"}],"replies":[{"embeddable":true,"href":"https:\/\/www.kunstfuerangeln.de\/en\/wp-json\/wp\/v2\/comments?post=3456"}],"version-history":[{"count":9,"href":"https:\/\/www.kunstfuerangeln.de\/en\/wp-json\/wp\/v2\/pages\/3456\/revisions"}],"predecessor-version":[{"id":11709,"href":"https:\/\/www.kunstfuerangeln.de\/en\/wp-json\/wp\/v2\/pages\/3456\/revisions\/11709"}],"wp:attachment":[{"href":"https:\/\/www.kunstfuerangeln.de\/en\/wp-json\/wp\/v2\/media?parent=3456"}],"curies":[{"name":"wp","href":"https:\/\/api.w.org\/{rel}","templated":true}]}}