{"id":5319,"date":"2023-10-09T18:49:05","date_gmt":"2023-10-09T16:49:05","guid":{"rendered":"https:\/\/www.kunstfuerangeln.de\/?page_id=5319"},"modified":"2025-10-12T09:42:37","modified_gmt":"2025-10-12T07:42:37","slug":"art-in-the-school","status":"publish","type":"page","link":"https:\/\/www.kunstfuerangeln.de\/en\/art-in-the-school","title":{"rendered":"ART IN THE SCHOOL"},"content":{"rendered":"\n<h1 class=\"wp-block-heading has-x-large-font-size\">KUNST F\u00dcR ANGELN BRINGS ART TO SCHOOLS<\/h1>\n\n\n\n<p><br \/>At the beginning of 2023, Christine Eisner, teacher at the Nordlicht Schule S\u00fcderbrarup and Ingrid Roosen-Trinks from the Kunst f\u00fcr Angeln association, presented a new cooperation. Original works of art on loan from the Roosen-Trinks Collection to schools with the aim of expanding art classes, inspiring children, making their own versions in workshops and giving their imagination new inspiration! Since 2023 the association shows the results of the children\u2019s artworks twice a year in a separate building called the KIDS ART CLUB and makes them available to the public.<br \/><\/p>\n\n\n\n<figure class=\"wp-block-image size-large\"><img decoding=\"async\" src=\"https:\/\/www.kunstfuerangeln.de\/wp-content\/uploads\/2023\/01\/in-der-schule.jpeg\" alt=\"\"\/><\/figure>\n\n\n\n<p>Photo: Cindy Schm\u00e4decker<br \/>Artists \u00a9\ufe0fHenrik Becker<\/p>\n\n\n\n<div style=\"height:20px\" aria-hidden=\"true\" class=\"wp-block-spacer\"><\/div>\n\n\n\n\n\n\n\n<h1 class=\"wp-block-heading has-x-large-font-size\" id=\"school-proj\">A school becomes a museum: <br \/>contemporary art comes to S\u00fcderbrarup<\/h1>\n\n\n\n<p>The association KUNST F\u00dcR ANGELN  and the Nordlicht Schule S\u00fcderbrarup presented an art premiere at the beginning of 2023 on 11 January in Angeln, the northernmost region of Schleswig-Holstein: The students do not go out to see art but art comes to school.<br \/>On January 11, 2023 the school director Wolfgang Sch\u00e4fing, art teacher Christine Eisner and the board of the association KUNST F\u00dcR ANGELN e.V., Ingrid Roosen-Trinks, presented an exhibition of contemporary art in the corridors of the Nordlicht School with works by the young Flensburg artists Henrik Becker and Thore Bernstein as well as the internationally renowned object &#8211; and installation artist Carsten H\u00f6ller.<br \/>The school as a learning environment thus becomes a meeting place for all pupils of this primary school in S\u00fcderbrarup &#8211; made possible by loans from the association KUNST F\u00dcR ANGELN e.V.<br \/>Art teacher Christine Eisner asserts: &#8220;We are excited to see how our students will adopt this new form of art education on site. In any case, we hope to get inspirations for creative ideas and thoughts, it is therefore an extension of our art classes outside the classroom. \u201c<\/p>\n\n\n\n<div class=\"wp-block-columns is-layout-flex wp-container-core-columns-is-layout-9d6595d7 wp-block-columns-is-layout-flex\">\n<div class=\"wp-block-column is-layout-flow wp-block-column-is-layout-flow\">\n<figure class=\"wp-block-image size-large\"><img decoding=\"async\" src=\"https:\/\/www.kunstfuerangeln.de\/wp-content\/uploads\/2023\/01\/Nordlicht-Schule-IMG_3555-768x1024.jpeg\" alt=\"\"\/><\/figure>\n<\/div>\n\n\n\n<div class=\"wp-block-column is-layout-flow wp-block-column-is-layout-flow\">\n<p>Director Sch\u00e4fing: &#8220;In a world that is dominated by moving images and with its speed robs us of more time than it&#8217;s giving us. Contemplating and dealing with contemporary art offers the opportunity to pause, to take time for creative thoughts, emotions and new perspectives &#8211; and thus to broaden the horizon. We see this new art cooperation as an extension of our educational offers and are pleased to have the artworks with us until Easter 2023. \u201c<br \/><br \/>Ingrid Roosen-Trinks, member of the board of the association KUNST F\u00dcR ANGELN e.V.: &#8220;One year ago, we founded our association KUNST F\u00dcR ANGELN, with the aim of helping students, young persons, seniors and all people, who live, work and go to school in Angeln, allowing access to contemporary art simply and easily &#8211; including exhibitions at the Wittkielhof, workshops with artists and social projects.<br \/>Thanks to the ROOSEN-TRINKS collection, we are also making it possible now to experience contemporary art live on site &#8211; in this case in the Nordlicht primary school &#8211; in the heart of Angeln. We want to offer this offer to other schools in the region.&#8221;<\/p>\n<\/div>\n<\/div>\n\n\n\n<div class=\"wp-block-columns is-layout-flex wp-container-core-columns-is-layout-9d6595d7 wp-block-columns-is-layout-flex\">\n<div class=\"wp-block-column is-layout-flow wp-block-column-is-layout-flow\">\n<p>The premiere in S\u00fcderbrarup was a complete success and the first comments of the students aged 6 &#8211; 10 show how diverse and different art can work and how much the imagination and creative thinking is stimulated.<br \/>For example, the children&#8217;s comments on Thore Bernstein\u2019s photo work &#8220;Wasserturm&#8221;: &#8211; A giant drum as a dwarf sees it, or a plant that has grown very quickly, or a blue corridor with a magic door.<br \/>When asked who would like to become an artist later on, spontaneously 11 fingers up. The art world does not have to worry about a shortage of young talent for the time being.<br \/>By mid-April 2023, the artworks had been integrated into school lessons and invited to get inspired during breaks and workshops. The results will be presented in an exhibition in autumn 2023vby the association KUNST F\u00dcR ANGELN.<br \/>Contact:<br \/>nordlicht-schule.suederbrarup@schule.landsh.de<\/p>\n<\/div>\n\n\n\n<div class=\"wp-block-column is-layout-flow wp-block-column-is-layout-flow\">\n<figure class=\"wp-block-image size-large\"><img decoding=\"async\" src=\"https:\/\/www.kunstfuerangeln.de\/wp-content\/uploads\/2023\/01\/becker-schule.jpg\" alt=\"\"\/><figcaption class=\"wp-element-caption\">Artwork Henrik Becker \u00a9 Sammlung Roosen-Trinks, oil and acrylic on canvas<\/figcaption><\/figure>\n<\/div>\n<\/div>\n\n\n\n<hr class=\"wp-block-separator has-alpha-channel-opacity\"\/>\n\n\n\n<div style=\"height:37px\" aria-hidden=\"true\" class=\"wp-block-spacer\"><\/div>\n\n\n\n<h1 class=\"wp-block-heading has-x-large-font-size\" id=\"secundapro-e\">\u201eSECUNDA\u201c: THE Nordlicht- Schule HOSTS ART FOR THE SECOND TIME<\/h1>\n\n\n\n<p>The ART FOR ANGELN association and the Nordlicht-School in S\u00fcderbrarup opened&nbsp; on April 26 2023 at 10:30 am the second art exhibition with paintings of contemporary art from the ROOSEN-TRINKS Collection.<\/p>\n\n\n\n<p>The artworks shown are by Hendrik Becker, Ulla von Brandenburg, Atsushi Kaga and Carol Wates.<\/p>\n\n\n\n<p>The art teacher Christine Eisner stated: \u201cAfter very successful 3 months with the first loans of artworks from the collection Roosen-Trinks we were able to find that the children of all classes do not longer want to miss the paintings and the resulting artworks done by the students are ready for an exhibition, after having been presented with the originals! Therefore, we are pleased that we can now enrich our art lessons with further loans\u201d<\/p>\n\n\n\n<p>\u201cThe association KUNST F\u00dcR ANGELN and I are proud and happy to give the children another opportunity to turn their creativity and imagination into art! The results of the children\u2019s art will be shown in our planned KINDER KUNST CLUB ANGELN from October on the WITTKIELHOF.,\u201d said Ingrid Roosen- Trinks.<\/p>\n\n\n\n<p>Headmaster Wolfgang Sch\u00e4fing: &#8220;Thanks to the association KUNST F\u00dcR ANGELN, who made these loans possible for the second time! Original contemporary art in school represents an enrichment of school life and teaching.&#8221;<\/p>\n\n\n\n<p>The exhibition was musically opened by Natalie Gudow, who plays the violin passionately and is a dedicated violin teacher of the regional Schleswig-Flensburg Music School.<\/p>\n\n\n\n<p>In this way, pictures can also be created in the head through the music.<\/p>\n\n\n\n<figure class=\"wp-block-gallery has-nested-images columns-default is-cropped wp-block-gallery-1 is-layout-flex wp-block-gallery-is-layout-flex\">\n<figure class=\"wp-block-image size-large\"><img loading=\"lazy\" decoding=\"async\" width=\"683\" height=\"1024\" data-id=\"3848\" src=\"https:\/\/www.kunstfuerangeln.de\/wp-content\/uploads\/2023\/05\/f07f187c-4ec8-470f-af3d-15ecb6ba48c4-683x1024.jpg\" alt=\"\" class=\"wp-image-3848\" srcset=\"https:\/\/www.kunstfuerangeln.de\/wp-content\/uploads\/2023\/05\/f07f187c-4ec8-470f-af3d-15ecb6ba48c4-683x1024.jpg 683w, https:\/\/www.kunstfuerangeln.de\/wp-content\/uploads\/2023\/05\/f07f187c-4ec8-470f-af3d-15ecb6ba48c4-200x300.jpg 200w, https:\/\/www.kunstfuerangeln.de\/wp-content\/uploads\/2023\/05\/f07f187c-4ec8-470f-af3d-15ecb6ba48c4-768x1151.jpg 768w, https:\/\/www.kunstfuerangeln.de\/wp-content\/uploads\/2023\/05\/f07f187c-4ec8-470f-af3d-15ecb6ba48c4-1025x1536.jpg 1025w, https:\/\/www.kunstfuerangeln.de\/wp-content\/uploads\/2023\/05\/f07f187c-4ec8-470f-af3d-15ecb6ba48c4.jpg 1366w\" sizes=\"auto, (max-width: 683px) 100vw, 683px\" \/><\/figure>\n\n\n\n<figure class=\"wp-block-image size-large\"><img loading=\"lazy\" decoding=\"async\" width=\"886\" height=\"666\" data-id=\"3843\" src=\"https:\/\/www.kunstfuerangeln.de\/wp-content\/uploads\/2023\/05\/KunstSchule.jpg\" alt=\"\" class=\"wp-image-3843\" srcset=\"https:\/\/www.kunstfuerangeln.de\/wp-content\/uploads\/2023\/05\/KunstSchule.jpg 886w, https:\/\/www.kunstfuerangeln.de\/wp-content\/uploads\/2023\/05\/KunstSchule-300x226.jpg 300w, https:\/\/www.kunstfuerangeln.de\/wp-content\/uploads\/2023\/05\/KunstSchule-768x577.jpg 768w\" sizes=\"auto, (max-width: 886px) 100vw, 886px\" \/><\/figure>\n<\/figure>\n\n\n\n<div style=\"height:28px\" aria-hidden=\"true\" class=\"wp-block-spacer\"><\/div>\n","protected":false},"excerpt":{"rendered":"<p>KUNST F\u00dcR ANGELN BRINGS ART TO SCHOOLS At the beginning of 2023, Christine Eisner, teacher at the Nordlicht Schule S\u00fcderbrarup and Ingrid Roosen-Trinks from the Kunst f\u00fcr Angeln association, presented a new cooperation. Original works of art on loan from the Roosen-Trinks Collection to schools with the aim of expanding art classes, inspiring children, making [&hellip;]<\/p>\n","protected":false},"author":7,"featured_media":0,"parent":0,"menu_order":0,"comment_status":"closed","ping_status":"closed","template":"","meta":{"_acf_changed":false,"footnotes":""},"class_list":["post-5319","page","type-page","status-publish","hentry"],"acf":[],"_links":{"self":[{"href":"https:\/\/www.kunstfuerangeln.de\/en\/wp-json\/wp\/v2\/pages\/5319","targetHints":{"allow":["GET"]}}],"collection":[{"href":"https:\/\/www.kunstfuerangeln.de\/en\/wp-json\/wp\/v2\/pages"}],"about":[{"href":"https:\/\/www.kunstfuerangeln.de\/en\/wp-json\/wp\/v2\/types\/page"}],"author":[{"embeddable":true,"href":"https:\/\/www.kunstfuerangeln.de\/en\/wp-json\/wp\/v2\/users\/7"}],"replies":[{"embeddable":true,"href":"https:\/\/www.kunstfuerangeln.de\/en\/wp-json\/wp\/v2\/comments?post=5319"}],"version-history":[{"count":5,"href":"https:\/\/www.kunstfuerangeln.de\/en\/wp-json\/wp\/v2\/pages\/5319\/revisions"}],"predecessor-version":[{"id":9664,"href":"https:\/\/www.kunstfuerangeln.de\/en\/wp-json\/wp\/v2\/pages\/5319\/revisions\/9664"}],"wp:attachment":[{"href":"https:\/\/www.kunstfuerangeln.de\/en\/wp-json\/wp\/v2\/media?parent=5319"}],"curies":[{"name":"wp","href":"https:\/\/api.w.org\/{rel}","templated":true}]}}