{"id":7549,"date":"2024-11-10T19:55:37","date_gmt":"2024-11-10T18:55:37","guid":{"rendered":"https:\/\/www.kunstfuerangeln.de\/?page_id=7549"},"modified":"2026-01-17T19:49:24","modified_gmt":"2026-01-17T18:49:24","slug":"light-and-landscape-of-the-north","status":"publish","type":"page","link":"https:\/\/www.kunstfuerangeln.de\/en\/light-and-landscape-of-the-north","title":{"rendered":"LIGHT AND LANDSCAPE OF THE NORTH"},"content":{"rendered":"\n<h1 class=\"wp-block-heading\">LIGHT AND LANDSCAPE IN THE ART OF THE NORTH<\/h1>\n\n\n\n<p class=\"has-medium-font-size\"><strong>The exhibition featured works by Till Warwas, Katharina Duwe, Frank Suplie, Klaus Fu\u00dfmann, Sofie Bird M\u00f8ller, Chili Seitz, Stephen Craig, Maritta Hobe-Gelting, Gert Hein de Visser, Katja B\u00e4r, Kerrin Voges, Thomas Lunau, Martin Askholm, Iris Fridriksdottir, and many more, and was open from April 6th until May 4, 2025<\/strong><\/p>\n\n\n\n <div id=\"slider-block_9024d9668aba14b3e5173a11821fc644\" class=\"swiper-container-wrapper slider\">\n <div class=\"swiper-container\" data-spalten=\"1\" data-autoplay=\"1\" data-delay=\"3500\">\n    <div class=\"swiper-wrapper\">\n      \n\n <div id=\"slide-block_86534fcc52db1d146115b0d8e34338fd\" class=\"swiper-slide slide\">\n    \n\n<figure class=\"wp-block-image size-large\"><img loading=\"lazy\" decoding=\"async\" width=\"1024\" height=\"682\" src=\"https:\/\/www.kunstfuerangeln.de\/wp-content\/uploads\/2025\/05\/slideLICHT-00-1024x682.jpg\" alt=\"\" class=\"wp-image-8747\" srcset=\"https:\/\/www.kunstfuerangeln.de\/wp-content\/uploads\/2025\/05\/slideLICHT-00-1024x682.jpg 1024w, https:\/\/www.kunstfuerangeln.de\/wp-content\/uploads\/2025\/05\/slideLICHT-00-300x200.jpg 300w, https:\/\/www.kunstfuerangeln.de\/wp-content\/uploads\/2025\/05\/slideLICHT-00-768x512.jpg 768w, https:\/\/www.kunstfuerangeln.de\/wp-content\/uploads\/2025\/05\/slideLICHT-00-1536x1023.jpg 1536w, https:\/\/www.kunstfuerangeln.de\/wp-content\/uploads\/2025\/05\/slideLICHT-00.jpg 1600w\" sizes=\"auto, (max-width: 1024px) 100vw, 1024px\" \/><\/figure>\n\n<\/div>\n\n\n\n <div id=\"slide-block_86534fcc52db1d146115b0d8e34338fd\" class=\"swiper-slide slide\">\n    \n\n<figure class=\"wp-block-image size-large\"><img loading=\"lazy\" decoding=\"async\" width=\"1024\" height=\"682\" src=\"https:\/\/www.kunstfuerangeln.de\/wp-content\/uploads\/2025\/05\/slideLICHT-01-1024x682.jpg\" alt=\"\" class=\"wp-image-8749\" srcset=\"https:\/\/www.kunstfuerangeln.de\/wp-content\/uploads\/2025\/05\/slideLICHT-01-1024x682.jpg 1024w, https:\/\/www.kunstfuerangeln.de\/wp-content\/uploads\/2025\/05\/slideLICHT-01-300x200.jpg 300w, https:\/\/www.kunstfuerangeln.de\/wp-content\/uploads\/2025\/05\/slideLICHT-01-768x512.jpg 768w, https:\/\/www.kunstfuerangeln.de\/wp-content\/uploads\/2025\/05\/slideLICHT-01-1536x1023.jpg 1536w, https:\/\/www.kunstfuerangeln.de\/wp-content\/uploads\/2025\/05\/slideLICHT-01.jpg 1600w\" sizes=\"auto, (max-width: 1024px) 100vw, 1024px\" \/><\/figure>\n\n<\/div>\n\n\n\n <div id=\"slide-block_86534fcc52db1d146115b0d8e34338fd\" class=\"swiper-slide slide\">\n    \n\n<figure class=\"wp-block-image size-large\"><img loading=\"lazy\" decoding=\"async\" width=\"1024\" height=\"682\" src=\"https:\/\/www.kunstfuerangeln.de\/wp-content\/uploads\/2025\/05\/slideLICHT-02-1024x682.jpg\" alt=\"\" class=\"wp-image-8751\" srcset=\"https:\/\/www.kunstfuerangeln.de\/wp-content\/uploads\/2025\/05\/slideLICHT-02-1024x682.jpg 1024w, https:\/\/www.kunstfuerangeln.de\/wp-content\/uploads\/2025\/05\/slideLICHT-02-300x200.jpg 300w, https:\/\/www.kunstfuerangeln.de\/wp-content\/uploads\/2025\/05\/slideLICHT-02-768x512.jpg 768w, https:\/\/www.kunstfuerangeln.de\/wp-content\/uploads\/2025\/05\/slideLICHT-02-1536x1023.jpg 1536w, https:\/\/www.kunstfuerangeln.de\/wp-content\/uploads\/2025\/05\/slideLICHT-02.jpg 1600w\" sizes=\"auto, (max-width: 1024px) 100vw, 1024px\" \/><\/figure>\n\n<\/div>\n\n\n\n <div id=\"slide-block_86534fcc52db1d146115b0d8e34338fd\" class=\"swiper-slide slide\">\n    \n\n<figure class=\"wp-block-image size-large\"><img loading=\"lazy\" decoding=\"async\" width=\"1024\" height=\"682\" src=\"https:\/\/www.kunstfuerangeln.de\/wp-content\/uploads\/2025\/05\/slideLICHT-03-1024x682.jpg\" alt=\"\" class=\"wp-image-8755\" srcset=\"https:\/\/www.kunstfuerangeln.de\/wp-content\/uploads\/2025\/05\/slideLICHT-03-1024x682.jpg 1024w, https:\/\/www.kunstfuerangeln.de\/wp-content\/uploads\/2025\/05\/slideLICHT-03-300x200.jpg 300w, https:\/\/www.kunstfuerangeln.de\/wp-content\/uploads\/2025\/05\/slideLICHT-03-768x512.jpg 768w, https:\/\/www.kunstfuerangeln.de\/wp-content\/uploads\/2025\/05\/slideLICHT-03-1536x1023.jpg 1536w, https:\/\/www.kunstfuerangeln.de\/wp-content\/uploads\/2025\/05\/slideLICHT-03.jpg 1600w\" sizes=\"auto, (max-width: 1024px) 100vw, 1024px\" \/><\/figure>\n\n<\/div>\n\n\n\n <div id=\"slide-block_86534fcc52db1d146115b0d8e34338fd\" class=\"swiper-slide slide\">\n    \n\n<figure class=\"wp-block-image size-large\"><img loading=\"lazy\" decoding=\"async\" width=\"1024\" height=\"682\" src=\"https:\/\/www.kunstfuerangeln.de\/wp-content\/uploads\/2025\/05\/slideLICHT-04-1-1024x682.jpg\" alt=\"\" class=\"wp-image-8757\" srcset=\"https:\/\/www.kunstfuerangeln.de\/wp-content\/uploads\/2025\/05\/slideLICHT-04-1-1024x682.jpg 1024w, https:\/\/www.kunstfuerangeln.de\/wp-content\/uploads\/2025\/05\/slideLICHT-04-1-300x200.jpg 300w, https:\/\/www.kunstfuerangeln.de\/wp-content\/uploads\/2025\/05\/slideLICHT-04-1-768x512.jpg 768w, https:\/\/www.kunstfuerangeln.de\/wp-content\/uploads\/2025\/05\/slideLICHT-04-1-1536x1023.jpg 1536w, https:\/\/www.kunstfuerangeln.de\/wp-content\/uploads\/2025\/05\/slideLICHT-04-1.jpg 1600w\" sizes=\"auto, (max-width: 1024px) 100vw, 1024px\" \/><\/figure>\n\n<\/div>\n\n\n\n <div id=\"slide-block_86534fcc52db1d146115b0d8e34338fd\" class=\"swiper-slide slide\">\n    \n\n<figure class=\"wp-block-image size-large\"><img loading=\"lazy\" decoding=\"async\" width=\"1024\" height=\"682\" src=\"https:\/\/www.kunstfuerangeln.de\/wp-content\/uploads\/2025\/05\/slideLICHT-05-1024x682.jpg\" alt=\"\" class=\"wp-image-8759\" srcset=\"https:\/\/www.kunstfuerangeln.de\/wp-content\/uploads\/2025\/05\/slideLICHT-05-1024x682.jpg 1024w, https:\/\/www.kunstfuerangeln.de\/wp-content\/uploads\/2025\/05\/slideLICHT-05-300x200.jpg 300w, https:\/\/www.kunstfuerangeln.de\/wp-content\/uploads\/2025\/05\/slideLICHT-05-768x512.jpg 768w, https:\/\/www.kunstfuerangeln.de\/wp-content\/uploads\/2025\/05\/slideLICHT-05-1536x1023.jpg 1536w, https:\/\/www.kunstfuerangeln.de\/wp-content\/uploads\/2025\/05\/slideLICHT-05.jpg 1600w\" sizes=\"auto, (max-width: 1024px) 100vw, 1024px\" \/><\/figure>\n\n<\/div>\n\n\n\n <div id=\"slide-block_86534fcc52db1d146115b0d8e34338fd\" class=\"swiper-slide slide\">\n    \n\n<figure class=\"wp-block-image size-large\"><img loading=\"lazy\" decoding=\"async\" width=\"1024\" height=\"682\" src=\"https:\/\/www.kunstfuerangeln.de\/wp-content\/uploads\/2025\/05\/slideLICHT-06-1024x682.jpg\" alt=\"\" class=\"wp-image-8761\" srcset=\"https:\/\/www.kunstfuerangeln.de\/wp-content\/uploads\/2025\/05\/slideLICHT-06-1024x682.jpg 1024w, https:\/\/www.kunstfuerangeln.de\/wp-content\/uploads\/2025\/05\/slideLICHT-06-300x200.jpg 300w, https:\/\/www.kunstfuerangeln.de\/wp-content\/uploads\/2025\/05\/slideLICHT-06-768x512.jpg 768w, https:\/\/www.kunstfuerangeln.de\/wp-content\/uploads\/2025\/05\/slideLICHT-06-1536x1023.jpg 1536w, https:\/\/www.kunstfuerangeln.de\/wp-content\/uploads\/2025\/05\/slideLICHT-06.jpg 1600w\" sizes=\"auto, (max-width: 1024px) 100vw, 1024px\" \/><\/figure>\n\n<\/div>\n\n\n\n <div id=\"slide-block_86534fcc52db1d146115b0d8e34338fd\" class=\"swiper-slide slide\">\n    \n\n<figure class=\"wp-block-image size-large\"><img loading=\"lazy\" decoding=\"async\" width=\"1024\" height=\"682\" src=\"https:\/\/www.kunstfuerangeln.de\/wp-content\/uploads\/2025\/05\/slideLICHT-07-1024x682.jpg\" alt=\"\" class=\"wp-image-8763\" srcset=\"https:\/\/www.kunstfuerangeln.de\/wp-content\/uploads\/2025\/05\/slideLICHT-07-1024x682.jpg 1024w, https:\/\/www.kunstfuerangeln.de\/wp-content\/uploads\/2025\/05\/slideLICHT-07-300x200.jpg 300w, https:\/\/www.kunstfuerangeln.de\/wp-content\/uploads\/2025\/05\/slideLICHT-07-768x512.jpg 768w, https:\/\/www.kunstfuerangeln.de\/wp-content\/uploads\/2025\/05\/slideLICHT-07-1536x1023.jpg 1536w, https:\/\/www.kunstfuerangeln.de\/wp-content\/uploads\/2025\/05\/slideLICHT-07.jpg 1600w\" sizes=\"auto, (max-width: 1024px) 100vw, 1024px\" \/><\/figure>\n\n<\/div>\n\n\n\n <div id=\"slide-block_86534fcc52db1d146115b0d8e34338fd\" class=\"swiper-slide slide\">\n    \n\n<figure class=\"wp-block-image size-large\"><img loading=\"lazy\" decoding=\"async\" width=\"1024\" height=\"682\" src=\"https:\/\/www.kunstfuerangeln.de\/wp-content\/uploads\/2025\/05\/slideLICHT-16-1024x682.jpg\" alt=\"\" class=\"wp-image-8781\" srcset=\"https:\/\/www.kunstfuerangeln.de\/wp-content\/uploads\/2025\/05\/slideLICHT-16-1024x682.jpg 1024w, https:\/\/www.kunstfuerangeln.de\/wp-content\/uploads\/2025\/05\/slideLICHT-16-300x200.jpg 300w, https:\/\/www.kunstfuerangeln.de\/wp-content\/uploads\/2025\/05\/slideLICHT-16-768x512.jpg 768w, https:\/\/www.kunstfuerangeln.de\/wp-content\/uploads\/2025\/05\/slideLICHT-16-1536x1023.jpg 1536w, https:\/\/www.kunstfuerangeln.de\/wp-content\/uploads\/2025\/05\/slideLICHT-16.jpg 1600w\" sizes=\"auto, (max-width: 1024px) 100vw, 1024px\" \/><\/figure>\n\n<\/div>\n\n\n\n <div id=\"slide-block_86534fcc52db1d146115b0d8e34338fd\" class=\"swiper-slide slide\">\n    \n\n<figure class=\"wp-block-image size-large\"><img loading=\"lazy\" decoding=\"async\" width=\"1024\" height=\"682\" src=\"https:\/\/www.kunstfuerangeln.de\/wp-content\/uploads\/2025\/05\/slideLICHT-09-1024x682.jpg\" alt=\"\" class=\"wp-image-8767\" srcset=\"https:\/\/www.kunstfuerangeln.de\/wp-content\/uploads\/2025\/05\/slideLICHT-09-1024x682.jpg 1024w, https:\/\/www.kunstfuerangeln.de\/wp-content\/uploads\/2025\/05\/slideLICHT-09-300x200.jpg 300w, https:\/\/www.kunstfuerangeln.de\/wp-content\/uploads\/2025\/05\/slideLICHT-09-768x512.jpg 768w, https:\/\/www.kunstfuerangeln.de\/wp-content\/uploads\/2025\/05\/slideLICHT-09-1536x1023.jpg 1536w, https:\/\/www.kunstfuerangeln.de\/wp-content\/uploads\/2025\/05\/slideLICHT-09.jpg 1600w\" sizes=\"auto, (max-width: 1024px) 100vw, 1024px\" \/><\/figure>\n\n<\/div>\n\n\n\n <div id=\"slide-block_86534fcc52db1d146115b0d8e34338fd\" class=\"swiper-slide slide\">\n    \n\n<figure class=\"wp-block-image size-large\"><img loading=\"lazy\" decoding=\"async\" width=\"1024\" height=\"682\" src=\"https:\/\/www.kunstfuerangeln.de\/wp-content\/uploads\/2025\/05\/slideLICHT-10-1024x682.jpg\" alt=\"\" class=\"wp-image-8769\" srcset=\"https:\/\/www.kunstfuerangeln.de\/wp-content\/uploads\/2025\/05\/slideLICHT-10-1024x682.jpg 1024w, https:\/\/www.kunstfuerangeln.de\/wp-content\/uploads\/2025\/05\/slideLICHT-10-300x200.jpg 300w, https:\/\/www.kunstfuerangeln.de\/wp-content\/uploads\/2025\/05\/slideLICHT-10-768x512.jpg 768w, https:\/\/www.kunstfuerangeln.de\/wp-content\/uploads\/2025\/05\/slideLICHT-10-1536x1023.jpg 1536w, https:\/\/www.kunstfuerangeln.de\/wp-content\/uploads\/2025\/05\/slideLICHT-10.jpg 1600w\" sizes=\"auto, (max-width: 1024px) 100vw, 1024px\" \/><\/figure>\n\n<\/div>\n\n\n\n <div id=\"slide-block_86534fcc52db1d146115b0d8e34338fd\" class=\"swiper-slide slide\">\n    \n\n<figure class=\"wp-block-image size-large\"><img loading=\"lazy\" decoding=\"async\" width=\"1024\" height=\"682\" src=\"https:\/\/www.kunstfuerangeln.de\/wp-content\/uploads\/2025\/05\/slideLICHT-11-1024x682.jpg\" alt=\"\" class=\"wp-image-8771\" srcset=\"https:\/\/www.kunstfuerangeln.de\/wp-content\/uploads\/2025\/05\/slideLICHT-11-1024x682.jpg 1024w, https:\/\/www.kunstfuerangeln.de\/wp-content\/uploads\/2025\/05\/slideLICHT-11-300x200.jpg 300w, https:\/\/www.kunstfuerangeln.de\/wp-content\/uploads\/2025\/05\/slideLICHT-11-768x512.jpg 768w, https:\/\/www.kunstfuerangeln.de\/wp-content\/uploads\/2025\/05\/slideLICHT-11-1536x1023.jpg 1536w, https:\/\/www.kunstfuerangeln.de\/wp-content\/uploads\/2025\/05\/slideLICHT-11.jpg 1600w\" sizes=\"auto, (max-width: 1024px) 100vw, 1024px\" \/><\/figure>\n\n<\/div>\n\n\n\n <div id=\"slide-block_86534fcc52db1d146115b0d8e34338fd\" class=\"swiper-slide slide\">\n    \n\n<figure class=\"wp-block-image size-large\"><img loading=\"lazy\" decoding=\"async\" width=\"1024\" height=\"682\" src=\"https:\/\/www.kunstfuerangeln.de\/wp-content\/uploads\/2025\/05\/slideLICHT-12-1024x682.jpg\" alt=\"\" class=\"wp-image-8773\" srcset=\"https:\/\/www.kunstfuerangeln.de\/wp-content\/uploads\/2025\/05\/slideLICHT-12-1024x682.jpg 1024w, https:\/\/www.kunstfuerangeln.de\/wp-content\/uploads\/2025\/05\/slideLICHT-12-300x200.jpg 300w, https:\/\/www.kunstfuerangeln.de\/wp-content\/uploads\/2025\/05\/slideLICHT-12-768x512.jpg 768w, https:\/\/www.kunstfuerangeln.de\/wp-content\/uploads\/2025\/05\/slideLICHT-12-1536x1023.jpg 1536w, https:\/\/www.kunstfuerangeln.de\/wp-content\/uploads\/2025\/05\/slideLICHT-12.jpg 1600w\" sizes=\"auto, (max-width: 1024px) 100vw, 1024px\" \/><\/figure>\n\n<\/div>\n\n\n\n <div id=\"slide-block_86534fcc52db1d146115b0d8e34338fd\" class=\"swiper-slide slide\">\n    \n\n<figure class=\"wp-block-image size-large\"><img loading=\"lazy\" decoding=\"async\" width=\"1024\" height=\"682\" src=\"https:\/\/www.kunstfuerangeln.de\/wp-content\/uploads\/2025\/05\/slideLICHT-13-1024x682.jpg\" alt=\"\" class=\"wp-image-8775\" srcset=\"https:\/\/www.kunstfuerangeln.de\/wp-content\/uploads\/2025\/05\/slideLICHT-13-1024x682.jpg 1024w, https:\/\/www.kunstfuerangeln.de\/wp-content\/uploads\/2025\/05\/slideLICHT-13-300x200.jpg 300w, https:\/\/www.kunstfuerangeln.de\/wp-content\/uploads\/2025\/05\/slideLICHT-13-768x512.jpg 768w, https:\/\/www.kunstfuerangeln.de\/wp-content\/uploads\/2025\/05\/slideLICHT-13-1536x1023.jpg 1536w, https:\/\/www.kunstfuerangeln.de\/wp-content\/uploads\/2025\/05\/slideLICHT-13.jpg 1600w\" sizes=\"auto, (max-width: 1024px) 100vw, 1024px\" \/><\/figure>\n\n<\/div>\n\n\n\n <div id=\"slide-block_86534fcc52db1d146115b0d8e34338fd\" class=\"swiper-slide slide\">\n    \n\n<figure class=\"wp-block-image size-large\"><img loading=\"lazy\" decoding=\"async\" width=\"1024\" height=\"682\" src=\"https:\/\/www.kunstfuerangeln.de\/wp-content\/uploads\/2025\/05\/slideLICHT-14-1024x682.jpg\" alt=\"\" class=\"wp-image-8777\" srcset=\"https:\/\/www.kunstfuerangeln.de\/wp-content\/uploads\/2025\/05\/slideLICHT-14-1024x682.jpg 1024w, https:\/\/www.kunstfuerangeln.de\/wp-content\/uploads\/2025\/05\/slideLICHT-14-300x200.jpg 300w, https:\/\/www.kunstfuerangeln.de\/wp-content\/uploads\/2025\/05\/slideLICHT-14-768x512.jpg 768w, https:\/\/www.kunstfuerangeln.de\/wp-content\/uploads\/2025\/05\/slideLICHT-14-1536x1023.jpg 1536w, https:\/\/www.kunstfuerangeln.de\/wp-content\/uploads\/2025\/05\/slideLICHT-14.jpg 1600w\" sizes=\"auto, (max-width: 1024px) 100vw, 1024px\" \/><\/figure>\n\n<\/div>\n\n\n\n <div id=\"slide-block_86534fcc52db1d146115b0d8e34338fd\" class=\"swiper-slide slide\">\n    \n\n<figure class=\"wp-block-image size-large\"><img loading=\"lazy\" decoding=\"async\" width=\"1024\" height=\"682\" src=\"https:\/\/www.kunstfuerangeln.de\/wp-content\/uploads\/2025\/05\/slideLICHT-15-1024x682.jpg\" alt=\"\" class=\"wp-image-8779\" srcset=\"https:\/\/www.kunstfuerangeln.de\/wp-content\/uploads\/2025\/05\/slideLICHT-15-1024x682.jpg 1024w, https:\/\/www.kunstfuerangeln.de\/wp-content\/uploads\/2025\/05\/slideLICHT-15-300x200.jpg 300w, https:\/\/www.kunstfuerangeln.de\/wp-content\/uploads\/2025\/05\/slideLICHT-15-768x512.jpg 768w, https:\/\/www.kunstfuerangeln.de\/wp-content\/uploads\/2025\/05\/slideLICHT-15-1536x1023.jpg 1536w, https:\/\/www.kunstfuerangeln.de\/wp-content\/uploads\/2025\/05\/slideLICHT-15.jpg 1600w\" sizes=\"auto, (max-width: 1024px) 100vw, 1024px\" \/><\/figure>\n\n<\/div>\n\n    <\/div>\n<\/div>\n<\/div>\n\n<script>\n\n<\/script>\n\n\n\n<div class=\"wp-block-columns is-layout-flex wp-container-core-columns-is-layout-9d6595d7 wp-block-columns-is-layout-flex\">\n<div class=\"wp-block-column is-layout-flow wp-block-column-is-layout-flow\">\n<div class=\"wp-block-buttons is-layout-flex wp-block-buttons-is-layout-flex\">\n<div class=\"wp-block-button is-style-outline is-style-outline--1\"><a class=\"wp-block-button__link wp-element-button\" href=\"https:\/\/www.kunstfuerangeln.de\/wp-content\/uploads\/2025\/04\/2025_03_KFA_Licht_u_Landschaft_PM.pdf\" target=\"_blank\" rel=\"noreferrer noopener\">PRESS RELEASE<\/a><\/div>\n<\/div>\n<\/div>\n\n\n\n<div class=\"wp-block-column is-layout-flow wp-block-column-is-layout-flow\">\n<div class=\"wp-block-buttons is-layout-flex wp-block-buttons-is-layout-flex\">\n<div class=\"wp-block-button is-style-outline is-style-outline--2\"><a class=\"wp-block-button__link wp-element-button\" href=\"https:\/\/www.kunstfuerangeln.de\/en\/exhibitions\/events\">IMAGES OF THE OPENING<\/a><\/div>\n<\/div>\n<\/div>\n<\/div>\n\n\n\n<hr class=\"wp-block-separator has-alpha-channel-opacity\"\/>\n\n\n\n<p>Surrounded by the North and Baltic Seas, two countries that were discovered early by artists. The triumph of open-air painting already led a large number of well-known painters to the Danish coast and to the North Sea islands of Sylt and F\u00f6hr, which were an epitome of untouched nature. On the Baltic side, artists discovered the endmoraine-shaped landscape of the picturesque fjord near Flensburg and in Denmark. Also in the interior numerous painters settled.<\/p>\n\n\n\n<p><strong>Kunst f\u00fcr Angeln presented a project that aimed to convey the view of the current generation of artists on how much the special light and landscape of the north influence their work.<\/strong><\/p>\n\n\n\n<figure class=\"wp-block-gallery has-nested-images columns-default is-cropped wp-block-gallery-3 is-layout-flex wp-block-gallery-is-layout-flex\">\n<figure class=\"wp-block-image size-large\"><img loading=\"lazy\" decoding=\"async\" width=\"850\" height=\"635\" data-id=\"7520\" src=\"https:\/\/www.kunstfuerangeln.de\/wp-content\/uploads\/2024\/11\/Tobias.jpg\" alt=\"\" class=\"wp-image-7520\" srcset=\"https:\/\/www.kunstfuerangeln.de\/wp-content\/uploads\/2024\/11\/Tobias.jpg 850w, https:\/\/www.kunstfuerangeln.de\/wp-content\/uploads\/2024\/11\/Tobias-300x224.jpg 300w, https:\/\/www.kunstfuerangeln.de\/wp-content\/uploads\/2024\/11\/Tobias-768x574.jpg 768w\" sizes=\"auto, (max-width: 850px) 100vw, 850px\" \/><\/figure>\n\n\n\n<figure class=\"wp-block-image size-large\"><img loading=\"lazy\" decoding=\"async\" width=\"886\" height=\"666\" data-id=\"7522\" src=\"https:\/\/www.kunstfuerangeln.de\/wp-content\/uploads\/2024\/11\/deudan.jpg\" alt=\"\" class=\"wp-image-7522\" srcset=\"https:\/\/www.kunstfuerangeln.de\/wp-content\/uploads\/2024\/11\/deudan.jpg 886w, https:\/\/www.kunstfuerangeln.de\/wp-content\/uploads\/2024\/11\/deudan-300x226.jpg 300w, https:\/\/www.kunstfuerangeln.de\/wp-content\/uploads\/2024\/11\/deudan-768x577.jpg 768w\" sizes=\"auto, (max-width: 886px) 100vw, 886px\" \/><\/figure>\n\n\n\n<figure class=\"wp-block-image size-large\"><img loading=\"lazy\" decoding=\"async\" width=\"886\" height=\"666\" data-id=\"7524\" src=\"https:\/\/www.kunstfuerangeln.de\/wp-content\/uploads\/2024\/11\/8x6-norden-1.jpg\" alt=\"\" class=\"wp-image-7524\" srcset=\"https:\/\/www.kunstfuerangeln.de\/wp-content\/uploads\/2024\/11\/8x6-norden-1.jpg 886w, https:\/\/www.kunstfuerangeln.de\/wp-content\/uploads\/2024\/11\/8x6-norden-1-300x226.jpg 300w, https:\/\/www.kunstfuerangeln.de\/wp-content\/uploads\/2024\/11\/8x6-norden-1-768x577.jpg 768w\" sizes=\"auto, (max-width: 886px) 100vw, 886px\" \/><\/figure>\n\n\n\n<figure class=\"wp-block-image size-large\"><img loading=\"lazy\" decoding=\"async\" width=\"1024\" height=\"474\" data-id=\"7518\" src=\"https:\/\/www.kunstfuerangeln.de\/wp-content\/uploads\/2024\/11\/GALLEraps-1024x474.jpg\" alt=\"\" class=\"wp-image-7518\" srcset=\"https:\/\/www.kunstfuerangeln.de\/wp-content\/uploads\/2024\/11\/GALLEraps-1024x474.jpg 1024w, https:\/\/www.kunstfuerangeln.de\/wp-content\/uploads\/2024\/11\/GALLEraps-300x139.jpg 300w, https:\/\/www.kunstfuerangeln.de\/wp-content\/uploads\/2024\/11\/GALLEraps-768x356.jpg 768w, https:\/\/www.kunstfuerangeln.de\/wp-content\/uploads\/2024\/11\/GALLEraps-1536x712.jpg 1536w, https:\/\/www.kunstfuerangeln.de\/wp-content\/uploads\/2024\/11\/GALLEraps.jpg 1934w\" sizes=\"auto, (max-width: 1024px) 100vw, 1024px\" \/><\/figure>\n<\/figure>\n\n\n\n\n","protected":false},"excerpt":{"rendered":"<p>LIGHT AND LANDSCAPE IN THE ART OF THE NORTH The exhibition featured works by Till Warwas, Katharina Duwe, Frank Suplie, Klaus Fu\u00dfmann, Sofie Bird M\u00f8ller, Chili Seitz, Stephen Craig, Maritta Hobe-Gelting, Gert Hein de Visser, Katja B\u00e4r, Kerrin Voges, Thomas Lunau, Martin Askholm, Iris Fridriksdottir, and many more, and was open from April 6th until [&hellip;]<\/p>\n","protected":false},"author":7,"featured_media":0,"parent":0,"menu_order":0,"comment_status":"closed","ping_status":"closed","template":"","meta":{"_acf_changed":false,"footnotes":""},"class_list":["post-7549","page","type-page","status-publish","hentry"],"acf":[],"_links":{"self":[{"href":"https:\/\/www.kunstfuerangeln.de\/en\/wp-json\/wp\/v2\/pages\/7549","targetHints":{"allow":["GET"]}}],"collection":[{"href":"https:\/\/www.kunstfuerangeln.de\/en\/wp-json\/wp\/v2\/pages"}],"about":[{"href":"https:\/\/www.kunstfuerangeln.de\/en\/wp-json\/wp\/v2\/types\/page"}],"author":[{"embeddable":true,"href":"https:\/\/www.kunstfuerangeln.de\/en\/wp-json\/wp\/v2\/users\/7"}],"replies":[{"embeddable":true,"href":"https:\/\/www.kunstfuerangeln.de\/en\/wp-json\/wp\/v2\/comments?post=7549"}],"version-history":[{"count":10,"href":"https:\/\/www.kunstfuerangeln.de\/en\/wp-json\/wp\/v2\/pages\/7549\/revisions"}],"predecessor-version":[{"id":10461,"href":"https:\/\/www.kunstfuerangeln.de\/en\/wp-json\/wp\/v2\/pages\/7549\/revisions\/10461"}],"wp:attachment":[{"href":"https:\/\/www.kunstfuerangeln.de\/en\/wp-json\/wp\/v2\/media?parent=7549"}],"curies":[{"name":"wp","href":"https:\/\/api.w.org\/{rel}","templated":true}]}}