{"id":8176,"date":"2025-01-22T15:21:28","date_gmt":"2025-01-22T14:21:28","guid":{"rendered":"https:\/\/www.kunstfuerangeln.de\/?page_id=8176"},"modified":"2025-01-22T15:29:43","modified_gmt":"2025-01-22T14:29:43","slug":"miscellaneous-2","status":"publish","type":"page","link":"https:\/\/www.kunstfuerangeln.de\/en\/miscellaneous-2","title":{"rendered":"MISCELLANEOUS"},"content":{"rendered":"\n<h1 class=\"wp-block-heading\">MISCELLANEOUS<\/h1>\n\n\n\n<div class=\"wp-block-columns is-layout-flex wp-container-core-columns-is-layout-9d6595d7 wp-block-columns-is-layout-flex\">\n<div class=\"wp-block-column is-layout-flow wp-block-column-is-layout-flow\">\n<h2 class=\"wp-block-heading\" style=\"font-style:normal;font-weight:800\">THOMAS LUNAU CURATOR<\/h2>\n\n\n\n<figure class=\"wp-block-image size-large\"><img loading=\"lazy\" decoding=\"async\" width=\"863\" height=\"1024\" src=\"https:\/\/www.kunstfuerangeln.de\/wp-content\/uploads\/2025\/01\/THLunau-863x1024.jpg\" alt=\"\" class=\"wp-image-8087\" srcset=\"https:\/\/www.kunstfuerangeln.de\/wp-content\/uploads\/2025\/01\/THLunau-863x1024.jpg 863w, https:\/\/www.kunstfuerangeln.de\/wp-content\/uploads\/2025\/01\/THLunau-253x300.jpg 253w, https:\/\/www.kunstfuerangeln.de\/wp-content\/uploads\/2025\/01\/THLunau-768x911.jpg 768w, https:\/\/www.kunstfuerangeln.de\/wp-content\/uploads\/2025\/01\/THLunau.jpg 1179w\" sizes=\"auto, (max-width: 863px) 100vw, 863px\" \/><\/figure>\n<\/div>\n\n\n\n<div class=\"wp-block-column is-layout-flow wp-block-column-is-layout-flow\">\n<p>KUNST F\u00dcR ANGELN e.V., is pleased to be able to recruit the artist and director of S\u00f8nderjyllands Kunstskole S\u00f8nderborg THOMAS LUNAU as curator for our new German-Danish art project in spring 2025. Opening of the exhibition &#8220;Light &amp; Landscape in the Art of the North&#8221; is on Sunday, 6 April at 14:00 h at KUNST F\u00dcR ANGELN e.V., at the WITTKIELHOF! Open House! Come with friends!<\/p>\n\n\n\n<p> \ud83c\udde9\ud83c\uddf0 KUNST F\u00dcR ANGELN e.V. er glad for at kunne pr\u00e6sentere kunstneren og lederen af S\u00f8nderjyllands Kunstskole S\u00f8nderborg THOMAS LUNAU som kurator for vores nye tysk-danske kunstprojekt i for\u00e5ret 2025. \u00c5bningen af udstillingen &#8220;Lys &amp; Landskab i Kunsten fra Norden&#8221; finder sted s\u00f8ndag den 6. april kl. 14:00 hos KUNST F\u00dcR ANGELN e.V. p\u00e5 WITTKIELHOF! Open House! Kom forbi!<\/p>\n<\/div>\n<\/div>\n\n\n\n<hr class=\"wp-block-separator has-alpha-channel-opacity\"\/>\n\n\n\n<div class=\"wp-block-columns is-layout-flex wp-container-core-columns-is-layout-9d6595d7 wp-block-columns-is-layout-flex\">\n<div class=\"wp-block-column is-layout-flow wp-block-column-is-layout-flow\">\n<h2 class=\"wp-block-heading\" id=\"block-761f68a2-f842-403c-9e13-7bde634801cc\" style=\"font-style:normal;font-weight:800\">FROM THE COLLECTION<\/h2>\n\n\n\n<p>New entry February 2023:<br \/><\/p>\n\n\n\n<figure class=\"wp-block-image size-large\"><img loading=\"lazy\" decoding=\"async\" width=\"1024\" height=\"802\" src=\"https:\/\/www.kunstfuerangeln.de\/wp-content\/uploads\/2023\/02\/Eisbaer-1024x802.jpg\" alt=\"\" class=\"wp-image-3203\" srcset=\"https:\/\/www.kunstfuerangeln.de\/wp-content\/uploads\/2023\/02\/Eisbaer-1024x802.jpg 1024w, https:\/\/www.kunstfuerangeln.de\/wp-content\/uploads\/2023\/02\/Eisbaer-300x235.jpg 300w, https:\/\/www.kunstfuerangeln.de\/wp-content\/uploads\/2023\/02\/Eisbaer-768x602.jpg 768w, https:\/\/www.kunstfuerangeln.de\/wp-content\/uploads\/2023\/02\/Eisbaer.jpg 1225w\" sizes=\"auto, (max-width: 1024px) 100vw, 1024px\" \/><figcaption class=\"wp-element-caption\"><br \/>Anne Lass, Untitled, Chicago, 2005 (Polar Bear), Archival Pigment Print, Diasec, 60 x 75 cm, Courtesy of Anne Lass \u00a9 Anne Lass\/VG Bild-Kunst, Bonn 2023<\/figcaption><\/figure>\n<\/div>\n\n\n\n<div class=\"wp-block-column is-layout-flow wp-block-column-is-layout-flow\">\n<h2 class=\"wp-block-heading\" id=\"block-761f68a2-f842-403c-9e13-7bde634801cc\" style=\"font-style:normal;font-weight:800\">ABOUT THE ARTISTS,<br \/>FROM THE ARTISTS<\/h2>\n\n\n\n<p>Sofie Bird M\u00f8ller talks about <strong>Rolling<\/strong> <strong>Berlin \u2013 an homage to Berlin<\/strong>. The artwork was exposed with other of her works in the exhibition <a href=\"https:\/\/www.kunstfuerangeln.de\/en\/current-exibition\">ART OVERCOMES BOUNDARIES<\/a>. It has been also her contribution to the exhibition <a href=\"https:\/\/www.kunstfuerangeln.de\/en\/exhibitions\/past-exhibitions\">\u201cCity \u2013 Country \u2013 Connectivity\u201d<\/a>, the second exhibition at the Wittkielhof, October-November, 2022.<\/p>\n\n\n\n<div class=\"wp-block-columns is-layout-flex wp-container-core-columns-is-layout-9d6595d7 wp-block-columns-is-layout-flex\">\n<div class=\"wp-block-column is-layout-flow wp-block-column-is-layout-flow\">\n<figure class=\"wp-block-video\"><video height=\"352\" style=\"aspect-ratio: 640 \/ 352;\" width=\"640\" controls src=\"https:\/\/www.kunstfuerangeln.de\/wp-content\/uploads\/2023\/01\/Rollin-Berlin-Sophie-Bird-MUeller.mp4\"><\/video><\/figure>\n<\/div>\n\n\n\n<div class=\"wp-block-column is-layout-flow wp-block-column-is-layout-flow\">\n<figure class=\"wp-block-image size-large\"><img loading=\"lazy\" decoding=\"async\" width=\"1024\" height=\"805\" src=\"https:\/\/www.kunstfuerangeln.de\/wp-content\/uploads\/2023\/01\/rollinBer-886-1024x805.jpg\" alt=\"\" class=\"wp-image-2847\" srcset=\"https:\/\/www.kunstfuerangeln.de\/wp-content\/uploads\/2023\/01\/rollinBer-886-1024x805.jpg 1024w, https:\/\/www.kunstfuerangeln.de\/wp-content\/uploads\/2023\/01\/rollinBer-886-300x236.jpg 300w, https:\/\/www.kunstfuerangeln.de\/wp-content\/uploads\/2023\/01\/rollinBer-886-768x604.jpg 768w, https:\/\/www.kunstfuerangeln.de\/wp-content\/uploads\/2023\/01\/rollinBer-886.jpg 1513w\" sizes=\"auto, (max-width: 1024px) 100vw, 1024px\" \/><\/figure>\n\n\n\n<p class=\"has-small-font-size\"><em>Sofie Bird M\u00f8ller, Rolling Berlin &#8211; an homage to Berlin, Acrylic on postcard, 2022<\/em><\/p>\n<\/div>\n<\/div>\n<\/div>\n<\/div>\n\n\n\n<hr class=\"wp-block-separator has-alpha-channel-opacity\"\/>\n\n\n\n<div class=\"wp-block-columns is-layout-flex wp-container-core-columns-is-layout-9d6595d7 wp-block-columns-is-layout-flex\">\n<div class=\"wp-block-column is-layout-flow wp-block-column-is-layout-flow\">\n<h2 class=\"wp-block-heading\" style=\"font-style:normal;font-weight:800\">KUNST F\u00dcR ANGELN IS HAPPY ABOUT: <br \/>ART IN ANGELN!<\/h2>\n\n\n\n<p>&#8220;Curated Disaster&#8221; by Studio C.A.R.E.Rotterdam, the slightly different &#8220;Demolition Party&#8221;, implemented in the heart of Angeln, at Paddy Boehme in Sterup!<\/p>\n\n\n\n<p><a href=\"https:\/\/www.ardmediathek.de\/video\/Y3JpZDovL25kci5kZS9wcm9wbGFuXzE5NjM0ODYyM19nYW56ZVNlbmR1bmc\">A program by the NDR<\/a><\/p>\n<\/div>\n\n\n\n<div class=\"wp-block-column is-layout-flow wp-block-column-is-layout-flow\">\n<figure class=\"wp-block-image size-large\"><a href=\"https:\/\/www.ardmediathek.de\/video\/Y3JpZDovL25kci5kZS9wcm9wbGFuXzE5NjM0ODYyM19nYW56ZVNlbmR1bmc\" target=\"_blank\" rel=\"noreferrer noopener\"><img loading=\"lazy\" decoding=\"async\" width=\"1024\" height=\"721\" src=\"https:\/\/www.kunstfuerangeln.de\/wp-content\/uploads\/2023\/09\/abrisssparty-1-1024x721.jpg\" alt=\"\" class=\"wp-image-4744\" srcset=\"https:\/\/www.kunstfuerangeln.de\/wp-content\/uploads\/2023\/09\/abrisssparty-1-1024x721.jpg 1024w, https:\/\/www.kunstfuerangeln.de\/wp-content\/uploads\/2023\/09\/abrisssparty-1-300x211.jpg 300w, https:\/\/www.kunstfuerangeln.de\/wp-content\/uploads\/2023\/09\/abrisssparty-1-768x541.jpg 768w, https:\/\/www.kunstfuerangeln.de\/wp-content\/uploads\/2023\/09\/abrisssparty-1-1536x1081.jpg 1536w, https:\/\/www.kunstfuerangeln.de\/wp-content\/uploads\/2023\/09\/abrisssparty-1-2048x1442.jpg 2048w\" sizes=\"auto, (max-width: 1024px) 100vw, 1024px\" \/><\/a><\/figure>\n<\/div>\n<\/div>\n\n\n\n<div class=\"wp-block-buttons is-content-justification-center is-layout-flex wp-container-core-buttons-is-layout-16018d1d wp-block-buttons-is-layout-flex\"><\/div>\n\n\n\n\n","protected":false},"excerpt":{"rendered":"<p>MISCELLANEOUS THOMAS LUNAU CURATOR KUNST F\u00dcR ANGELN e.V., is pleased to be able to recruit the artist and director of S\u00f8nderjyllands Kunstskole S\u00f8nderborg THOMAS LUNAU as curator for our new German-Danish art project in spring 2025. Opening of the exhibition &#8220;Light &amp; Landscape in the Art of the North&#8221; is on Sunday, 6 April at [&hellip;]<\/p>\n","protected":false},"author":7,"featured_media":0,"parent":0,"menu_order":0,"comment_status":"closed","ping_status":"closed","template":"","meta":{"_acf_changed":false,"footnotes":""},"class_list":["post-8176","page","type-page","status-publish","hentry"],"acf":[],"_links":{"self":[{"href":"https:\/\/www.kunstfuerangeln.de\/en\/wp-json\/wp\/v2\/pages\/8176","targetHints":{"allow":["GET"]}}],"collection":[{"href":"https:\/\/www.kunstfuerangeln.de\/en\/wp-json\/wp\/v2\/pages"}],"about":[{"href":"https:\/\/www.kunstfuerangeln.de\/en\/wp-json\/wp\/v2\/types\/page"}],"author":[{"embeddable":true,"href":"https:\/\/www.kunstfuerangeln.de\/en\/wp-json\/wp\/v2\/users\/7"}],"replies":[{"embeddable":true,"href":"https:\/\/www.kunstfuerangeln.de\/en\/wp-json\/wp\/v2\/comments?post=8176"}],"version-history":[{"count":3,"href":"https:\/\/www.kunstfuerangeln.de\/en\/wp-json\/wp\/v2\/pages\/8176\/revisions"}],"predecessor-version":[{"id":8188,"href":"https:\/\/www.kunstfuerangeln.de\/en\/wp-json\/wp\/v2\/pages\/8176\/revisions\/8188"}],"wp:attachment":[{"href":"https:\/\/www.kunstfuerangeln.de\/en\/wp-json\/wp\/v2\/media?parent=8176"}],"curies":[{"name":"wp","href":"https:\/\/api.w.org\/{rel}","templated":true}]}}